{"id":16318,"date":"2024-03-14T00:57:57","date_gmt":"2024-03-14T00:57:57","guid":{"rendered":"https:\/\/stag.lawhiskeria.cr\/?post_type=product&#038;p=16318"},"modified":"2024-10-29T05:11:40","modified_gmt":"2024-10-29T05:11:40","slug":"dewars-12-anos-the-ancestor-750-ml","status":"publish","type":"product","link":"https:\/\/lawhiskeria.cr\/?product=dewars-12-anos-the-ancestor-750-ml","title":{"rendered":"Dewar&#8217;s 12 a\u00f1os &#8220;The Ancestor&#8221; 750 ml."},"content":{"rendered":"","protected":false},"excerpt":{"rendered":"<p><strong>Dewar\u2019s The Ancestor 12 a\u00f1os<\/strong>\u00a0es un whisky elaborado a partir de los m\u00e1s finos whiskis de malta y de grano, los cuales son sometidos a un proceso exclusivo de doble envejecimiento en barricas de roble durante seis meses para alcanzar una mezcla m\u00e1s suave, un sabor m\u00e1s completo y un acabado m\u00e1s duradero.<\/p>\n<p><b>Notas de cata<\/b><\/p>\n<p><strong>Color:\u00a0<\/strong>Oro.<\/p>\n<p><strong>Nariz:\u00a0<\/strong>Aromas a c\u00edtricos, frutas deshidratadas y vainilla.<\/p>\n<p><strong>Gusto:<\/strong>\u00a0Rico y dulce sabor frutal, miel, roble y c\u00edtricos, con buena longitud y peso, dando paso a una sensaci\u00f3n c\u00e1lida y bien equilibrada.<\/p>\n<p><strong>Final:\u00a0<\/strong>Suave y duradero.<\/p>\n<p><strong>ABV 40% 750 ml.<\/strong><\/p>\n","protected":false},"featured_media":16316,"comment_status":"open","ping_status":"closed","template":"","meta":[],"product_brand":[],"product_cat":[71],"product_tag":[153,110],"class_list":{"0":"post-16318","1":"product","2":"type-product","3":"status-publish","4":"has-post-thumbnail","6":"product_cat-blends","7":"product_tag-blend","8":"product_tag-whisky-escoces","10":"first","11":"instock","12":"shipping-taxable","13":"purchasable","14":"product-type-simple"},"_links":{"self":[{"href":"https:\/\/lawhiskeria.cr\/index.php?rest_route=\/wp\/v2\/product\/16318","targetHints":{"allow":["GET"]}}],"collection":[{"href":"https:\/\/lawhiskeria.cr\/index.php?rest_route=\/wp\/v2\/product"}],"about":[{"href":"https:\/\/lawhiskeria.cr\/index.php?rest_route=\/wp\/v2\/types\/product"}],"replies":[{"embeddable":true,"href":"https:\/\/lawhiskeria.cr\/index.php?rest_route=%2Fwp%2Fv2%2Fcomments&post=16318"}],"version-history":[{"count":1,"href":"https:\/\/lawhiskeria.cr\/index.php?rest_route=\/wp\/v2\/product\/16318\/revisions"}],"predecessor-version":[{"id":16319,"href":"https:\/\/lawhiskeria.cr\/index.php?rest_route=\/wp\/v2\/product\/16318\/revisions\/16319"}],"wp:featuredmedia":[{"embeddable":true,"href":"https:\/\/lawhiskeria.cr\/index.php?rest_route=\/wp\/v2\/media\/16316"}],"wp:attachment":[{"href":"https:\/\/lawhiskeria.cr\/index.php?rest_route=%2Fwp%2Fv2%2Fmedia&parent=16318"}],"wp:term":[{"taxonomy":"product_brand","embeddable":true,"href":"https:\/\/lawhiskeria.cr\/index.php?rest_route=%2Fwp%2Fv2%2Fproduct_brand&post=16318"},{"taxonomy":"product_cat","embeddable":true,"href":"https:\/\/lawhiskeria.cr\/index.php?rest_route=%2Fwp%2Fv2%2Fproduct_cat&post=16318"},{"taxonomy":"product_tag","embeddable":true,"href":"https:\/\/lawhiskeria.cr\/index.php?rest_route=%2Fwp%2Fv2%2Fproduct_tag&post=16318"}],"curies":[{"name":"wp","href":"https:\/\/api.w.org\/{rel}","templated":true}]}}