{"id":16315,"date":"2024-03-14T00:55:14","date_gmt":"2024-03-14T00:55:14","guid":{"rendered":"https:\/\/stag.lawhiskeria.cr\/?post_type=product&#038;p=16315"},"modified":"2025-09-03T23:41:40","modified_gmt":"2025-09-03T23:41:40","slug":"dewars-12-anos-the-ancestor-litro","status":"publish","type":"product","link":"https:\/\/lawhiskeria.cr\/?product=dewars-12-anos-the-ancestor-litro","title":{"rendered":"Dewar&#8217;s 12 a\u00f1os &#8220;The Ancestor&#8221; &#8211; Litro"},"content":{"rendered":"","protected":false},"excerpt":{"rendered":"<p><strong>Dewar\u2019s 12 a\u00f1os<\/strong>\u00a0es un whisky elaborado a partir de los m\u00e1s finos whiskis de malta y de grano, los cuales son sometidos a un proceso exclusivo de doble envejecimiento en barricas de roble durante seis meses, consigui\u00e9ndose una mezcla m\u00e1s suave, un sabor m\u00e1s completo y un acabado m\u00e1s duradero.<\/p>\n<p><b>Notas de cata<\/b><\/p>\n<p><strong>Color:\u00a0<\/strong>Oro.<\/p>\n<p><strong>Nariz:<\/strong>\u00a0Aromas a c\u00edtricos, frutas deshidratadas y vainilla.<\/p>\n<p><strong>Gusto:<\/strong>\u00a0Rico y dulce sabor frutal, miel, roble y c\u00edtricos, con buena longitud y peso, dando paso a una sensaci\u00f3n c\u00e1lida y bien equilibrada.<\/p>\n<p><strong>Final:\u00a0<\/strong>Suave y duradero.<\/p>\n<p><strong>ABV 40% 1000 ml.<\/strong><\/p>\n","protected":false},"featured_media":16316,"comment_status":"open","ping_status":"closed","template":"","meta":[],"product_brand":[],"product_cat":[32,71],"product_tag":[153,110],"class_list":{"0":"post-16315","1":"product","2":"type-product","3":"status-publish","4":"has-post-thumbnail","6":"product_cat-whisky","7":"product_cat-blends","8":"product_tag-blend","9":"product_tag-whisky-escoces","11":"first","12":"instock","13":"shipping-taxable","14":"purchasable","15":"product-type-simple"},"_links":{"self":[{"href":"https:\/\/lawhiskeria.cr\/index.php?rest_route=\/wp\/v2\/product\/16315","targetHints":{"allow":["GET"]}}],"collection":[{"href":"https:\/\/lawhiskeria.cr\/index.php?rest_route=\/wp\/v2\/product"}],"about":[{"href":"https:\/\/lawhiskeria.cr\/index.php?rest_route=\/wp\/v2\/types\/product"}],"replies":[{"embeddable":true,"href":"https:\/\/lawhiskeria.cr\/index.php?rest_route=%2Fwp%2Fv2%2Fcomments&post=16315"}],"version-history":[{"count":3,"href":"https:\/\/lawhiskeria.cr\/index.php?rest_route=\/wp\/v2\/product\/16315\/revisions"}],"predecessor-version":[{"id":17736,"href":"https:\/\/lawhiskeria.cr\/index.php?rest_route=\/wp\/v2\/product\/16315\/revisions\/17736"}],"wp:featuredmedia":[{"embeddable":true,"href":"https:\/\/lawhiskeria.cr\/index.php?rest_route=\/wp\/v2\/media\/16316"}],"wp:attachment":[{"href":"https:\/\/lawhiskeria.cr\/index.php?rest_route=%2Fwp%2Fv2%2Fmedia&parent=16315"}],"wp:term":[{"taxonomy":"product_brand","embeddable":true,"href":"https:\/\/lawhiskeria.cr\/index.php?rest_route=%2Fwp%2Fv2%2Fproduct_brand&post=16315"},{"taxonomy":"product_cat","embeddable":true,"href":"https:\/\/lawhiskeria.cr\/index.php?rest_route=%2Fwp%2Fv2%2Fproduct_cat&post=16315"},{"taxonomy":"product_tag","embeddable":true,"href":"https:\/\/lawhiskeria.cr\/index.php?rest_route=%2Fwp%2Fv2%2Fproduct_tag&post=16315"}],"curies":[{"name":"wp","href":"https:\/\/api.w.org\/{rel}","templated":true}]}}