{"id":16312,"date":"2024-03-14T00:51:16","date_gmt":"2024-03-14T00:51:16","guid":{"rendered":"https:\/\/stag.lawhiskeria.cr\/?post_type=product&#038;p=16312"},"modified":"2024-10-29T23:25:23","modified_gmt":"2024-10-29T23:25:23","slug":"cutty-sark-18-anos","status":"publish","type":"product","link":"https:\/\/lawhiskeria.cr\/?product=cutty-sark-18-anos","title":{"rendered":"Cutty Sark 18 a\u00f1os"},"content":{"rendered":"","protected":false},"excerpt":{"rendered":"<p>La maestra mezcladora Kirsteen Campbell (que trabaja desde 2020 para Macallan) seleccion\u00f3 a mano barricas de los mejores whiskies de malta, envejecidos durante un m\u00ednimo de 18 a\u00f1os, de las destiler\u00edas m\u00e1s c\u00e9lebres de Escocia. Luego, mezcl\u00f3 estos whiskies de malta con whiskies de grano de primer nivel de la misma edad y calidad sobresaliente en peque\u00f1os lotes. El resultado es una mezcla magistral, un punto culminante de la gama que resulta bien equilibrado y refinado al paladar, con un final largo y suave.<\/p>\n<p><b>Notas de cata<\/b><\/p>\n<p><strong>Color:\u00a0<\/strong>\u00c1mbar oscuro con reflejos claros y brillantes.<br \/>\n<strong>Aroma:<\/strong>\u00a0C\u00e1scaras de c\u00edtrico, cebada, toques de humo y turba, pastel de frutas, nueces y especies.<br \/>\n<strong>Sabor:<\/strong>\u00a0Rico y especiado, con delicados sabores a az\u00facar, ron y pasas con intensa vainilla.<br \/>\n<strong>Final:\u00a0<\/strong>Largo y suave, acaramelado, con pizcas de cedro.<\/p>\n<p><strong>ABV 43% &#8211; 700 ml.<\/strong><\/p>\n","protected":false},"featured_media":16313,"comment_status":"open","ping_status":"closed","template":"","meta":[],"product_brand":[],"product_cat":[71],"product_tag":[153,110],"class_list":{"0":"post-16312","1":"product","2":"type-product","3":"status-publish","4":"has-post-thumbnail","6":"product_cat-blends","7":"product_tag-blend","8":"product_tag-whisky-escoces","10":"first","11":"outofstock","12":"shipping-taxable","13":"purchasable","14":"product-type-simple"},"_links":{"self":[{"href":"https:\/\/lawhiskeria.cr\/index.php?rest_route=\/wp\/v2\/product\/16312","targetHints":{"allow":["GET"]}}],"collection":[{"href":"https:\/\/lawhiskeria.cr\/index.php?rest_route=\/wp\/v2\/product"}],"about":[{"href":"https:\/\/lawhiskeria.cr\/index.php?rest_route=\/wp\/v2\/types\/product"}],"replies":[{"embeddable":true,"href":"https:\/\/lawhiskeria.cr\/index.php?rest_route=%2Fwp%2Fv2%2Fcomments&post=16312"}],"version-history":[{"count":1,"href":"https:\/\/lawhiskeria.cr\/index.php?rest_route=\/wp\/v2\/product\/16312\/revisions"}],"predecessor-version":[{"id":16314,"href":"https:\/\/lawhiskeria.cr\/index.php?rest_route=\/wp\/v2\/product\/16312\/revisions\/16314"}],"wp:featuredmedia":[{"embeddable":true,"href":"https:\/\/lawhiskeria.cr\/index.php?rest_route=\/wp\/v2\/media\/16313"}],"wp:attachment":[{"href":"https:\/\/lawhiskeria.cr\/index.php?rest_route=%2Fwp%2Fv2%2Fmedia&parent=16312"}],"wp:term":[{"taxonomy":"product_brand","embeddable":true,"href":"https:\/\/lawhiskeria.cr\/index.php?rest_route=%2Fwp%2Fv2%2Fproduct_brand&post=16312"},{"taxonomy":"product_cat","embeddable":true,"href":"https:\/\/lawhiskeria.cr\/index.php?rest_route=%2Fwp%2Fv2%2Fproduct_cat&post=16312"},{"taxonomy":"product_tag","embeddable":true,"href":"https:\/\/lawhiskeria.cr\/index.php?rest_route=%2Fwp%2Fv2%2Fproduct_tag&post=16312"}],"curies":[{"name":"wp","href":"https:\/\/api.w.org\/{rel}","templated":true}]}}