{"id":16301,"date":"2024-03-13T01:06:26","date_gmt":"2024-03-13T01:06:26","guid":{"rendered":"https:\/\/stag.lawhiskeria.cr\/?post_type=product&#038;p=16301"},"modified":"2026-01-01T23:53:29","modified_gmt":"2026-01-01T23:53:29","slug":"compass-box-the-peat-monster","status":"publish","type":"product","link":"https:\/\/lawhiskeria.cr\/?product=compass-box-the-peat-monster","title":{"rendered":"Compass Box The Peat Monster"},"content":{"rendered":"","protected":false},"excerpt":{"rendered":"<p style=\"font-weight: 400;\">En 2019, empezamos a vestir a\u00a0<b><strong>The Peat Monster<\/strong><\/b>\u00a0con una nueva etiqueta. Todos los lotes de The Peat Monster lanzados desde 2019 ahora presentan esta obra de arte especialmente encargada.<\/p>\n<p style=\"font-weight: 400;\">Sigue siendo en gran medida el whisky para aquellos que aman las maltas grandes, ricas y ahumadas, nuestra \u00faltima versi\u00f3n de\u00a0<b><strong>THE PEAT MONSTER<\/strong><\/b>\u00a0es m\u00e1s antigua y elegante que antes.<\/p>\n<p style=\"font-weight: 400;\">Inspirada en los comentarios de los amantes del whisky ahumado, nuestra nueva etiqueta de\u00a0<b><strong>THE PEAT MONSTER<\/strong><\/b>\u00a0incorpora maltas puras con un estilo de ahumado m\u00e1s arom\u00e1tico y elegante. Hemos tratado de conservar la intensidad turbosa por la que se ha celebrado a THE PEAT MONSTER durante mucho tiempo, al mismo tiempo que creamos una profundidad y elegancia nunca vista.<\/p>\n<p style=\"font-weight: 400;\">Los nuevos lotes de\u00a0<b><strong>THE PEAT MONSTER<\/strong><\/b>\u00a0cuentan con un espectro de poderosos sabores costeros, que combinan el ahumado de un fuego de le\u00f1a flotante con notas de turba m\u00e1s medicinales. Las frutas del huerto y la rica cremosidad derivada de la barrica equilibran el humo de m\u00faltiples capas. Es un nuevo paisaje turboso, como muestra la Etiqueta de Pintura.<\/p>\n<p style=\"font-weight: 400;\"><b><strong>Color natural &#8211; Sin filtrado en fr\u00edo &#8211; ABV 46% &#8211; 700 ml.<\/strong><\/b><\/p>\n<p style=\"font-weight: 400;\"><b><strong>Composici\u00f3n del whisky:<\/strong><\/b><\/p>\n<p style=\"font-weight: 400;\"><b><strong>64% de Malta de Caol Ila:<\/strong><\/b>\u00a0Refill Hogshead &#8211; Turba dulce aceitosa con ligeros toques c\u00edtricos.<\/p>\n<p style=\"font-weight: 400;\"><b><strong>35% de Malta de Laphroaig:<\/strong><\/b>\u00a0Refill Hogshead &#8211; Fen\u00f3lico, humo de barbacoa, afrutado.<\/p>\n<p style=\"font-weight: 400;\"><b><strong>1% Highland Malt Blend:<\/strong><\/b>\u00a0Barricas personalizadas de roble franc\u00e9s muy tostadas. Roble, especias, taninos.<\/p>\n<p>Gold &#8211; International Spirits Challenge 2022.<\/p>\n<p>Gold &#8211; The Spirits Business 2022.<\/p>\n<p>Gold &#8211; Whiskies of The World 2021.<\/p>\n<p><strong>Marida con:<\/strong> Quesos de pasta azul, chocolates, ostras&#8230; \u00a1Las combinaciones posibles son variadas! En cuanto al queso, prueba quesos azules m\u00e1s suaves como el Gorgonzola o el Bleu des Causses.<\/p>\n","protected":false},"featured_media":16302,"comment_status":"open","ping_status":"closed","template":"","meta":[],"product_brand":[],"product_cat":[32,71],"product_tag":[153,109,110],"class_list":{"0":"post-16301","1":"product","2":"type-product","3":"status-publish","4":"has-post-thumbnail","6":"product_cat-whisky","7":"product_cat-blends","8":"product_tag-blend","9":"product_tag-escocia","10":"product_tag-whisky-escoces","12":"first","13":"instock","14":"shipping-taxable","15":"purchasable","16":"product-type-simple"},"_links":{"self":[{"href":"https:\/\/lawhiskeria.cr\/index.php?rest_route=\/wp\/v2\/product\/16301","targetHints":{"allow":["GET"]}}],"collection":[{"href":"https:\/\/lawhiskeria.cr\/index.php?rest_route=\/wp\/v2\/product"}],"about":[{"href":"https:\/\/lawhiskeria.cr\/index.php?rest_route=\/wp\/v2\/types\/product"}],"replies":[{"embeddable":true,"href":"https:\/\/lawhiskeria.cr\/index.php?rest_route=%2Fwp%2Fv2%2Fcomments&post=16301"}],"version-history":[{"count":2,"href":"https:\/\/lawhiskeria.cr\/index.php?rest_route=\/wp\/v2\/product\/16301\/revisions"}],"predecessor-version":[{"id":17158,"href":"https:\/\/lawhiskeria.cr\/index.php?rest_route=\/wp\/v2\/product\/16301\/revisions\/17158"}],"wp:featuredmedia":[{"embeddable":true,"href":"https:\/\/lawhiskeria.cr\/index.php?rest_route=\/wp\/v2\/media\/16302"}],"wp:attachment":[{"href":"https:\/\/lawhiskeria.cr\/index.php?rest_route=%2Fwp%2Fv2%2Fmedia&parent=16301"}],"wp:term":[{"taxonomy":"product_brand","embeddable":true,"href":"https:\/\/lawhiskeria.cr\/index.php?rest_route=%2Fwp%2Fv2%2Fproduct_brand&post=16301"},{"taxonomy":"product_cat","embeddable":true,"href":"https:\/\/lawhiskeria.cr\/index.php?rest_route=%2Fwp%2Fv2%2Fproduct_cat&post=16301"},{"taxonomy":"product_tag","embeddable":true,"href":"https:\/\/lawhiskeria.cr\/index.php?rest_route=%2Fwp%2Fv2%2Fproduct_tag&post=16301"}],"curies":[{"name":"wp","href":"https:\/\/api.w.org\/{rel}","templated":true}]}}