{"id":16298,"date":"2024-03-13T01:01:06","date_gmt":"2024-03-13T01:01:06","guid":{"rendered":"https:\/\/stag.lawhiskeria.cr\/?post_type=product&#038;p=16298"},"modified":"2026-01-01T23:27:38","modified_gmt":"2026-01-01T23:27:38","slug":"compass-box-artist-blend","status":"publish","type":"product","link":"https:\/\/lawhiskeria.cr\/?product=compass-box-artist-blend","title":{"rendered":"Compass Box Artist Blend"},"content":{"rendered":"","protected":false},"excerpt":{"rendered":"<p style=\"font-weight: 400;\"><b><strong>Compass Box Artist Blend<\/strong><\/b>\u00a0es un tributo a Edimburgo y a todos los pintores e int\u00e9rpretes, escritores y restauradores que la llaman hogar. La capital de Escocia y el whisky escoc\u00e9s son plataformas ideales para crear cosas hermosas.<\/p>\n<p style=\"font-weight: 400;\">Impregnado con frutosidad y textura, buscando whiskies de malta fragantes (aproximadamente el 55% de la receta) de las Tierras Altas de Escocia. Al combinarlos con whiskies de grano Lowland madurados en barriles de ex-Bourbon, Artist Blend cuenta con una cremosidad y exuberancia que lo convierte en uno de los estilos de whisky escoc\u00e9s m\u00e1s vigorizantes y placenteros.<\/p>\n<p style=\"font-weight: 400;\"><b><strong>PERFIL DE SABOR:\u00a0<\/strong><\/b>Recuerdo a manzana, caramelo salado y especias para hornear, Artist Blend tiene una textura notablemente cremosa de entrada en boca y final largo.<\/p>\n<p style=\"font-weight: 400;\"><b><strong>COLOR:\u00a0<\/strong><\/b>Natural. No filtrado en fr\u00edo.\u00a0<b><strong>ABV 43% &#8211; 700 ml.<\/strong><\/b><\/p>\n<p style=\"font-weight: 400;\"><b><strong>The Cameronbridge Distillery:<\/strong><\/b>\u00a0Barriles de primer llenado de Bourbon. 45% Single Grain Vainilla, Toffee, Crema Pastelera.<\/p>\n<p style=\"font-weight: 400;\"><b><strong>The Linkwood Distillery:<\/strong><\/b>\u00a0Barriles de primer llenado de Bourbon. 22% Single Malt. Lim\u00f3n, flor de manzana, vainilla.<\/p>\n<p style=\"font-weight: 400;\"><b><strong>The Balmenach Distillery:<\/strong><\/b>\u00a0Barriles de primer llenado de Bourbon. 10% Single Malt. Caramelo de mantequilla, naranja, malta.<\/p>\n<p style=\"font-weight: 400;\"><b><strong>The Clynelish Distillery:\u00a0<\/strong><\/b>Barriles de primer llenado de Bourbon. 10% Single Malt. Gelatina de manzana, miel, vainilla.<\/p>\n<p style=\"font-weight: 400;\"><b><strong>The Linkwood Distillery:<\/strong><\/b>\u00a0Botas sazonadas Sherry Palo Cortado. 5% Single Malt. Manzana roja, pasas sultana, Banano.<\/p>\n<p style=\"font-weight: 400;\"><b><strong>*Highland Malt Blend:<\/strong><\/b>\u00a0Barrica de roble franc\u00e9s personalizada (Tostado medio). 8% Blend Malt. Galleta, az\u00facar morena, especias.<\/p>\n<p style=\"font-weight: 400;\">*Nuestra patentada\u00a0<b><strong>&#8216;Highland Malt Blend&#8217;<\/strong><\/b>\u00a0comprende aproximadamente un 60% de whisky de malta de la destiler\u00eda Glen Moray, un 25% de whisky de malta de la destiler\u00eda Tomatin y un 15% de whisky de malta de la destiler\u00eda Balmenach.<\/p>\n<p><iframe loading=\"lazy\" title=\"YouTube video player\" src=\"https:\/\/www.youtube.com\/embed\/pugPFgv1T_A?si=Gtv10zoRSADzwhC9&amp;start=4997\" width=\"560\" height=\"315\" frameborder=\"0\" allowfullscreen=\"allowfullscreen\"><\/iframe><\/p>\n","protected":false},"featured_media":16299,"comment_status":"open","ping_status":"closed","template":"","meta":[],"product_brand":[],"product_cat":[32,71],"product_tag":[153,109,110],"class_list":{"0":"post-16298","1":"product","2":"type-product","3":"status-publish","4":"has-post-thumbnail","6":"product_cat-whisky","7":"product_cat-blends","8":"product_tag-blend","9":"product_tag-escocia","10":"product_tag-whisky-escoces","12":"first","13":"instock","14":"shipping-taxable","15":"purchasable","16":"product-type-simple"},"_links":{"self":[{"href":"https:\/\/lawhiskeria.cr\/index.php?rest_route=\/wp\/v2\/product\/16298","targetHints":{"allow":["GET"]}}],"collection":[{"href":"https:\/\/lawhiskeria.cr\/index.php?rest_route=\/wp\/v2\/product"}],"about":[{"href":"https:\/\/lawhiskeria.cr\/index.php?rest_route=\/wp\/v2\/types\/product"}],"replies":[{"embeddable":true,"href":"https:\/\/lawhiskeria.cr\/index.php?rest_route=%2Fwp%2Fv2%2Fcomments&post=16298"}],"version-history":[{"count":3,"href":"https:\/\/lawhiskeria.cr\/index.php?rest_route=\/wp\/v2\/product\/16298\/revisions"}],"predecessor-version":[{"id":17711,"href":"https:\/\/lawhiskeria.cr\/index.php?rest_route=\/wp\/v2\/product\/16298\/revisions\/17711"}],"wp:featuredmedia":[{"embeddable":true,"href":"https:\/\/lawhiskeria.cr\/index.php?rest_route=\/wp\/v2\/media\/16299"}],"wp:attachment":[{"href":"https:\/\/lawhiskeria.cr\/index.php?rest_route=%2Fwp%2Fv2%2Fmedia&parent=16298"}],"wp:term":[{"taxonomy":"product_brand","embeddable":true,"href":"https:\/\/lawhiskeria.cr\/index.php?rest_route=%2Fwp%2Fv2%2Fproduct_brand&post=16298"},{"taxonomy":"product_cat","embeddable":true,"href":"https:\/\/lawhiskeria.cr\/index.php?rest_route=%2Fwp%2Fv2%2Fproduct_cat&post=16298"},{"taxonomy":"product_tag","embeddable":true,"href":"https:\/\/lawhiskeria.cr\/index.php?rest_route=%2Fwp%2Fv2%2Fproduct_tag&post=16298"}],"curies":[{"name":"wp","href":"https:\/\/api.w.org\/{rel}","templated":true}]}}