{"id":16292,"date":"2024-03-13T00:52:32","date_gmt":"2024-03-13T00:52:32","guid":{"rendered":"https:\/\/stag.lawhiskeria.cr\/?post_type=product&#038;p=16292"},"modified":"2024-10-29T03:21:50","modified_gmt":"2024-10-29T03:21:50","slug":"chivas-regal-18-anos","status":"publish","type":"product","link":"https:\/\/lawhiskeria.cr\/?product=chivas-regal-18-anos","title":{"rendered":"Chivas Regal 18 a\u00f1os"},"content":{"rendered":"","protected":false},"excerpt":{"rendered":"<p>Chivas 18 es un whisky complejo pero refinado. Una incre\u00edble mezcla de 85 notas de sabor en cada gota. Una creaci\u00f3n de nuestro maestro mezclador custodio, con la intenci\u00f3n de crear un whisky escoc\u00e9s perfectamente equilibrado y excepcionalmente suave. De textura aterciopelada, con notas de chocolate negro y aromas de m\u00faltiples matices de frutos secos y toffee mantecoso.<br \/>\nUna excelente mezcla para todos los sentidos.<\/p>\n<p>Notal de cata:<\/p>\n<p>Color: Intenso, \u00e1mbar oscuro.<\/p>\n<p>Olfato: Suntuoso, indulgente, aromas en m\u00faltiples capas que recuerdan frutas secas, toffee de mantequilla y chocolate oscuro.<\/p>\n<p>Sabor: un paladar aterciopelado de chocolate oscuro da paso a elegantes notas florales y un suave ahumado.<\/p>\n<p>Final: Extremadamente c\u00e1lido y largo.<\/p>\n<p><strong>ABV 40% &#8211; 750 ml.<\/strong><\/p>\n","protected":false},"featured_media":16293,"comment_status":"open","ping_status":"closed","template":"","meta":[],"product_brand":[],"product_cat":[71],"product_tag":[153,109,110],"class_list":{"0":"post-16292","1":"product","2":"type-product","3":"status-publish","4":"has-post-thumbnail","6":"product_cat-blends","7":"product_tag-blend","8":"product_tag-escocia","9":"product_tag-whisky-escoces","11":"first","12":"instock","13":"shipping-taxable","14":"purchasable","15":"product-type-simple"},"_links":{"self":[{"href":"https:\/\/lawhiskeria.cr\/index.php?rest_route=\/wp\/v2\/product\/16292","targetHints":{"allow":["GET"]}}],"collection":[{"href":"https:\/\/lawhiskeria.cr\/index.php?rest_route=\/wp\/v2\/product"}],"about":[{"href":"https:\/\/lawhiskeria.cr\/index.php?rest_route=\/wp\/v2\/types\/product"}],"replies":[{"embeddable":true,"href":"https:\/\/lawhiskeria.cr\/index.php?rest_route=%2Fwp%2Fv2%2Fcomments&post=16292"}],"version-history":[{"count":1,"href":"https:\/\/lawhiskeria.cr\/index.php?rest_route=\/wp\/v2\/product\/16292\/revisions"}],"predecessor-version":[{"id":16294,"href":"https:\/\/lawhiskeria.cr\/index.php?rest_route=\/wp\/v2\/product\/16292\/revisions\/16294"}],"wp:featuredmedia":[{"embeddable":true,"href":"https:\/\/lawhiskeria.cr\/index.php?rest_route=\/wp\/v2\/media\/16293"}],"wp:attachment":[{"href":"https:\/\/lawhiskeria.cr\/index.php?rest_route=%2Fwp%2Fv2%2Fmedia&parent=16292"}],"wp:term":[{"taxonomy":"product_brand","embeddable":true,"href":"https:\/\/lawhiskeria.cr\/index.php?rest_route=%2Fwp%2Fv2%2Fproduct_brand&post=16292"},{"taxonomy":"product_cat","embeddable":true,"href":"https:\/\/lawhiskeria.cr\/index.php?rest_route=%2Fwp%2Fv2%2Fproduct_cat&post=16292"},{"taxonomy":"product_tag","embeddable":true,"href":"https:\/\/lawhiskeria.cr\/index.php?rest_route=%2Fwp%2Fv2%2Fproduct_tag&post=16292"}],"curies":[{"name":"wp","href":"https:\/\/api.w.org\/{rel}","templated":true}]}}