{"id":16286,"date":"2024-03-13T00:43:47","date_gmt":"2024-03-13T00:43:47","guid":{"rendered":"https:\/\/stag.lawhiskeria.cr\/?post_type=product&#038;p=16286"},"modified":"2024-10-29T03:24:27","modified_gmt":"2024-10-29T03:24:27","slug":"chivas-regal-13-anos","status":"publish","type":"product","link":"https:\/\/lawhiskeria.cr\/?product=chivas-regal-13-anos","title":{"rendered":"Chivas Regal 13 a\u00f1os Extra Sherry"},"content":{"rendered":"","protected":false},"excerpt":{"rendered":"<p><strong>Madurado selectivamente en barriles Oloroso de primer llenado, el whisky escoc\u00e9s mezclado Chivas Extra-13 Sherry Cask es un whisky muy especial. Esto proporciona una mezcla intensa, rica y maravillosa. Con un profundo aroma, un rico sabor afrutado y generoso en dulzura.<\/strong><\/p>\n<p><strong>Origen: Speyside, Escocia.<\/strong><\/p>\n<p><strong>Tipo de elaboraci\u00f3n: Destilado (doble destilaci\u00f3n).<\/strong><\/p>\n<p><strong>Materia prima base: Cebada Malteada + Otros Cereales.<\/strong><\/p>\n<p><strong>Descripci\u00f3n: Despu\u00e9s de una maduraci\u00f3n selectiva en las barricas de jerez Oloroso, las notas dulces y ricas de nuestra mezcla de Speyside se magnifican, brindando sabores intensos con cada sorbo. Una rica combinaci\u00f3n de peras maduras dulces en alm\u00edbar y caramelo de vainilla, infundido con dulces de canela y almendras crujientes.<\/strong><\/p>\n<p><strong>Modo de consumo: Solo, con hielo, con agua mineral, en c\u00f3cteles.<\/strong><\/p>\n<p><strong>The Modern Dandy: revuelva 30ml Chivas Regal 13, 15ml Ginebra, 10ml Fino Sherry, 20ml jugo de lim\u00f3n, 10ml jarabe de az\u00facar. Un coctel de sabores profundos y arom\u00e1ticas sensaciones.<\/strong><\/p>\n<p><strong>ABV 40% &#8211; 750 ml.<\/strong><\/p>\n","protected":false},"featured_media":16287,"comment_status":"open","ping_status":"closed","template":"","meta":[],"product_brand":[],"product_cat":[71],"product_tag":[153,109,114,110],"class_list":{"0":"post-16286","1":"product","2":"type-product","3":"status-publish","4":"has-post-thumbnail","6":"product_cat-blends","7":"product_tag-blend","8":"product_tag-escocia","9":"product_tag-jerez","10":"product_tag-whisky-escoces","12":"first","13":"instock","14":"shipping-taxable","15":"purchasable","16":"product-type-simple"},"_links":{"self":[{"href":"https:\/\/lawhiskeria.cr\/index.php?rest_route=\/wp\/v2\/product\/16286","targetHints":{"allow":["GET"]}}],"collection":[{"href":"https:\/\/lawhiskeria.cr\/index.php?rest_route=\/wp\/v2\/product"}],"about":[{"href":"https:\/\/lawhiskeria.cr\/index.php?rest_route=\/wp\/v2\/types\/product"}],"replies":[{"embeddable":true,"href":"https:\/\/lawhiskeria.cr\/index.php?rest_route=%2Fwp%2Fv2%2Fcomments&post=16286"}],"version-history":[{"count":2,"href":"https:\/\/lawhiskeria.cr\/index.php?rest_route=\/wp\/v2\/product\/16286\/revisions"}],"predecessor-version":[{"id":17169,"href":"https:\/\/lawhiskeria.cr\/index.php?rest_route=\/wp\/v2\/product\/16286\/revisions\/17169"}],"wp:featuredmedia":[{"embeddable":true,"href":"https:\/\/lawhiskeria.cr\/index.php?rest_route=\/wp\/v2\/media\/16287"}],"wp:attachment":[{"href":"https:\/\/lawhiskeria.cr\/index.php?rest_route=%2Fwp%2Fv2%2Fmedia&parent=16286"}],"wp:term":[{"taxonomy":"product_brand","embeddable":true,"href":"https:\/\/lawhiskeria.cr\/index.php?rest_route=%2Fwp%2Fv2%2Fproduct_brand&post=16286"},{"taxonomy":"product_cat","embeddable":true,"href":"https:\/\/lawhiskeria.cr\/index.php?rest_route=%2Fwp%2Fv2%2Fproduct_cat&post=16286"},{"taxonomy":"product_tag","embeddable":true,"href":"https:\/\/lawhiskeria.cr\/index.php?rest_route=%2Fwp%2Fv2%2Fproduct_tag&post=16286"}],"curies":[{"name":"wp","href":"https:\/\/api.w.org\/{rel}","templated":true}]}}