{"id":16281,"date":"2024-03-13T00:34:40","date_gmt":"2024-03-13T00:34:40","guid":{"rendered":"https:\/\/stag.lawhiskeria.cr\/?post_type=product&#038;p=16281"},"modified":"2024-10-29T03:15:23","modified_gmt":"2024-10-29T03:15:23","slug":"chivas-regal-12-anos","status":"publish","type":"product","link":"https:\/\/lawhiskeria.cr\/?product=chivas-regal-12-anos","title":{"rendered":"Chivas Regal 12 a\u00f1os"},"content":{"rendered":"","protected":false},"excerpt":{"rendered":"<p><strong>Origen:<\/strong> Speyside, Escocia.<br \/>\n<strong>Tipo de producto<\/strong>: Blend Scotch Whisky a\u00f1ejado por m\u00e1s de 12a\u00f1os.<br \/>\n<strong>Tipo de elaboraci\u00f3n:<\/strong> Destilado (doble destilaci\u00f3n).<br \/>\n<strong>Materia prima base:<\/strong> Cebada Malteada + Otros Cereales.<\/p>\n<p><strong>Color:<\/strong> \u00e1mbar radiante se perciben en nariz una infusi\u00f3n arom\u00e1tica de frutas, flores, miel y levemente ahumado. De<strong> sabor<\/strong> balanceado y cremoso, suave, miel, manzanas maduras y avellanas.<br \/>\n<strong>Modo de consumo:<\/strong> Solo, con hielo, con agua mineral, en c\u00f3cteles.<\/p>\n<p><strong>Chivas Cooler:<\/strong> En vaso de Whisky, poner hielo, 1 medida de Chivas Regal 12 A\u00f1os. Completar con gaseosa Ginger Ale y decorar con una o dos rodajas de Lima.<br \/>\n<strong>Chivas Apple:<\/strong> Servir en copa flauta (champagne) hielo escarchado y 1 medida de Chivas Regal 12 A\u00f1os. Completar con jugo de manzana y decorar con una fina rodaja de manzana verde.<\/p>\n<p><strong>ABV 40% &#8211; 750 ml.<\/strong><\/p>\n","protected":false},"featured_media":16282,"comment_status":"open","ping_status":"closed","template":"","meta":[],"product_brand":[],"product_cat":[71],"product_tag":[153,109,110],"class_list":{"0":"post-16281","1":"product","2":"type-product","3":"status-publish","4":"has-post-thumbnail","6":"product_cat-blends","7":"product_tag-blend","8":"product_tag-escocia","9":"product_tag-whisky-escoces","11":"first","12":"instock","13":"shipping-taxable","14":"purchasable","15":"product-type-simple"},"_links":{"self":[{"href":"https:\/\/lawhiskeria.cr\/index.php?rest_route=\/wp\/v2\/product\/16281","targetHints":{"allow":["GET"]}}],"collection":[{"href":"https:\/\/lawhiskeria.cr\/index.php?rest_route=\/wp\/v2\/product"}],"about":[{"href":"https:\/\/lawhiskeria.cr\/index.php?rest_route=\/wp\/v2\/types\/product"}],"replies":[{"embeddable":true,"href":"https:\/\/lawhiskeria.cr\/index.php?rest_route=%2Fwp%2Fv2%2Fcomments&post=16281"}],"version-history":[{"count":2,"href":"https:\/\/lawhiskeria.cr\/index.php?rest_route=\/wp\/v2\/product\/16281\/revisions"}],"predecessor-version":[{"id":17167,"href":"https:\/\/lawhiskeria.cr\/index.php?rest_route=\/wp\/v2\/product\/16281\/revisions\/17167"}],"wp:featuredmedia":[{"embeddable":true,"href":"https:\/\/lawhiskeria.cr\/index.php?rest_route=\/wp\/v2\/media\/16282"}],"wp:attachment":[{"href":"https:\/\/lawhiskeria.cr\/index.php?rest_route=%2Fwp%2Fv2%2Fmedia&parent=16281"}],"wp:term":[{"taxonomy":"product_brand","embeddable":true,"href":"https:\/\/lawhiskeria.cr\/index.php?rest_route=%2Fwp%2Fv2%2Fproduct_brand&post=16281"},{"taxonomy":"product_cat","embeddable":true,"href":"https:\/\/lawhiskeria.cr\/index.php?rest_route=%2Fwp%2Fv2%2Fproduct_cat&post=16281"},{"taxonomy":"product_tag","embeddable":true,"href":"https:\/\/lawhiskeria.cr\/index.php?rest_route=%2Fwp%2Fv2%2Fproduct_tag&post=16281"}],"curies":[{"name":"wp","href":"https:\/\/api.w.org\/{rel}","templated":true}]}}