{"id":16278,"date":"2024-03-13T00:29:35","date_gmt":"2024-03-13T00:29:35","guid":{"rendered":"https:\/\/stag.lawhiskeria.cr\/?post_type=product&#038;p=16278"},"modified":"2025-12-06T03:13:37","modified_gmt":"2025-12-06T03:13:37","slug":"canadian-mist","status":"publish","type":"product","link":"https:\/\/lawhiskeria.cr\/?product=canadian-mist","title":{"rendered":"Canadian Mist"},"content":{"rendered":"","protected":false},"excerpt":{"rendered":"<p style=\"font-weight: 400;\">En 1967,\u00a0<b><strong>Canadian Mist<\/strong><\/b>\u00a0naci\u00f3 en las costas de Georgian Bay, Ontario, hogar de algunas de las aguas m\u00e1s frescas de Am\u00e9rica del Norte. Utilizando granos de primera calidad, tanto la malta de cebada, el centeno y el ma\u00edz se obtienen localmente en Canad\u00e1. Nuestras barricas de roble blanco suavizadas y con esa agua pr\u00edstina, creamos un cl\u00e1sico, no un &#8220;whisky artesanal&#8221;, sino un whisky bien hecho para que todos lo disfruten.<\/p>\n<p style=\"font-weight: 400;\"><b><strong>COLOR:\u00a0<\/strong><\/b>\u00c1mbar dorado<\/p>\n<p style=\"font-weight: 400;\"><b><strong>AROMA:<\/strong><\/b>\u00a0Roble, vainilla, frutas, toque de az\u00facar moreno.<\/p>\n<p style=\"font-weight: 400;\"><b><strong>GUSTO:<\/strong><\/b>\u00a0Suave, ligero, dulce&#8230; luego un poco de roble con presencia de caramelo y especias.<\/p>\n<p style=\"font-weight: 400;\"><b><strong>TERMINAR:\u00a0<\/strong><\/b>Limpio, fresco y suave, mantiene sus notas anteriores.<\/p>\n<p style=\"font-weight: 400;\"><b><strong>ABV 40% &#8211; 750 ml.<\/strong><\/b><\/p>\n<p><iframe loading=\"lazy\" title=\"YouTube video player\" src=\"https:\/\/www.youtube.com\/embed\/-O-rchJgs40?si=ryr-nQR8P7roDMiZ&amp;start=4531\" width=\"560\" height=\"315\" frameborder=\"0\" allowfullscreen=\"allowfullscreen\"><\/iframe><\/p>\n","protected":false},"featured_media":16279,"comment_status":"open","ping_status":"closed","template":"","meta":[],"product_brand":[],"product_cat":[71],"product_tag":[153,184,183],"class_list":{"0":"post-16278","1":"product","2":"type-product","3":"status-publish","4":"has-post-thumbnail","6":"product_cat-blends","7":"product_tag-blend","8":"product_tag-canada","9":"product_tag-whisky-canadiense","11":"first","12":"outofstock","13":"shipping-taxable","14":"purchasable","15":"product-type-simple"},"_links":{"self":[{"href":"https:\/\/lawhiskeria.cr\/index.php?rest_route=\/wp\/v2\/product\/16278","targetHints":{"allow":["GET"]}}],"collection":[{"href":"https:\/\/lawhiskeria.cr\/index.php?rest_route=\/wp\/v2\/product"}],"about":[{"href":"https:\/\/lawhiskeria.cr\/index.php?rest_route=\/wp\/v2\/types\/product"}],"replies":[{"embeddable":true,"href":"https:\/\/lawhiskeria.cr\/index.php?rest_route=%2Fwp%2Fv2%2Fcomments&post=16278"}],"version-history":[{"count":3,"href":"https:\/\/lawhiskeria.cr\/index.php?rest_route=\/wp\/v2\/product\/16278\/revisions"}],"predecessor-version":[{"id":19493,"href":"https:\/\/lawhiskeria.cr\/index.php?rest_route=\/wp\/v2\/product\/16278\/revisions\/19493"}],"wp:featuredmedia":[{"embeddable":true,"href":"https:\/\/lawhiskeria.cr\/index.php?rest_route=\/wp\/v2\/media\/16279"}],"wp:attachment":[{"href":"https:\/\/lawhiskeria.cr\/index.php?rest_route=%2Fwp%2Fv2%2Fmedia&parent=16278"}],"wp:term":[{"taxonomy":"product_brand","embeddable":true,"href":"https:\/\/lawhiskeria.cr\/index.php?rest_route=%2Fwp%2Fv2%2Fproduct_brand&post=16278"},{"taxonomy":"product_cat","embeddable":true,"href":"https:\/\/lawhiskeria.cr\/index.php?rest_route=%2Fwp%2Fv2%2Fproduct_cat&post=16278"},{"taxonomy":"product_tag","embeddable":true,"href":"https:\/\/lawhiskeria.cr\/index.php?rest_route=%2Fwp%2Fv2%2Fproduct_tag&post=16278"}],"curies":[{"name":"wp","href":"https:\/\/api.w.org\/{rel}","templated":true}]}}