{"id":16260,"date":"2024-03-12T23:53:15","date_gmt":"2024-03-12T23:53:15","guid":{"rendered":"https:\/\/stag.lawhiskeria.cr\/?post_type=product&#038;p=16260"},"modified":"2024-10-29T03:06:51","modified_gmt":"2024-10-29T03:06:51","slug":"ballantines-12-anos-2","status":"publish","type":"product","link":"https:\/\/lawhiskeria.cr\/?product=ballantines-12-anos-2","title":{"rendered":"Ballantine&#8217;s 12 a\u00f1os"},"content":{"rendered":"","protected":false},"excerpt":{"rendered":"<p>Al preguntar a Sandy Hyslop, maestro mezclador de Ballantine&#8217;s, sobre cu\u00e1l era su mezcla favorita, respondi\u00f3 sin dudarlo: Ballantine&#8217;s 12 Years. Al menos doce a\u00f1os de envejecimiento son necesarios para que los whiskies que constituyen Ballantine&#8217;s 12 Years permitan expresar sus suaves aromas y sabores de miel y vainilla.<\/p>\n<p>Las tradicionales barricas de bourbon en las que tiene lugar esta maduraci\u00f3n le confieren un delicado color dorado y un car\u00e1cter meloso.<\/p>\n<p>Ballantine&#8217;s 12 Years es un blended muy equilibrado, redondo y suave, de calidad excepcional y sabores complejos.<\/p>\n<p>Este equilibrio caracter\u00edstico lo convierte en una referencia de calidad para los amantes del whisky.<\/p>\n<p>Es un whisky de color y sabor brillante, dorado como la miel, destilado en alambiques de cobre.<\/p>\n<p>Con aromas dulces de roble y final floral, con notas de vainilla.<\/p>\n<p>Este es un whisky de cuerpo cremoso, perfectamente balanceado y refrescante.<\/p>\n<p><strong>ABV 40% &#8211; 750 ml.<\/strong><\/p>\n","protected":false},"featured_media":16255,"comment_status":"open","ping_status":"closed","template":"","meta":[],"product_brand":[],"product_cat":[71],"product_tag":[153],"class_list":{"0":"post-16260","1":"product","2":"type-product","3":"status-publish","4":"has-post-thumbnail","6":"product_cat-blends","7":"product_tag-blend","9":"first","10":"instock","11":"shipping-taxable","12":"purchasable","13":"product-type-simple"},"_links":{"self":[{"href":"https:\/\/lawhiskeria.cr\/index.php?rest_route=\/wp\/v2\/product\/16260","targetHints":{"allow":["GET"]}}],"collection":[{"href":"https:\/\/lawhiskeria.cr\/index.php?rest_route=\/wp\/v2\/product"}],"about":[{"href":"https:\/\/lawhiskeria.cr\/index.php?rest_route=\/wp\/v2\/types\/product"}],"replies":[{"embeddable":true,"href":"https:\/\/lawhiskeria.cr\/index.php?rest_route=%2Fwp%2Fv2%2Fcomments&post=16260"}],"version-history":[{"count":1,"href":"https:\/\/lawhiskeria.cr\/index.php?rest_route=\/wp\/v2\/product\/16260\/revisions"}],"predecessor-version":[{"id":16261,"href":"https:\/\/lawhiskeria.cr\/index.php?rest_route=\/wp\/v2\/product\/16260\/revisions\/16261"}],"wp:featuredmedia":[{"embeddable":true,"href":"https:\/\/lawhiskeria.cr\/index.php?rest_route=\/wp\/v2\/media\/16255"}],"wp:attachment":[{"href":"https:\/\/lawhiskeria.cr\/index.php?rest_route=%2Fwp%2Fv2%2Fmedia&parent=16260"}],"wp:term":[{"taxonomy":"product_brand","embeddable":true,"href":"https:\/\/lawhiskeria.cr\/index.php?rest_route=%2Fwp%2Fv2%2Fproduct_brand&post=16260"},{"taxonomy":"product_cat","embeddable":true,"href":"https:\/\/lawhiskeria.cr\/index.php?rest_route=%2Fwp%2Fv2%2Fproduct_cat&post=16260"},{"taxonomy":"product_tag","embeddable":true,"href":"https:\/\/lawhiskeria.cr\/index.php?rest_route=%2Fwp%2Fv2%2Fproduct_tag&post=16260"}],"curies":[{"name":"wp","href":"https:\/\/api.w.org\/{rel}","templated":true}]}}