{"id":16252,"date":"2024-03-12T23:36:36","date_gmt":"2024-03-12T23:36:36","guid":{"rendered":"https:\/\/stag.lawhiskeria.cr\/?post_type=product&#038;p=16252"},"modified":"2025-10-01T07:33:03","modified_gmt":"2025-10-01T07:33:03","slug":"abasolo-el-whisky-de-mexico","status":"publish","type":"product","link":"https:\/\/lawhiskeria.cr\/?product=abasolo-el-whisky-de-mexico","title":{"rendered":"Abasolo &#8211; El Whisky de M\u00e9xico"},"content":{"rendered":"","protected":false},"excerpt":{"rendered":"<p style=\"font-weight: 400;\">El Whisky de M\u00e9xico, se elabora exclusivamente a partir de ma\u00edz criollo variedad cacahuazintle, 100% mexicano, \u00fanico en sabor, no transg\u00e9nico y cuyo cultivo data de generaciones atr\u00e1s.<\/p>\n<p style=\"font-weight: 400;\">Proviene del epicentro geogr\u00e1fico donde naci\u00f3 el ma\u00edz: los valles de altura del Centro de M\u00e9xico a m\u00e1s de 2 mil msnm. Este ma\u00edz ha sido seleccionado a mano por su distintivo y extraordinario perfil.<\/p>\n<p style=\"font-weight: 400;\">Su sabor exquisito y suave, con notas profundas de ma\u00edz tostado, vainilla y miel que le aportan un car\u00e1cter genuino, nos remite al origen y lo distingue a nivel mundial.<\/p>\n<p style=\"font-weight: 400;\"><strong>ABV 43% &#8211; 750 ml.<\/strong><\/p>\n<p><iframe loading=\"lazy\" title=\"YouTube video player\" src=\"https:\/\/www.youtube.com\/embed\/Hb8_nybUXEE?si=rTytyqRpr7y5apgt&amp;start=4087\" width=\"560\" height=\"315\" frameborder=\"0\" allowfullscreen=\"allowfullscreen\"><\/iframe><\/p>\n","protected":false},"featured_media":16253,"comment_status":"open","ping_status":"closed","template":"","meta":[],"product_brand":[],"product_cat":[32,71],"product_tag":[153,180,182,181],"class_list":{"0":"post-16252","1":"product","2":"type-product","3":"status-publish","4":"has-post-thumbnail","6":"product_cat-whisky","7":"product_cat-blends","8":"product_tag-blend","9":"product_tag-el-whisky-de-mexico","10":"product_tag-mexico","11":"product_tag-whisky-de-maiz","13":"first","14":"instock","15":"shipping-taxable","16":"purchasable","17":"product-type-simple"},"_links":{"self":[{"href":"https:\/\/lawhiskeria.cr\/index.php?rest_route=\/wp\/v2\/product\/16252","targetHints":{"allow":["GET"]}}],"collection":[{"href":"https:\/\/lawhiskeria.cr\/index.php?rest_route=\/wp\/v2\/product"}],"about":[{"href":"https:\/\/lawhiskeria.cr\/index.php?rest_route=\/wp\/v2\/types\/product"}],"replies":[{"embeddable":true,"href":"https:\/\/lawhiskeria.cr\/index.php?rest_route=%2Fwp%2Fv2%2Fcomments&post=16252"}],"version-history":[{"count":3,"href":"https:\/\/lawhiskeria.cr\/index.php?rest_route=\/wp\/v2\/product\/16252\/revisions"}],"predecessor-version":[{"id":18846,"href":"https:\/\/lawhiskeria.cr\/index.php?rest_route=\/wp\/v2\/product\/16252\/revisions\/18846"}],"wp:featuredmedia":[{"embeddable":true,"href":"https:\/\/lawhiskeria.cr\/index.php?rest_route=\/wp\/v2\/media\/16253"}],"wp:attachment":[{"href":"https:\/\/lawhiskeria.cr\/index.php?rest_route=%2Fwp%2Fv2%2Fmedia&parent=16252"}],"wp:term":[{"taxonomy":"product_brand","embeddable":true,"href":"https:\/\/lawhiskeria.cr\/index.php?rest_route=%2Fwp%2Fv2%2Fproduct_brand&post=16252"},{"taxonomy":"product_cat","embeddable":true,"href":"https:\/\/lawhiskeria.cr\/index.php?rest_route=%2Fwp%2Fv2%2Fproduct_cat&post=16252"},{"taxonomy":"product_tag","embeddable":true,"href":"https:\/\/lawhiskeria.cr\/index.php?rest_route=%2Fwp%2Fv2%2Fproduct_tag&post=16252"}],"curies":[{"name":"wp","href":"https:\/\/api.w.org\/{rel}","templated":true}]}}