{"id":16250,"date":"2024-03-11T03:39:49","date_gmt":"2024-03-11T03:39:49","guid":{"rendered":"https:\/\/stag.lawhiskeria.cr\/?post_type=product&#038;p=16250"},"modified":"2025-10-28T03:17:28","modified_gmt":"2025-10-28T03:17:28","slug":"vino-yllera-nueve-meses-tempranillo","status":"publish","type":"product","link":"https:\/\/lawhiskeria.cr\/?product=vino-yllera-nueve-meses-tempranillo","title":{"rendered":"Yllera Nuevemeses Tempranillo"},"content":{"rendered":"","protected":false},"excerpt":{"rendered":"<p style=\"font-weight: 400;\"><b><strong>nuev9meses YLLERA<\/strong><\/b><\/p>\n<p style=\"font-weight: 400;\">Variedad de uva:\u00a0<b><strong>Tempranillo.\u00a0<\/strong><\/b><\/p>\n<p><span style=\"font-weight: 400;\"><b><strong>Edad del vi\u00f1edo:<\/strong><\/b>\u00a020 &#8211; 30 a\u00f1os.<\/span><\/p>\n<p style=\"font-weight: 400;\"><b><strong>Crianza en barrica:<\/strong><\/b>\u00a09 meses en barrica de roble americano y franc\u00e9s<\/p>\n<p style=\"font-weight: 400;\"><b><strong>Elaboraci\u00f3n:\u00a0<\/strong><\/b>Selecci\u00f3n de las mejores uvas de Castilla y Leon. Despalillado, fermentaci\u00f3n alcoh\u00f3lica en presencia de los hollejos durante aproximadamente 3 semanas y control riguroso de la temperatura de fermentaci\u00f3n, no super\u00e1ndose los 20\u00baC. Fermentaci\u00f3n malolactica en dep\u00f3sitos de acero inoxidable y posterior trasiego a barrica de roble donde permanece 9 meses. Una vez finalizada la etapa de crianza, se clarifica ligeramente y estabiliza. Permanece en dep\u00f3sito hasta su embotellado para su posterior crianza en botella.<\/p>\n<p style=\"font-weight: 400;\"><b><strong>Color<\/strong><\/b>\u00a0rojo guinda con tonos azulados. La\u00a0<b><strong>nariz<\/strong><\/b>\u00a0es fragante, con diversidad de tonos frutales (frambuesa, ar\u00e1ndanos, zarzamoras) y especiados (pimienta). Tambi\u00e9n destaca un amable toque de vainilla y tostados, fruto de su paso por la barrica. La\u00a0<b><strong>boca<\/strong><\/b>\u00a0es amplia, larga, agradable. Es un vino sabroso, bien domado, que no deja sentir aristas a su paso, persistente y largo de sabores. En conjunto es un vino muy elegante, f\u00e1cil de beber, suave y armonioso.<\/p>\n<p style=\"font-weight: 400;\"><b><strong>Gastronom\u00eda:<\/strong><\/b>\u00a0Acompa\u00f1a a carnes rojas y blancas, platos de pasta, verduras, barbacoas, embutidos y quesos de media curaci\u00f3n.<\/p>\n<p style=\"font-weight: 400;\">Temperatura de consumo: 14 &#8211; 16 \u00baC. Almacenar a temperatura de entre 12-18\u00baC.<\/p>\n<p style=\"font-weight: 400;\">Se recomienda su consumo dentro de los 5 a\u00f1os siguientes a la fecha de la cosecha.<\/p>\n<p style=\"font-weight: 400;\">Contiene Sulfitos. Apto para veganos.<\/p>\n","protected":false},"featured_media":16210,"comment_status":"open","ping_status":"closed","template":"","meta":[],"product_brand":[],"product_cat":[420,29],"product_tag":[162,149],"class_list":{"0":"post-16250","1":"product","2":"type-product","3":"status-publish","4":"has-post-thumbnail","6":"product_cat-tinto","7":"product_cat-vinos","8":"product_tag-tempranillo","9":"product_tag-vino-espanol","11":"first","12":"instock","13":"shipping-taxable","14":"purchasable","15":"product-type-simple"},"_links":{"self":[{"href":"https:\/\/lawhiskeria.cr\/index.php?rest_route=\/wp\/v2\/product\/16250","targetHints":{"allow":["GET"]}}],"collection":[{"href":"https:\/\/lawhiskeria.cr\/index.php?rest_route=\/wp\/v2\/product"}],"about":[{"href":"https:\/\/lawhiskeria.cr\/index.php?rest_route=\/wp\/v2\/types\/product"}],"replies":[{"embeddable":true,"href":"https:\/\/lawhiskeria.cr\/index.php?rest_route=%2Fwp%2Fv2%2Fcomments&post=16250"}],"version-history":[{"count":3,"href":"https:\/\/lawhiskeria.cr\/index.php?rest_route=\/wp\/v2\/product\/16250\/revisions"}],"predecessor-version":[{"id":17728,"href":"https:\/\/lawhiskeria.cr\/index.php?rest_route=\/wp\/v2\/product\/16250\/revisions\/17728"}],"wp:featuredmedia":[{"embeddable":true,"href":"https:\/\/lawhiskeria.cr\/index.php?rest_route=\/wp\/v2\/media\/16210"}],"wp:attachment":[{"href":"https:\/\/lawhiskeria.cr\/index.php?rest_route=%2Fwp%2Fv2%2Fmedia&parent=16250"}],"wp:term":[{"taxonomy":"product_brand","embeddable":true,"href":"https:\/\/lawhiskeria.cr\/index.php?rest_route=%2Fwp%2Fv2%2Fproduct_brand&post=16250"},{"taxonomy":"product_cat","embeddable":true,"href":"https:\/\/lawhiskeria.cr\/index.php?rest_route=%2Fwp%2Fv2%2Fproduct_cat&post=16250"},{"taxonomy":"product_tag","embeddable":true,"href":"https:\/\/lawhiskeria.cr\/index.php?rest_route=%2Fwp%2Fv2%2Fproduct_tag&post=16250"}],"curies":[{"name":"wp","href":"https:\/\/api.w.org\/{rel}","templated":true}]}}