{"id":16235,"date":"2024-03-11T03:17:05","date_gmt":"2024-03-11T03:17:05","guid":{"rendered":"https:\/\/stag.lawhiskeria.cr\/?post_type=product&#038;p=16235"},"modified":"2025-10-28T02:56:09","modified_gmt":"2025-10-28T02:56:09","slug":"vino-santa-helena-gran-reserva-carmenere","status":"publish","type":"product","link":"https:\/\/lawhiskeria.cr\/?product=vino-santa-helena-gran-reserva-carmenere","title":{"rendered":"Santa Helena Gran Reserva Carmenere"},"content":{"rendered":"","protected":false},"excerpt":{"rendered":"<p style=\"font-weight: 400;\"><b><strong>Santa Helena Gran Reserva Carmenere<\/strong><\/b><\/p>\n<p style=\"font-weight: 400;\"><b><strong>Origen:<\/strong><\/b>\u00a0Elaborado con las mejores uvas Carmen\u00e8re provenientes de los mejores vi\u00f1edos que Vi\u00f1a Santa Helena posee en el Valle de Rapel.<\/p>\n<p style=\"font-weight: 400;\"><b><strong>Color:\u00a0<\/strong><\/b>Rojo con tonos viol\u00e1ceos muy intensos.<\/p>\n<p style=\"font-weight: 400;\"><b><strong>Aroma:<\/strong><\/b>\u00a0Nariz compleja marcada principalmente por frutos negros maduros como mora, cassis por otro lado contiene aroma a grafito, a regaliz y a pimienta blanca. Presenta toques dulces a vainilla y chocolate que en conjunto lo hacen un vino muy gastron\u00f3mico.<\/p>\n<p style=\"font-weight: 400;\"><b><strong>Paladar:<\/strong><\/b>\u00a0Vino de gran volumen y gran estructura en boca. Taninos suaves pero presentes que dan paso a un final persistente y agradable.<\/p>\n<p style=\"font-weight: 400;\"><b><strong>Maridaje:<\/strong><\/b>\u00a0Cerdo, carnes blancas, pastas con salsa de tomates, queso brie.<\/p>\n<p style=\"font-weight: 400;\">Temperatura de servicio: Servir a 16-18\u00b0C.<\/p>\n<p><iframe loading=\"lazy\" title=\"YouTube video player\" src=\"https:\/\/www.youtube.com\/embed\/-OM47iaxmHQ?si=0urt12eDDZ8Y38io&amp;start=3466\" width=\"560\" height=\"315\" frameborder=\"0\" allowfullscreen=\"allowfullscreen\"><\/iframe><\/p>\n","protected":false},"featured_media":16236,"comment_status":"open","ping_status":"closed","template":"","meta":[],"product_brand":[],"product_cat":[420,29],"product_tag":[157,156],"class_list":{"0":"post-16235","1":"product","2":"type-product","3":"status-publish","4":"has-post-thumbnail","6":"product_cat-tinto","7":"product_cat-vinos","8":"product_tag-carmenere","9":"product_tag-vino-chileno","11":"first","12":"instock","13":"shipping-taxable","14":"purchasable","15":"product-type-simple"},"_links":{"self":[{"href":"https:\/\/lawhiskeria.cr\/index.php?rest_route=\/wp\/v2\/product\/16235","targetHints":{"allow":["GET"]}}],"collection":[{"href":"https:\/\/lawhiskeria.cr\/index.php?rest_route=\/wp\/v2\/product"}],"about":[{"href":"https:\/\/lawhiskeria.cr\/index.php?rest_route=\/wp\/v2\/types\/product"}],"replies":[{"embeddable":true,"href":"https:\/\/lawhiskeria.cr\/index.php?rest_route=%2Fwp%2Fv2%2Fcomments&post=16235"}],"version-history":[{"count":4,"href":"https:\/\/lawhiskeria.cr\/index.php?rest_route=\/wp\/v2\/product\/16235\/revisions"}],"predecessor-version":[{"id":17739,"href":"https:\/\/lawhiskeria.cr\/index.php?rest_route=\/wp\/v2\/product\/16235\/revisions\/17739"}],"wp:featuredmedia":[{"embeddable":true,"href":"https:\/\/lawhiskeria.cr\/index.php?rest_route=\/wp\/v2\/media\/16236"}],"wp:attachment":[{"href":"https:\/\/lawhiskeria.cr\/index.php?rest_route=%2Fwp%2Fv2%2Fmedia&parent=16235"}],"wp:term":[{"taxonomy":"product_brand","embeddable":true,"href":"https:\/\/lawhiskeria.cr\/index.php?rest_route=%2Fwp%2Fv2%2Fproduct_brand&post=16235"},{"taxonomy":"product_cat","embeddable":true,"href":"https:\/\/lawhiskeria.cr\/index.php?rest_route=%2Fwp%2Fv2%2Fproduct_cat&post=16235"},{"taxonomy":"product_tag","embeddable":true,"href":"https:\/\/lawhiskeria.cr\/index.php?rest_route=%2Fwp%2Fv2%2Fproduct_tag&post=16235"}],"curies":[{"name":"wp","href":"https:\/\/api.w.org\/{rel}","templated":true}]}}