{"id":16232,"date":"2024-03-11T02:53:49","date_gmt":"2024-03-11T02:53:49","guid":{"rendered":"https:\/\/stag.lawhiskeria.cr\/?post_type=product&#038;p=16232"},"modified":"2026-03-24T02:46:31","modified_gmt":"2026-03-24T02:46:31","slug":"vino-rutini-cabernet-sauvignon-y-merlot","status":"publish","type":"product","link":"https:\/\/lawhiskeria.cr\/?product=vino-rutini-cabernet-sauvignon-y-merlot","title":{"rendered":"Rutini Cabernet Sauvignon y Merlot"},"content":{"rendered":"","protected":false},"excerpt":{"rendered":"<p style=\"font-weight: 400;\">Este tinto nace de una mezcla cl\u00e1sica, de dos de las variedades Bordelesas m\u00e1s famosas del mundo. Un cl\u00e1sico de estas dos nobles variedades.<\/p>\n<p style=\"font-weight: 400;\"><b><strong>Rutini\u00a0<\/strong><\/b>es una de las marcas de vinos m\u00e1s famosas y antiguas en Argentina.<\/p>\n<p style=\"font-weight: 400;\">Este blend (mezcla) es una de las m\u00e1s tradicionales y son dos de las uvas m\u00e1s famosas del mundo.<\/p>\n<p style=\"font-weight: 400;\">Un vino elegante, con ricos sabores a frutos maduros, gran estructura y fineza.<\/p>\n<p style=\"font-weight: 400;\"><b><strong>Nariz:\u00a0<\/strong><\/b>Arom\u00e1tica. Frutas como la cereza, la mora, el higo fresco y las grosellas se presentan. Tambi\u00e9n propone unos delicados recuerdos minerales, clavo y chocolate.<\/p>\n<p style=\"font-weight: 400;\"><b><strong>Boca:<\/strong><\/b>\u00a0Ataque amable. Enriquecedora combinaci\u00f3n de frutos maduros rojos y negros. Le complementan sus c\u00e1lidos taninos, intensidad y equilibrio. Final largo y gustoso.<\/p>\n<p style=\"font-weight: 400;\"><b><strong>Maridaje:<\/strong><\/b>\u00a0Pollo, conejo, pato, cabrito, cuadril, bife, churrasco, lomo y cordero. Quesos maduros.<\/p>\n<p style=\"font-weight: 400;\"><b><strong>Valle de Uco (Mendoza) \u2013 Argentina.<\/strong><\/b><\/p>\n<p style=\"font-weight: 400;\">Mezcla de tinto:\u00a0<b><strong>Cabernet Sauvignon 50% y Merlot 50%.<\/strong><\/b><\/p>\n<p style=\"font-weight: 400;\"><b><strong>\u00a0Crianza:<\/strong><\/b>\u00a0Roble Franc\u00e9s, 12 meses. 750 ml.<\/p>\n<p><iframe loading=\"lazy\" title=\"YouTube video player\" src=\"https:\/\/www.youtube.com\/embed\/UNErRZTuQVs?si=6V3Na-lwKpa9pjma&amp;start=4239\" width=\"560\" height=\"315\" frameborder=\"0\" allowfullscreen=\"allowfullscreen\"><\/iframe><\/p>\n","protected":false},"featured_media":16233,"comment_status":"open","ping_status":"closed","template":"","meta":[],"product_brand":[],"product_cat":[420,29],"product_tag":[153,158,168,151],"class_list":{"0":"post-16232","1":"product","2":"type-product","3":"status-publish","4":"has-post-thumbnail","6":"product_cat-tinto","7":"product_cat-vinos","8":"product_tag-blend","9":"product_tag-cabernet-sauvignon","10":"product_tag-merlot","11":"product_tag-vino-argentino","13":"first","14":"instock","15":"shipping-taxable","16":"purchasable","17":"product-type-simple"},"_links":{"self":[{"href":"https:\/\/lawhiskeria.cr\/index.php?rest_route=\/wp\/v2\/product\/16232","targetHints":{"allow":["GET"]}}],"collection":[{"href":"https:\/\/lawhiskeria.cr\/index.php?rest_route=\/wp\/v2\/product"}],"about":[{"href":"https:\/\/lawhiskeria.cr\/index.php?rest_route=\/wp\/v2\/types\/product"}],"replies":[{"embeddable":true,"href":"https:\/\/lawhiskeria.cr\/index.php?rest_route=%2Fwp%2Fv2%2Fcomments&post=16232"}],"version-history":[{"count":4,"href":"https:\/\/lawhiskeria.cr\/index.php?rest_route=\/wp\/v2\/product\/16232\/revisions"}],"predecessor-version":[{"id":17667,"href":"https:\/\/lawhiskeria.cr\/index.php?rest_route=\/wp\/v2\/product\/16232\/revisions\/17667"}],"wp:featuredmedia":[{"embeddable":true,"href":"https:\/\/lawhiskeria.cr\/index.php?rest_route=\/wp\/v2\/media\/16233"}],"wp:attachment":[{"href":"https:\/\/lawhiskeria.cr\/index.php?rest_route=%2Fwp%2Fv2%2Fmedia&parent=16232"}],"wp:term":[{"taxonomy":"product_brand","embeddable":true,"href":"https:\/\/lawhiskeria.cr\/index.php?rest_route=%2Fwp%2Fv2%2Fproduct_brand&post=16232"},{"taxonomy":"product_cat","embeddable":true,"href":"https:\/\/lawhiskeria.cr\/index.php?rest_route=%2Fwp%2Fv2%2Fproduct_cat&post=16232"},{"taxonomy":"product_tag","embeddable":true,"href":"https:\/\/lawhiskeria.cr\/index.php?rest_route=%2Fwp%2Fv2%2Fproduct_tag&post=16232"}],"curies":[{"name":"wp","href":"https:\/\/api.w.org\/{rel}","templated":true}]}}