{"id":16221,"date":"2024-03-11T02:25:56","date_gmt":"2024-03-11T02:25:56","guid":{"rendered":"https:\/\/stag.lawhiskeria.cr\/?post_type=product&#038;p=16221"},"modified":"2026-03-24T03:50:25","modified_gmt":"2026-03-24T03:50:25","slug":"vino-montes-alpha-syrah","status":"publish","type":"product","link":"https:\/\/lawhiskeria.cr\/?product=vino-montes-alpha-syrah","title":{"rendered":"Montes Alpha Syrah"},"content":{"rendered":"<p style=\"font-weight: 400;\"><b><strong>Montes Alpha Syrah\u00a0<\/strong><\/b>es un sobresaliente y exquisito Syrah, al que le complementa la Cabernet dot\u00e1ndole de una mayor estructura y la Viognier acidez y balance.<\/p>\n<p style=\"font-weight: 400;\">Deliciosa textura, marcados sabores frutosos se presentan bien balanceados con los adquiridos en barrica, en conjunto con una trilog\u00eda bien lograda; acidez-tanino-alcohol, por todo ello es que tendremos un momento muy placentero con este vino.<\/p>\n<p style=\"font-weight: 400;\">Elaborado por la prestigiosa y renombrada Vi\u00f1a Montes, una bodega que se ha posicionado en la mente del consumidor como sin\u00f3nimo de calidad Ultra Premium.<\/p>\n","protected":false},"excerpt":{"rendered":"<p style=\"font-weight: 400;\"><b><strong>Procedencia:\u00a0<\/strong><\/b>Valle de Colchagua \u2013 Chile.<\/p>\n<p style=\"font-weight: 400;\"><b><strong>Variedades:<\/strong><\/b>\u00a0Syrah 90%, Cabernet Sauvignon 7% y Viognier 3%.<\/p>\n<p style=\"font-weight: 400;\"><b><strong>Crianza:<\/strong><\/b>\u00a0Roble Franc\u00e9s de primer y segundo uso, 12 meses (55% del vino).<\/p>\n<p style=\"font-weight: 400;\"><b><strong>Nariz:<\/strong><\/b>\u00a0Arom\u00e1tica. Propone recuerdos a moras, ciruela, ar\u00e1ndanos e higos. Le acompa\u00f1an toques de licor de casis, especias, tabaco, cuero y chocolate negro.<\/p>\n<p style=\"font-weight: 400;\"><b><strong>Boca:<\/strong><\/b>\u00a0Firme en la entrada. El paladar se ve impregnado con sus sabores a frutas y especias. Sus taninos son intensos pero c\u00e1lidos, avanza mostr\u00e1ndose elegante, estructurado, armonioso y complejo. Largo en su final.<\/p>\n<p style=\"font-weight: 400;\"><b><strong>Maridaje:\u00a0<\/strong><\/b>Chuletas de cerdo o cordero, platos de sabores contundentes, especiados, spaghetti con salsa bolo\u00f1esa, carnes rojas en general y quesos semi maduros a maduros.<\/p>\n<p style=\"font-weight: 400;\"><b><strong>Recomendaciones de Guarda:<\/strong><\/b>\u00a0Disfr\u00fatalo de inmediato o guardado por 10 a\u00f1os.<\/p>\n<p><b><strong>PUNTAJE: 92 (2017) WS<\/strong><\/b><\/p>\n<p><iframe loading=\"lazy\" title=\"YouTube video player\" src=\"https:\/\/www.youtube.com\/embed\/zfqS7-B1h3o?si=jH8q2QIZprckkJsF&amp;start=1965\" width=\"560\" height=\"315\" frameborder=\"0\" allowfullscreen=\"allowfullscreen\"><\/iframe><\/p>\n","protected":false},"featured_media":16222,"comment_status":"open","ping_status":"closed","template":"","meta":[],"product_brand":[],"product_cat":[420,29],"product_tag":[158,169,475,156,248],"class_list":{"0":"post-16221","1":"product","2":"type-product","3":"status-publish","4":"has-post-thumbnail","6":"product_cat-tinto","7":"product_cat-vinos","8":"product_tag-cabernet-sauvignon","9":"product_tag-syrah","10":"product_tag-valle-de-colchagua","11":"product_tag-vino-chileno","12":"product_tag-viognier","14":"first","15":"instock","16":"shipping-taxable","17":"purchasable","18":"product-type-simple"},"_links":{"self":[{"href":"https:\/\/lawhiskeria.cr\/index.php?rest_route=\/wp\/v2\/product\/16221","targetHints":{"allow":["GET"]}}],"collection":[{"href":"https:\/\/lawhiskeria.cr\/index.php?rest_route=\/wp\/v2\/product"}],"about":[{"href":"https:\/\/lawhiskeria.cr\/index.php?rest_route=\/wp\/v2\/types\/product"}],"replies":[{"embeddable":true,"href":"https:\/\/lawhiskeria.cr\/index.php?rest_route=%2Fwp%2Fv2%2Fcomments&post=16221"}],"version-history":[{"count":4,"href":"https:\/\/lawhiskeria.cr\/index.php?rest_route=\/wp\/v2\/product\/16221\/revisions"}],"predecessor-version":[{"id":17696,"href":"https:\/\/lawhiskeria.cr\/index.php?rest_route=\/wp\/v2\/product\/16221\/revisions\/17696"}],"wp:featuredmedia":[{"embeddable":true,"href":"https:\/\/lawhiskeria.cr\/index.php?rest_route=\/wp\/v2\/media\/16222"}],"wp:attachment":[{"href":"https:\/\/lawhiskeria.cr\/index.php?rest_route=%2Fwp%2Fv2%2Fmedia&parent=16221"}],"wp:term":[{"taxonomy":"product_brand","embeddable":true,"href":"https:\/\/lawhiskeria.cr\/index.php?rest_route=%2Fwp%2Fv2%2Fproduct_brand&post=16221"},{"taxonomy":"product_cat","embeddable":true,"href":"https:\/\/lawhiskeria.cr\/index.php?rest_route=%2Fwp%2Fv2%2Fproduct_cat&post=16221"},{"taxonomy":"product_tag","embeddable":true,"href":"https:\/\/lawhiskeria.cr\/index.php?rest_route=%2Fwp%2Fv2%2Fproduct_tag&post=16221"}],"curies":[{"name":"wp","href":"https:\/\/api.w.org\/{rel}","templated":true}]}}