{"id":16207,"date":"2024-03-11T01:49:08","date_gmt":"2024-03-11T01:49:08","guid":{"rendered":"https:\/\/stag.lawhiskeria.cr\/?post_type=product&#038;p=16207"},"modified":"2025-10-28T02:11:23","modified_gmt":"2025-10-28T02:11:23","slug":"vino-los-intocables-black-cabernet-bourbon-barrel","status":"publish","type":"product","link":"https:\/\/lawhiskeria.cr\/?product=vino-los-intocables-black-cabernet-bourbon-barrel","title":{"rendered":"Los Intocables Black Cabernet &#8211; Bourbon Barrel"},"content":{"rendered":"","protected":false},"excerpt":{"rendered":"<p style=\"font-weight: 400;\"><b><strong>BLACK CABERNET \u2013 Bourbon Barrel<\/strong><\/b><\/p>\n<p style=\"font-weight: 400;\">Sus uvas Cabernet Sauvignon provienen de una cuidadosa selecci\u00f3n de parcelas, con muy bajo rendimiento de racimos por planta. Luego de un innovador proceso de elaboraci\u00f3n, que contempla una maduraci\u00f3n del vino de 12 meses en barricas de roble Bourbon, aporta notas a humo, caramelo, chocolate y miel.<\/p>\n<p style=\"font-weight: 400;\">De color rojizo profundo con matices negros.<\/p>\n<p style=\"font-weight: 400;\">En boca, el tostado medio, otorga sabores a vainilla y a pimientos asados.<\/p>\n<p style=\"font-weight: 400;\">De final dulce, complejo y largo.<\/p>\n<p style=\"font-weight: 400;\">ABV 13.5% &#8211; 750 ml.<\/p>\n<p style=\"font-weight: 400;\">Argentina, Vi\u00f1edos: Valle de Pedernal y Zonda, Cuyo.<\/p>\n<p><iframe loading=\"lazy\" title=\"YouTube video player\" src=\"https:\/\/www.youtube.com\/embed\/XXMS41O0qnA?si=aw1Dv9DpL3sm-PRd&amp;start=4027\" width=\"560\" height=\"315\" frameborder=\"0\" allowfullscreen=\"allowfullscreen\"><\/iframe><\/p>\n","protected":false},"featured_media":16189,"comment_status":"open","ping_status":"closed","template":"","meta":[],"product_brand":[],"product_cat":[420,29],"product_tag":[172,158,151],"class_list":{"0":"post-16207","1":"product","2":"type-product","3":"status-publish","4":"has-post-thumbnail","6":"product_cat-tinto","7":"product_cat-vinos","8":"product_tag-bourbon-barrel","9":"product_tag-cabernet-sauvignon","10":"product_tag-vino-argentino","12":"first","13":"instock","14":"shipping-taxable","15":"purchasable","16":"product-type-simple"},"_links":{"self":[{"href":"https:\/\/lawhiskeria.cr\/index.php?rest_route=\/wp\/v2\/product\/16207","targetHints":{"allow":["GET"]}}],"collection":[{"href":"https:\/\/lawhiskeria.cr\/index.php?rest_route=\/wp\/v2\/product"}],"about":[{"href":"https:\/\/lawhiskeria.cr\/index.php?rest_route=\/wp\/v2\/types\/product"}],"replies":[{"embeddable":true,"href":"https:\/\/lawhiskeria.cr\/index.php?rest_route=%2Fwp%2Fv2%2Fcomments&post=16207"}],"version-history":[{"count":3,"href":"https:\/\/lawhiskeria.cr\/index.php?rest_route=\/wp\/v2\/product\/16207\/revisions"}],"predecessor-version":[{"id":17781,"href":"https:\/\/lawhiskeria.cr\/index.php?rest_route=\/wp\/v2\/product\/16207\/revisions\/17781"}],"wp:featuredmedia":[{"embeddable":true,"href":"https:\/\/lawhiskeria.cr\/index.php?rest_route=\/wp\/v2\/media\/16189"}],"wp:attachment":[{"href":"https:\/\/lawhiskeria.cr\/index.php?rest_route=%2Fwp%2Fv2%2Fmedia&parent=16207"}],"wp:term":[{"taxonomy":"product_brand","embeddable":true,"href":"https:\/\/lawhiskeria.cr\/index.php?rest_route=%2Fwp%2Fv2%2Fproduct_brand&post=16207"},{"taxonomy":"product_cat","embeddable":true,"href":"https:\/\/lawhiskeria.cr\/index.php?rest_route=%2Fwp%2Fv2%2Fproduct_cat&post=16207"},{"taxonomy":"product_tag","embeddable":true,"href":"https:\/\/lawhiskeria.cr\/index.php?rest_route=%2Fwp%2Fv2%2Fproduct_tag&post=16207"}],"curies":[{"name":"wp","href":"https:\/\/api.w.org\/{rel}","templated":true}]}}