{"id":16177,"date":"2024-03-11T00:56:56","date_gmt":"2024-03-11T00:56:56","guid":{"rendered":"https:\/\/stag.lawhiskeria.cr\/?post_type=product&#038;p=16177"},"modified":"2026-03-24T03:02:03","modified_gmt":"2026-03-24T03:02:03","slug":"vino-emilio-moro-malleolus-de-sancho-martin","status":"publish","type":"product","link":"https:\/\/lawhiskeria.cr\/?product=vino-emilio-moro-malleolus-de-sancho-martin","title":{"rendered":"Emilio Moro Malleolus de Sancho Martin"},"content":{"rendered":"","protected":false},"excerpt":{"rendered":"<p style=\"font-weight: 400;\">Un vino memorable y digno de los momentos \u00fanicos y m\u00e1s especiales\u2026\u00a0\u00a0Me hace recordar gratas e inolvidables experiencias\u2026 Me hace traspasar fronteras, me llena de emociones. Su car\u00e1cter de fineza y elegancia lo marca el suelo calc\u00e1reo sobre el cual esta cultivado el peque\u00f1o (0,85 ha) y viejo (plantado en 1964) vi\u00f1edo o pago de Sanchomart\u00edn (de ah\u00ed su nombre), en el que se obtiene una limitada producci\u00f3n de racimos.<\/p>\n<p style=\"font-weight: 400;\">Procedencia:\u00a0<b><strong>DO Ribera del Duero \u2013 Espa\u00f1a.<\/strong><\/b><\/p>\n<p style=\"font-weight: 400;\">Variedad(es):\u00a0<b><strong>Tinto Fino 100%.<\/strong><\/b><\/p>\n<p style=\"font-weight: 400;\">Crianza:\u00a0<b><strong>Roble Franc\u00e9s, 18 meses y fermentaci\u00f3n Malol\u00e1ctica (doble Barrica).<\/strong><\/b><\/p>\n<p style=\"font-weight: 400;\"><b><strong>Nariz:<\/strong><\/b>\u00a0Explosiva, nos deleitaran los recuerdos a moras, grosellas y regaliz, con sutiles notas florales y un exquisito fondo bals\u00e1mico.<\/p>\n<p style=\"font-weight: 400;\"><b><strong>Boca:<\/strong><\/b>\u00a0Impresionante sedosidad en su entrada. Recorre entreg\u00e1ndonos un equilibrio envidiable, taninos c\u00e1lidos, goloso, intenso, penetrante, su fineza y redondez culminaran en una larga persistencia.<\/p>\n<p style=\"font-weight: 400;\"><b><strong>Maridaje:<\/strong><\/b>\u00a0Carnes rojas (con grasa), la caza, el cordero y los quesos maduros. Y en las ocasiones m\u00e1s memorables.<\/p>\n","protected":false},"featured_media":16171,"comment_status":"open","ping_status":"closed","template":"","meta":[],"product_brand":[],"product_cat":[420,29],"product_tag":[249,162,161,149],"class_list":{"0":"post-16177","1":"product","2":"type-product","3":"status-publish","4":"has-post-thumbnail","6":"product_cat-tinto","7":"product_cat-vinos","8":"product_tag-ribera-del-duero","9":"product_tag-tempranillo","10":"product_tag-tinto-fino","11":"product_tag-vino-espanol","13":"first","14":"instock","15":"shipping-taxable","16":"purchasable","17":"product-type-simple"},"_links":{"self":[{"href":"https:\/\/lawhiskeria.cr\/index.php?rest_route=\/wp\/v2\/product\/16177","targetHints":{"allow":["GET"]}}],"collection":[{"href":"https:\/\/lawhiskeria.cr\/index.php?rest_route=\/wp\/v2\/product"}],"about":[{"href":"https:\/\/lawhiskeria.cr\/index.php?rest_route=\/wp\/v2\/types\/product"}],"replies":[{"embeddable":true,"href":"https:\/\/lawhiskeria.cr\/index.php?rest_route=%2Fwp%2Fv2%2Fcomments&post=16177"}],"version-history":[{"count":3,"href":"https:\/\/lawhiskeria.cr\/index.php?rest_route=\/wp\/v2\/product\/16177\/revisions"}],"predecessor-version":[{"id":17680,"href":"https:\/\/lawhiskeria.cr\/index.php?rest_route=\/wp\/v2\/product\/16177\/revisions\/17680"}],"wp:featuredmedia":[{"embeddable":true,"href":"https:\/\/lawhiskeria.cr\/index.php?rest_route=\/wp\/v2\/media\/16171"}],"wp:attachment":[{"href":"https:\/\/lawhiskeria.cr\/index.php?rest_route=%2Fwp%2Fv2%2Fmedia&parent=16177"}],"wp:term":[{"taxonomy":"product_brand","embeddable":true,"href":"https:\/\/lawhiskeria.cr\/index.php?rest_route=%2Fwp%2Fv2%2Fproduct_brand&post=16177"},{"taxonomy":"product_cat","embeddable":true,"href":"https:\/\/lawhiskeria.cr\/index.php?rest_route=%2Fwp%2Fv2%2Fproduct_cat&post=16177"},{"taxonomy":"product_tag","embeddable":true,"href":"https:\/\/lawhiskeria.cr\/index.php?rest_route=%2Fwp%2Fv2%2Fproduct_tag&post=16177"}],"curies":[{"name":"wp","href":"https:\/\/api.w.org\/{rel}","templated":true}]}}