{"id":16154,"date":"2024-03-11T00:24:32","date_gmt":"2024-03-11T00:24:32","guid":{"rendered":"https:\/\/stag.lawhiskeria.cr\/?post_type=product&#038;p=16154"},"modified":"2025-10-28T00:13:00","modified_gmt":"2025-10-28T00:13:00","slug":"vino-chateau-haut-maginet-aoc-bordeaux","status":"publish","type":"product","link":"https:\/\/lawhiskeria.cr\/?product=vino-chateau-haut-maginet-aoc-bordeaux","title":{"rendered":"Ch\u00e2teau Haut-Maginet AOC Bordeaux"},"content":{"rendered":"<p style=\"font-weight: 400;\">El<b><strong>\u00a0Ch\u00e2teau Haut-Maginet,<\/strong><\/b>\u00a0propiedad vit\u00edcola de la\u00a0<b><strong>familia Jolivet<\/strong><\/b>, se sit\u00faa en la parte de\u00a0<b><strong>Entre-Deux-Mer<\/strong><\/b>, en Bordeaux. Aqu\u00ed, producen vinos de gran calidad desde hace cuatro generaciones. Poco a poco, modernizaron\u00a0\u00a0sus t\u00e9cnicas de producci\u00f3n y adquirieron nuevas vi\u00f1as, conservando la tradici\u00f3n fundamental del trabajo bien hecho. Ellos controlan todo el proceso de la producci\u00f3n del vino,\u00a0desde la uva hasta el embotellamiento, para asegurar la mejor calidad. Dando como resultado excelentes vinos, muy representativos de la\u00a0<b><strong>AOC Bordeaux<\/strong><\/b>.<\/p>\n","protected":false},"excerpt":{"rendered":"<p style=\"font-weight: 400;\">Cepa:\u00a0<b><strong>60% Merlot, 20% Cabernet Sauvignon y 20%\u00a0Cabernet Franc.<\/strong><\/b><\/p>\n<p style=\"font-weight: 400;\"><b><strong>Elaboraci\u00f3n:\u00a0<\/strong><\/b>Vinificaci\u00f3n en cubas de acero\u00a0inoxidable con temperaturas controladas. Maceraci\u00f3n de 15 a 25 d\u00edas.<\/p>\n<p style=\"font-weight: 400;\">El ejemplo t\u00edpico de una buena opci\u00f3n de Bordeaux: un vino frutal, agradable y muy f\u00e1cil de tomar, a un precio muy accesible.<\/p>\n<p style=\"font-weight: 400;\"><b><strong>Notas de Cata:<\/strong><\/b><\/p>\n<p style=\"font-weight: 400;\"><b><strong>Estilo:<\/strong><\/b>\u00a0Sutil y amable.<\/p>\n<p style=\"font-weight: 400;\"><b><strong>Color:\u00a0<\/strong><\/b>Rub\u00ed con reflejos p\u00farpura.<\/p>\n<p style=\"font-weight: 400;\"><b><strong>Nariz:<\/strong><\/b>\u00a0Muy frutal, con\u00a0aromas de frutas rojas como fresa y cereza, notas florales, especias dulces y una nota fresca de menta dulce al final.<\/p>\n<p style=\"font-weight: 400;\"><b><strong>Boca:\u00a0<\/strong><\/b>Redondo, elegante y equilibrado. Muy frutal\u00a0y f\u00e1cil de tomar. Termina sobre una nota fresca.<\/p>\n<p style=\"font-weight: 400;\"><b><strong>Maridaje:<\/strong><\/b>\u00a0Pat\u00e9s y embutidos. Pastas\u00a0en salsas rojas\u00a0y\/o con carne. Carnes rojas: res, pato, steack tartare, carpaccio de res. Carnes blancas: pollo, ternero. Quesos blancos.<\/p>\n<p style=\"font-weight: 400;\">Temperatura de servicio: 16-18 grados C. 5 a\u00f1os de guarda.<\/p>\n<p><iframe loading=\"lazy\" title=\"YouTube video player\" src=\"https:\/\/www.youtube.com\/embed\/8NNJzXCI1Yk?si=loFdL41_ICO4uxfe&amp;start=3383\" width=\"560\" height=\"315\" frameborder=\"0\" allowfullscreen=\"allowfullscreen\"><\/iframe><\/p>\n","protected":false},"featured_media":16155,"comment_status":"open","ping_status":"closed","template":"","meta":[],"product_brand":[],"product_cat":[420,29],"product_tag":[153,155],"class_list":{"0":"post-16154","1":"product","2":"type-product","3":"status-publish","4":"has-post-thumbnail","6":"product_cat-tinto","7":"product_cat-vinos","8":"product_tag-blend","9":"product_tag-vino-frances","11":"first","12":"instock","13":"shipping-taxable","14":"purchasable","15":"product-type-simple"},"_links":{"self":[{"href":"https:\/\/lawhiskeria.cr\/index.php?rest_route=\/wp\/v2\/product\/16154","targetHints":{"allow":["GET"]}}],"collection":[{"href":"https:\/\/lawhiskeria.cr\/index.php?rest_route=\/wp\/v2\/product"}],"about":[{"href":"https:\/\/lawhiskeria.cr\/index.php?rest_route=\/wp\/v2\/types\/product"}],"replies":[{"embeddable":true,"href":"https:\/\/lawhiskeria.cr\/index.php?rest_route=%2Fwp%2Fv2%2Fcomments&post=16154"}],"version-history":[{"count":3,"href":"https:\/\/lawhiskeria.cr\/index.php?rest_route=\/wp\/v2\/product\/16154\/revisions"}],"predecessor-version":[{"id":17756,"href":"https:\/\/lawhiskeria.cr\/index.php?rest_route=\/wp\/v2\/product\/16154\/revisions\/17756"}],"wp:featuredmedia":[{"embeddable":true,"href":"https:\/\/lawhiskeria.cr\/index.php?rest_route=\/wp\/v2\/media\/16155"}],"wp:attachment":[{"href":"https:\/\/lawhiskeria.cr\/index.php?rest_route=%2Fwp%2Fv2%2Fmedia&parent=16154"}],"wp:term":[{"taxonomy":"product_brand","embeddable":true,"href":"https:\/\/lawhiskeria.cr\/index.php?rest_route=%2Fwp%2Fv2%2Fproduct_brand&post=16154"},{"taxonomy":"product_cat","embeddable":true,"href":"https:\/\/lawhiskeria.cr\/index.php?rest_route=%2Fwp%2Fv2%2Fproduct_cat&post=16154"},{"taxonomy":"product_tag","embeddable":true,"href":"https:\/\/lawhiskeria.cr\/index.php?rest_route=%2Fwp%2Fv2%2Fproduct_tag&post=16154"}],"curies":[{"name":"wp","href":"https:\/\/api.w.org\/{rel}","templated":true}]}}