{"id":16133,"date":"2024-03-10T23:51:55","date_gmt":"2024-03-10T23:51:55","guid":{"rendered":"https:\/\/stag.lawhiskeria.cr\/?post_type=product&#038;p=16133"},"modified":"2026-03-24T03:20:20","modified_gmt":"2026-03-24T03:20:20","slug":"santa-margherita-prosecco-superiore-brut-valdobbiadene-docg","status":"publish","type":"product","link":"https:\/\/lawhiskeria.cr\/?product=santa-margherita-prosecco-superiore-brut-valdobbiadene-docg","title":{"rendered":"Santa Margherita Prosecco Superiore Brut Valdobbiadene DOCG"},"content":{"rendered":"","protected":false},"excerpt":{"rendered":"<p style=\"font-weight: 400;\"><b><strong>Santa Margherita<\/strong><\/b>\u00a0ha sido un protagonista de la producci\u00f3n de\u00a0<b><strong>Prosecco<\/strong><\/b>\u00a0desde 1952, en la hist\u00f3rica zona de Valdobbiadene. Este es un gran exponente de esta exclusiva y delimitada zona, en la que se producen algunos de los mejores Prosecco.<\/p>\n<p style=\"font-weight: 400;\">El Prosecco es uno de los vinos espumantes m\u00e1s apetecidos hoy en d\u00eda de Italia y su consumo se ha vuelto una tendencia a nivel mundial.<\/p>\n<p style=\"font-weight: 400;\">Procedencia:\u00a0<b><strong>Valdobbiadene (Veneto) \u2013 Italia.<\/strong><\/b><\/p>\n<p style=\"font-weight: 400;\">Variedad(es):\u00a0<b><strong>Glera 100%.<\/strong><\/b><\/p>\n<p style=\"font-weight: 400;\">M\u00e9todo de elaboraci\u00f3n:\u00a0<b><strong>Charmat.<\/strong><\/b><\/p>\n<p style=\"font-weight: 400;\"><b><strong>Nariz:<\/strong><\/b>\u00a0Arom\u00e1tica. Destaca la flor de melocot\u00f3n, manzana y un tenue recuerdo c\u00edtrico<\/p>\n<p style=\"font-weight: 400;\"><b><strong>Boca:<\/strong><\/b>\u00a0Suave en su entrada. Avanza con frescura y frutosidad, armonioso y placentero hasta su delicado final.<\/p>\n<p style=\"font-weight: 400;\"><b><strong>Maridaje:<\/strong><\/b>\u00a0Ideal como aperitivo, embutidos, acompa\u00f1a muy bien el sushi, las ensaladas, antipastos, el ceviche, pasta, mariscos y pescados, as\u00ed como los quesos frescos.<\/p>\n","protected":false},"featured_media":16134,"comment_status":"open","ping_status":"closed","template":"","meta":[],"product_brand":[],"product_cat":[422,29],"product_tag":[468,467,147,148],"class_list":{"0":"post-16133","1":"product","2":"type-product","3":"status-publish","4":"has-post-thumbnail","6":"product_cat-espumosos","7":"product_cat-vinos","8":"product_tag-glera","9":"product_tag-veneto","10":"product_tag-vino-espumoso","11":"product_tag-vino-italiano","13":"first","14":"instock","15":"shipping-taxable","16":"purchasable","17":"product-type-simple"},"_links":{"self":[{"href":"https:\/\/lawhiskeria.cr\/index.php?rest_route=\/wp\/v2\/product\/16133","targetHints":{"allow":["GET"]}}],"collection":[{"href":"https:\/\/lawhiskeria.cr\/index.php?rest_route=\/wp\/v2\/product"}],"about":[{"href":"https:\/\/lawhiskeria.cr\/index.php?rest_route=\/wp\/v2\/types\/product"}],"replies":[{"embeddable":true,"href":"https:\/\/lawhiskeria.cr\/index.php?rest_route=%2Fwp%2Fv2%2Fcomments&post=16133"}],"version-history":[{"count":1,"href":"https:\/\/lawhiskeria.cr\/index.php?rest_route=\/wp\/v2\/product\/16133\/revisions"}],"predecessor-version":[{"id":16135,"href":"https:\/\/lawhiskeria.cr\/index.php?rest_route=\/wp\/v2\/product\/16133\/revisions\/16135"}],"wp:featuredmedia":[{"embeddable":true,"href":"https:\/\/lawhiskeria.cr\/index.php?rest_route=\/wp\/v2\/media\/16134"}],"wp:attachment":[{"href":"https:\/\/lawhiskeria.cr\/index.php?rest_route=%2Fwp%2Fv2%2Fmedia&parent=16133"}],"wp:term":[{"taxonomy":"product_brand","embeddable":true,"href":"https:\/\/lawhiskeria.cr\/index.php?rest_route=%2Fwp%2Fv2%2Fproduct_brand&post=16133"},{"taxonomy":"product_cat","embeddable":true,"href":"https:\/\/lawhiskeria.cr\/index.php?rest_route=%2Fwp%2Fv2%2Fproduct_cat&post=16133"},{"taxonomy":"product_tag","embeddable":true,"href":"https:\/\/lawhiskeria.cr\/index.php?rest_route=%2Fwp%2Fv2%2Fproduct_tag&post=16133"}],"curies":[{"name":"wp","href":"https:\/\/api.w.org\/{rel}","templated":true}]}}