{"id":16115,"date":"2024-03-10T23:33:16","date_gmt":"2024-03-10T23:33:16","guid":{"rendered":"https:\/\/stag.lawhiskeria.cr\/?post_type=product&#038;p=16115"},"modified":"2026-03-24T04:03:43","modified_gmt":"2026-03-24T04:03:43","slug":"pinord-chatel-brut-d-o-cava-brut","status":"publish","type":"product","link":"https:\/\/lawhiskeria.cr\/?product=pinord-chatel-brut-d-o-cava-brut","title":{"rendered":"Pinord Chatel Brut D.O.Cava Brut"},"content":{"rendered":"","protected":false},"excerpt":{"rendered":"<p style=\"font-weight: 400;\">Elaborado con las variedades emblem\u00e1ticas de la Denominaci\u00f3n de Origen Cava. Su periodo de crianza sobre l\u00edas\u00a0<b><strong>(M\u00e9todo Tradicional = Segunda fermentaci\u00f3n en botella),\u00a0<\/strong><\/b>sobrepasa con creces los 9 meses m\u00ednimo exigido en esta D.O. Muy agradable, f\u00e1cil de tomar y complaciente\u2026<\/p>\n<p style=\"font-weight: 400;\">Procedencia:\u00a0<b><strong>D.O. Cava, Vilafranca del Pened\u00e8s \u2013 Espa\u00f1a.<\/strong><\/b><\/p>\n<p style=\"font-weight: 400;\">Variedad(es):\u00a0<b><strong>Xarel.lo 40%, Macabeo 40% y Parellada 20%.<\/strong><\/b><\/p>\n<p style=\"font-weight: 400;\"><b><strong>Nariz:\u00a0<\/strong><\/b>Perfumada, destacan notas a frutas frescas, suaves toques almendrados y recuerdos a boller\u00eda.<\/p>\n<p style=\"font-weight: 400;\"><b><strong>Boca:\u00a0<\/strong><\/b>Delicado. Propone sensaciones de frescor, un buen balance entre fruta y una agradable complejidad, sin perder su car\u00e1cter jovial. Moderadamente intenso y armonioso.<\/p>\n<p style=\"font-weight: 400;\"><b><strong>Maridaje<\/strong><\/b>\u00a0Ideal para el brindis, embutidos, platos vegetarianos, a base de pescado o mariscos y bocas (tapeo) en general.<\/p>\n","protected":false},"featured_media":16116,"comment_status":"open","ping_status":"closed","template":"","meta":[],"product_brand":[],"product_cat":[422,29],"product_tag":[150,174,175,478,149,147,477],"class_list":{"0":"post-16115","1":"product","2":"type-product","3":"status-publish","4":"has-post-thumbnail","6":"product_cat-espumosos","7":"product_cat-vinos","8":"product_tag-cava","9":"product_tag-macabeo","10":"product_tag-parellada","11":"product_tag-vilafranca-del-penedes","12":"product_tag-vino-espanol","13":"product_tag-vino-espumoso","14":"product_tag-xarel-lo","16":"first","17":"instock","18":"shipping-taxable","19":"purchasable","20":"product-type-simple"},"_links":{"self":[{"href":"https:\/\/lawhiskeria.cr\/index.php?rest_route=\/wp\/v2\/product\/16115","targetHints":{"allow":["GET"]}}],"collection":[{"href":"https:\/\/lawhiskeria.cr\/index.php?rest_route=\/wp\/v2\/product"}],"about":[{"href":"https:\/\/lawhiskeria.cr\/index.php?rest_route=\/wp\/v2\/types\/product"}],"replies":[{"embeddable":true,"href":"https:\/\/lawhiskeria.cr\/index.php?rest_route=%2Fwp%2Fv2%2Fcomments&post=16115"}],"version-history":[{"count":1,"href":"https:\/\/lawhiskeria.cr\/index.php?rest_route=\/wp\/v2\/product\/16115\/revisions"}],"predecessor-version":[{"id":16117,"href":"https:\/\/lawhiskeria.cr\/index.php?rest_route=\/wp\/v2\/product\/16115\/revisions\/16117"}],"wp:featuredmedia":[{"embeddable":true,"href":"https:\/\/lawhiskeria.cr\/index.php?rest_route=\/wp\/v2\/media\/16116"}],"wp:attachment":[{"href":"https:\/\/lawhiskeria.cr\/index.php?rest_route=%2Fwp%2Fv2%2Fmedia&parent=16115"}],"wp:term":[{"taxonomy":"product_brand","embeddable":true,"href":"https:\/\/lawhiskeria.cr\/index.php?rest_route=%2Fwp%2Fv2%2Fproduct_brand&post=16115"},{"taxonomy":"product_cat","embeddable":true,"href":"https:\/\/lawhiskeria.cr\/index.php?rest_route=%2Fwp%2Fv2%2Fproduct_cat&post=16115"},{"taxonomy":"product_tag","embeddable":true,"href":"https:\/\/lawhiskeria.cr\/index.php?rest_route=%2Fwp%2Fv2%2Fproduct_tag&post=16115"}],"curies":[{"name":"wp","href":"https:\/\/api.w.org\/{rel}","templated":true}]}}