{"id":16112,"date":"2024-03-10T23:29:30","date_gmt":"2024-03-10T23:29:30","guid":{"rendered":"https:\/\/stag.lawhiskeria.cr\/?post_type=product&#038;p=16112"},"modified":"2025-10-28T02:30:00","modified_gmt":"2025-10-28T02:30:00","slug":"pinord-cava-blanco-brut","status":"publish","type":"product","link":"https:\/\/lawhiskeria.cr\/?product=pinord-cava-blanco-brut","title":{"rendered":"Pinord +&#038;+ Cava Blanco Brut"},"content":{"rendered":"","protected":false},"excerpt":{"rendered":"<p style=\"font-weight: 400;\">Elaborado con las variedades emblem\u00e1ticas de la Denominaci\u00f3n de Origen Cava. Su periodo de crianza sobre l\u00edas\u00a0<b><strong>(M\u00e9todo Tradicional = Segunda fermentaci\u00f3n en botella),<\/strong><\/b>\u00a0sobrepasa con creces los 9 meses m\u00ednimo exigido en esta D.O. Muy agradable, f\u00e1cil de tomar y complaciente\u2026<\/p>\n<p style=\"font-weight: 400;\">Procedencia:\u00a0<b><strong>D.O. Cava, Vilafranca del Pened\u00e8s \u2013 Espa\u00f1a.<\/strong><\/b><\/p>\n<p style=\"font-weight: 400;\">Variedad(es):\u00a0<b><strong>Xarel.lo 50%, Macabeo 30% y Parellada 20%<\/strong><\/b><\/p>\n<p style=\"font-weight: 400;\">Elaboraci\u00f3n:\u00a0<b><strong>M\u00e9todo Cl\u00e1sico, 16 meses.<\/strong><\/b><\/p>\n<p style=\"font-weight: 400;\"><b><strong>Nariz:<\/strong><\/b>\u00a0Arom\u00e1tica, destacan los recuerdos c\u00edtricos, almendrados, en conjunto con frutas blancas frescas.<\/p>\n<p style=\"font-weight: 400;\"><b><strong>Boca:<\/strong><\/b>\u00a0Su entrada es suave. Muestra una acertada acidez que le aporta frescor. Exquisitos sabores c\u00edtricos, el cosquilleo que causa su nivel de carb\u00f3nico lo hace muy agradable al paladar, obteni\u00e9ndose un conjunto bien equilibrado que nos deleitara hasta su delicado final.<\/p>\n<p style=\"font-weight: 400;\"><b><strong>Maridaje<\/strong><\/b>\u00a0Ideal para el brindis, para acompa\u00f1ar las entradas livianas a base de pescados y mariscos, Sushi, Sashimi, ensaladas.<\/p>\n","protected":false},"featured_media":16113,"comment_status":"open","ping_status":"closed","template":"","meta":[],"product_brand":[],"product_cat":[422,29],"product_tag":[150,149,147],"class_list":{"0":"post-16112","1":"product","2":"type-product","3":"status-publish","4":"has-post-thumbnail","6":"product_cat-espumosos","7":"product_cat-vinos","8":"product_tag-cava","9":"product_tag-vino-espanol","10":"product_tag-vino-espumoso","12":"first","13":"instock","14":"shipping-taxable","15":"purchasable","16":"product-type-simple"},"_links":{"self":[{"href":"https:\/\/lawhiskeria.cr\/index.php?rest_route=\/wp\/v2\/product\/16112","targetHints":{"allow":["GET"]}}],"collection":[{"href":"https:\/\/lawhiskeria.cr\/index.php?rest_route=\/wp\/v2\/product"}],"about":[{"href":"https:\/\/lawhiskeria.cr\/index.php?rest_route=\/wp\/v2\/types\/product"}],"replies":[{"embeddable":true,"href":"https:\/\/lawhiskeria.cr\/index.php?rest_route=%2Fwp%2Fv2%2Fcomments&post=16112"}],"version-history":[{"count":1,"href":"https:\/\/lawhiskeria.cr\/index.php?rest_route=\/wp\/v2\/product\/16112\/revisions"}],"predecessor-version":[{"id":16114,"href":"https:\/\/lawhiskeria.cr\/index.php?rest_route=\/wp\/v2\/product\/16112\/revisions\/16114"}],"wp:featuredmedia":[{"embeddable":true,"href":"https:\/\/lawhiskeria.cr\/index.php?rest_route=\/wp\/v2\/media\/16113"}],"wp:attachment":[{"href":"https:\/\/lawhiskeria.cr\/index.php?rest_route=%2Fwp%2Fv2%2Fmedia&parent=16112"}],"wp:term":[{"taxonomy":"product_brand","embeddable":true,"href":"https:\/\/lawhiskeria.cr\/index.php?rest_route=%2Fwp%2Fv2%2Fproduct_brand&post=16112"},{"taxonomy":"product_cat","embeddable":true,"href":"https:\/\/lawhiskeria.cr\/index.php?rest_route=%2Fwp%2Fv2%2Fproduct_cat&post=16112"},{"taxonomy":"product_tag","embeddable":true,"href":"https:\/\/lawhiskeria.cr\/index.php?rest_route=%2Fwp%2Fv2%2Fproduct_tag&post=16112"}],"curies":[{"name":"wp","href":"https:\/\/api.w.org\/{rel}","templated":true}]}}