{"id":16103,"date":"2024-03-10T23:17:03","date_gmt":"2024-03-10T23:17:03","guid":{"rendered":"https:\/\/stag.lawhiskeria.cr\/?post_type=product&#038;p=16103"},"modified":"2026-03-24T03:09:04","modified_gmt":"2026-03-24T03:09:04","slug":"canti-prosecco-extra-dry-millesimato-doc","status":"publish","type":"product","link":"https:\/\/lawhiskeria.cr\/?product=canti-prosecco-extra-dry-millesimato-doc","title":{"rendered":"Canti Prosecco Extra Dry Millesimato DOC"},"content":{"rendered":"","protected":false},"excerpt":{"rendered":"<p style=\"font-weight: 400;\"><b><strong>Prosecco<\/strong><\/b>, es uno de los vinos espumosos (principalmente) m\u00e1s importantes del noreste italiano.<\/p>\n<p style=\"font-weight: 400;\">El Extra Dry o Extra Seco (entre 12 y 17 gr\/l, de az\u00facar residual) es la versi\u00f3n tradicional y es ligeramente m\u00e1s dulce que el Brut (entre 6 y 12 gr\/l, de az\u00facar residual).<\/p>\n<p style=\"font-weight: 400;\"><b><strong>Millesimato<\/strong><\/b>\u00a0significa cosecha, este es un espumante elaborado con uva de un solo a\u00f1o (de a\u00f1ada).<\/p>\n<p style=\"font-weight: 400;\">Procedencia:\u00a0<b><strong>Veneto \u2013 Italia.<\/strong><\/b><\/p>\n<p style=\"font-weight: 400;\">Variedad(es):\u00a0<b><strong>Glera 100%.<\/strong><\/b><\/p>\n<p style=\"font-weight: 400;\">M\u00e9todo de elaboraci\u00f3n:\u00a0<b><strong>Charmat.<\/strong><\/b><\/p>\n<p style=\"font-weight: 400;\"><b><strong>Nariz:\u00a0<\/strong><\/b>Invita a recordar frutas como el albaricoque, la manzana y pera. Sutil fondo floral de acacia.<\/p>\n<p style=\"font-weight: 400;\"><b><strong>Boca:<\/strong><\/b>\u00a0Suave entrada. Su fruta se presenta casi de inmediato, acompa\u00f1\u00e1ndose con una delicada frescura y ligereza. Tenue final.<\/p>\n<p style=\"font-weight: 400;\"><b><strong>Maridajes<\/strong><\/b>\u00a0opcionales entre otros: Ideal como aperitivo, antipastos, sushi, sopa de mariscos, pescados, pastas en salsas livianas y quesos frescos.<\/p>\n","protected":false},"featured_media":16104,"comment_status":"open","ping_status":"closed","template":"","meta":[],"product_brand":[],"product_cat":[422,29],"product_tag":[468,467,147,148],"class_list":{"0":"post-16103","1":"product","2":"type-product","3":"status-publish","4":"has-post-thumbnail","6":"product_cat-espumosos","7":"product_cat-vinos","8":"product_tag-glera","9":"product_tag-veneto","10":"product_tag-vino-espumoso","11":"product_tag-vino-italiano","13":"first","14":"instock","15":"shipping-taxable","16":"purchasable","17":"product-type-simple"},"_links":{"self":[{"href":"https:\/\/lawhiskeria.cr\/index.php?rest_route=\/wp\/v2\/product\/16103","targetHints":{"allow":["GET"]}}],"collection":[{"href":"https:\/\/lawhiskeria.cr\/index.php?rest_route=\/wp\/v2\/product"}],"about":[{"href":"https:\/\/lawhiskeria.cr\/index.php?rest_route=\/wp\/v2\/types\/product"}],"replies":[{"embeddable":true,"href":"https:\/\/lawhiskeria.cr\/index.php?rest_route=%2Fwp%2Fv2%2Fcomments&post=16103"}],"version-history":[{"count":1,"href":"https:\/\/lawhiskeria.cr\/index.php?rest_route=\/wp\/v2\/product\/16103\/revisions"}],"predecessor-version":[{"id":16105,"href":"https:\/\/lawhiskeria.cr\/index.php?rest_route=\/wp\/v2\/product\/16103\/revisions\/16105"}],"wp:featuredmedia":[{"embeddable":true,"href":"https:\/\/lawhiskeria.cr\/index.php?rest_route=\/wp\/v2\/media\/16104"}],"wp:attachment":[{"href":"https:\/\/lawhiskeria.cr\/index.php?rest_route=%2Fwp%2Fv2%2Fmedia&parent=16103"}],"wp:term":[{"taxonomy":"product_brand","embeddable":true,"href":"https:\/\/lawhiskeria.cr\/index.php?rest_route=%2Fwp%2Fv2%2Fproduct_brand&post=16103"},{"taxonomy":"product_cat","embeddable":true,"href":"https:\/\/lawhiskeria.cr\/index.php?rest_route=%2Fwp%2Fv2%2Fproduct_cat&post=16103"},{"taxonomy":"product_tag","embeddable":true,"href":"https:\/\/lawhiskeria.cr\/index.php?rest_route=%2Fwp%2Fv2%2Fproduct_tag&post=16103"}],"curies":[{"name":"wp","href":"https:\/\/api.w.org\/{rel}","templated":true}]}}