{"id":16097,"date":"2024-03-10T23:09:15","date_gmt":"2024-03-10T23:09:15","guid":{"rendered":"https:\/\/stag.lawhiskeria.cr\/?post_type=product&#038;p=16097"},"modified":"2025-10-28T00:01:42","modified_gmt":"2025-10-28T00:01:42","slug":"bottega-espumante-dei-poeta","status":"publish","type":"product","link":"https:\/\/lawhiskeria.cr\/?product=bottega-espumante-dei-poeta","title":{"rendered":"Bottega Espumante dei Poeta"},"content":{"rendered":"","protected":false},"excerpt":{"rendered":"<p style=\"font-weight: 400;\"><b><strong>Il Vino dei Poeti Venezia DOC<\/strong><\/b>\u00a0es un vino espumoso blanco cuya identidad refleja la elegancia, delicadeza y frescura de la zona de\u00a0<b><strong>Treviso y Venecia<\/strong><\/b>. El estatus de Denominaci\u00f3n de Origen Controlada es bastante reciente y se otorg\u00f3 en 2011. Es un vino espumoso amistoso, f\u00e1cil de disfrutar y muy agradable.<\/p>\n<p style=\"font-weight: 400;\"><b><strong>11 a 12 gr de az\u00facar por litro = Brut.<\/strong><\/b><\/p>\n<p style=\"font-weight: 400;\">Procedencia:\u00a0<b><strong>Treviso y Venecia (Veneto) \u2013 Italia.<\/strong><\/b><\/p>\n<p style=\"font-weight: 400;\">Variedad(es):\u00a0<b><strong>Glera 50%, Verduzzo 25% y Chardonnay 25%.<\/strong><\/b><\/p>\n<p style=\"font-weight: 400;\">Elaboraci\u00f3n:\u00a0<b><strong>M\u00e9todo Charmat<\/strong><\/b><\/p>\n<p style=\"font-weight: 400;\"><b><strong>Nariz:\u00a0<\/strong><\/b>Aromas delicados afrutados (manzana y melocot\u00f3n) y florales (espino y acacia), acompa\u00f1ados de agradables notas de almendra.<\/p>\n<p style=\"font-weight: 400;\"><b><strong>Boca:\u00a0<\/strong><\/b>Delicado y fresco, frutoso, de cuerpo ligero y tenue final.<\/p>\n<p style=\"font-weight: 400;\"><b><strong>Maridajes:\u00a0<\/strong><\/b>Ideal como aperitivo. Ensaladas, platos vegetarianos, sushi, sashimi, chicharrones, chifrijo, tamales, pescados y mariscos.<\/p>\n<p style=\"font-weight: 400;\"><b><strong>ABV 11% &#8211; 750 ml.<\/strong><\/b><\/p>\n","protected":false},"featured_media":16098,"comment_status":"open","ping_status":"closed","template":"","meta":[],"product_brand":[],"product_cat":[422,29],"product_tag":[147,148],"class_list":{"0":"post-16097","1":"product","2":"type-product","3":"status-publish","4":"has-post-thumbnail","6":"product_cat-espumosos","7":"product_cat-vinos","8":"product_tag-vino-espumoso","9":"product_tag-vino-italiano","11":"first","12":"instock","13":"shipping-taxable","14":"purchasable","15":"product-type-simple"},"_links":{"self":[{"href":"https:\/\/lawhiskeria.cr\/index.php?rest_route=\/wp\/v2\/product\/16097","targetHints":{"allow":["GET"]}}],"collection":[{"href":"https:\/\/lawhiskeria.cr\/index.php?rest_route=\/wp\/v2\/product"}],"about":[{"href":"https:\/\/lawhiskeria.cr\/index.php?rest_route=\/wp\/v2\/types\/product"}],"replies":[{"embeddable":true,"href":"https:\/\/lawhiskeria.cr\/index.php?rest_route=%2Fwp%2Fv2%2Fcomments&post=16097"}],"version-history":[{"count":1,"href":"https:\/\/lawhiskeria.cr\/index.php?rest_route=\/wp\/v2\/product\/16097\/revisions"}],"predecessor-version":[{"id":16099,"href":"https:\/\/lawhiskeria.cr\/index.php?rest_route=\/wp\/v2\/product\/16097\/revisions\/16099"}],"wp:featuredmedia":[{"embeddable":true,"href":"https:\/\/lawhiskeria.cr\/index.php?rest_route=\/wp\/v2\/media\/16098"}],"wp:attachment":[{"href":"https:\/\/lawhiskeria.cr\/index.php?rest_route=%2Fwp%2Fv2%2Fmedia&parent=16097"}],"wp:term":[{"taxonomy":"product_brand","embeddable":true,"href":"https:\/\/lawhiskeria.cr\/index.php?rest_route=%2Fwp%2Fv2%2Fproduct_brand&post=16097"},{"taxonomy":"product_cat","embeddable":true,"href":"https:\/\/lawhiskeria.cr\/index.php?rest_route=%2Fwp%2Fv2%2Fproduct_cat&post=16097"},{"taxonomy":"product_tag","embeddable":true,"href":"https:\/\/lawhiskeria.cr\/index.php?rest_route=%2Fwp%2Fv2%2Fproduct_tag&post=16097"}],"curies":[{"name":"wp","href":"https:\/\/api.w.org\/{rel}","templated":true}]}}