{"id":16094,"date":"2024-03-10T21:10:14","date_gmt":"2024-03-10T21:10:14","guid":{"rendered":"https:\/\/stag.lawhiskeria.cr\/?post_type=product&#038;p=16094"},"modified":"2025-11-09T23:19:54","modified_gmt":"2025-11-09T23:19:54","slug":"ron-zacapa-xo-25-anos","status":"publish","type":"product","link":"https:\/\/lawhiskeria.cr\/?product=ron-zacapa-xo-25-anos","title":{"rendered":"Ron Zacapa XO 25 a\u00f1os"},"content":{"rendered":"","protected":false},"excerpt":{"rendered":"<p style=\"font-weight: 400;\"><b><strong>Zacapa XO 25 a\u00f1os &#8211; Origen: Guatemala \u2013 750 ml.<\/strong><\/b><\/p>\n<p style=\"font-weight: 400;\"><b><strong>Zacapa XO<\/strong><\/b>\u00a0es elaborado usando el\u00a0<b><strong>Sistema Solera de a\u00f1ejamiento<\/strong><\/b>, en donde rones de distintas edades y personalidades son mezclados y madurados en una serie de barricas que fueron utilizadas antes para a\u00f1ejar whiskies americanos, delicados vinos de Jer\u00e9z y finos vinos de Pedro Xim\u00e9nez. La etapa final de Zacapa XO se realiza en barricas de roble franc\u00e9s que almacenaron Cognac. Contiene mezclas de rones entre 6 y 25 a\u00f1os de a\u00f1ejamiento.<\/p>\n<p style=\"font-weight: 400;\">Es el balance perfecto entre dulzura, especias y frutas. Su sabor sin igual, con notas de chocolate, cerezas, frutas secas y dulces notas especiadas de roble, le dan su caracter\u00edstico sabor y aroma<\/p>\n<p style=\"font-weight: 400;\">Esta considerado entre los rones ultra-premium, y es muy diferente a la mayor\u00eda de rones elaborados a partir de melaza. Zacapa se elabora \u00fanicamente a partir del primer prensado de la ca\u00f1a de az\u00facar, obteniendo una miel virgen.<\/p>\n<p style=\"font-weight: 400;\"><b><strong>Aspecto Y Color:<\/strong><\/b>\u00a0Caoba con destellos verdes de largo recorrido<\/p>\n<p style=\"font-weight: 400;\"><b><strong>Nariz:\u00a0<\/strong><\/b>Una gama de aromas muy abierta que evolucionan con un gran equilibrio de roble tostado maduro, caramelo, nueces secas tostadas, mazap\u00e1n y c\u00e1scara de naranja; una perfecta armon\u00eda entre el ron y el az\u00facar, con una nota frutal delicada en el fondo.<\/p>\n<p style=\"font-weight: 400;\"><b><strong>Boca:<\/strong><\/b>\u00a0Un equilibrio maravillosamente completo y satisfactorio de dulces frutas, especias y ron; con un toque de chocolate oscuro con cereza e intensos sabores de frutas secas como sultana, d\u00e1tiles y ciruela; especias dulces de clavo de olor, vainilla, canela; unas notas m\u00e1s ligeras de mango seco y frambuesa con un sutil toque de jengibre<\/p>\n<p style=\"font-weight: 400;\"><b><strong>Final:<\/strong><\/b>\u00a0Con notas m\u00e1s ligeras de mango seco y frambuesa con un sutil toque de jengibre, combinaci\u00f3n perfectamente equilibrada de chocolate amargo, d\u00e1tiles, ciruelas, guindas, vainilla y canela, una delicia para los conocedores.<\/p>\n","protected":false},"featured_media":16095,"comment_status":"open","ping_status":"closed","template":"","meta":[],"product_brand":[],"product_cat":[427,20],"product_tag":[144,145],"class_list":{"0":"post-16094","1":"product","2":"type-product","3":"status-publish","4":"has-post-thumbnail","6":"product_cat-ron","7":"product_cat-lpremium","8":"product_tag-guatemala","9":"product_tag-ron","11":"first","12":"instock","13":"shipping-taxable","14":"purchasable","15":"product-type-simple"},"_links":{"self":[{"href":"https:\/\/lawhiskeria.cr\/index.php?rest_route=\/wp\/v2\/product\/16094","targetHints":{"allow":["GET"]}}],"collection":[{"href":"https:\/\/lawhiskeria.cr\/index.php?rest_route=\/wp\/v2\/product"}],"about":[{"href":"https:\/\/lawhiskeria.cr\/index.php?rest_route=\/wp\/v2\/types\/product"}],"replies":[{"embeddable":true,"href":"https:\/\/lawhiskeria.cr\/index.php?rest_route=%2Fwp%2Fv2%2Fcomments&post=16094"}],"version-history":[{"count":1,"href":"https:\/\/lawhiskeria.cr\/index.php?rest_route=\/wp\/v2\/product\/16094\/revisions"}],"predecessor-version":[{"id":16096,"href":"https:\/\/lawhiskeria.cr\/index.php?rest_route=\/wp\/v2\/product\/16094\/revisions\/16096"}],"wp:featuredmedia":[{"embeddable":true,"href":"https:\/\/lawhiskeria.cr\/index.php?rest_route=\/wp\/v2\/media\/16095"}],"wp:attachment":[{"href":"https:\/\/lawhiskeria.cr\/index.php?rest_route=%2Fwp%2Fv2%2Fmedia&parent=16094"}],"wp:term":[{"taxonomy":"product_brand","embeddable":true,"href":"https:\/\/lawhiskeria.cr\/index.php?rest_route=%2Fwp%2Fv2%2Fproduct_brand&post=16094"},{"taxonomy":"product_cat","embeddable":true,"href":"https:\/\/lawhiskeria.cr\/index.php?rest_route=%2Fwp%2Fv2%2Fproduct_cat&post=16094"},{"taxonomy":"product_tag","embeddable":true,"href":"https:\/\/lawhiskeria.cr\/index.php?rest_route=%2Fwp%2Fv2%2Fproduct_tag&post=16094"}],"curies":[{"name":"wp","href":"https:\/\/api.w.org\/{rel}","templated":true}]}}