{"id":16088,"date":"2024-03-10T21:04:14","date_gmt":"2024-03-10T21:04:14","guid":{"rendered":"https:\/\/stag.lawhiskeria.cr\/?post_type=product&#038;p=16088"},"modified":"2025-11-09T23:21:06","modified_gmt":"2025-11-09T23:21:06","slug":"ron-zacapa-edicion-negra","status":"publish","type":"product","link":"https:\/\/lawhiskeria.cr\/?product=ron-zacapa-edicion-negra","title":{"rendered":"Ron Zacapa Edici\u00f3n Negra"},"content":{"rendered":"","protected":false},"excerpt":{"rendered":"<p style=\"font-weight: 400;\"><b><strong>Zacapa Edici\u00f3n Negra &#8211; 750 ml.<\/strong><\/b><\/p>\n<p style=\"font-weight: 400;\"><b><strong>Inspirado en los elementos naturales de Guatemala<\/strong><\/b>\u00a0y el fuego intenso de sus volcanes. En el aire fresco de las tierras altas de Guatemala, la mezcla\u00a0<b><strong>Zacapa EDICI\u00d3N NEGRA\u00a0<\/strong><\/b>empieza su maduraci\u00f3n en una serie de barricas que fueron utilizadas antes para a\u00f1ejar whiskies americanos, delicados vinos de Jer\u00e9z y finos vinos de Pedro Xim\u00e9nez. En la etapa final, el a\u00f1ejamiento se da en barricas quemadas lentamente de una forma artesanal, inspir\u00e1ndose en los rituales mayas.<\/p>\n<p style=\"font-weight: 400;\">Contiene mezclas de rones entre 6 y 24 a\u00f1os de a\u00f1ejamiento.<\/p>\n<p style=\"font-weight: 400;\">Este proceso m\u00e1gico y \u00fanico, crea un robusto ron oscuro con unas delicadas notas ahumadas, madera, especies, frutos secos y chocolate en cada sorbo.<\/p>\n<p style=\"font-weight: 400;\"><b><strong>Aspecto Y Color:<\/strong><\/b>\u00a0Caoba profundo, con una intensa tonalidad cobriza.<\/p>\n<p style=\"font-weight: 400;\"><b><strong>Nariz:<\/strong><\/b>\u00a0Frutas caramelizadas, ciruelas, pasas, chocolate y especies. Un ron con gran intensidad, perfectamente equilibrado con suaves notas ahumadas.<\/p>\n<p style=\"font-weight: 400;\"><b><strong>Boca:<\/strong><\/b>\u00a0La explosi\u00f3n de una exquisita &#8211; nota de cata ahumada combinada con chocolate, fruta caramelizada, pasas y frutos secos que nos da un ron denso y bien equilibrado.<\/p>\n<p style=\"font-weight: 400;\"><b><strong>Final:<\/strong><\/b>\u00a0Da una continuidad excepcional, acentuando el sabor con un acabado suave, ahumado y persistente.<\/p>\n","protected":false},"featured_media":16089,"comment_status":"open","ping_status":"closed","template":"","meta":[],"product_brand":[],"product_cat":[427,20],"product_tag":[144,145],"class_list":{"0":"post-16088","1":"product","2":"type-product","3":"status-publish","4":"has-post-thumbnail","6":"product_cat-ron","7":"product_cat-lpremium","8":"product_tag-guatemala","9":"product_tag-ron","11":"first","12":"instock","13":"shipping-taxable","14":"purchasable","15":"product-type-simple"},"_links":{"self":[{"href":"https:\/\/lawhiskeria.cr\/index.php?rest_route=\/wp\/v2\/product\/16088","targetHints":{"allow":["GET"]}}],"collection":[{"href":"https:\/\/lawhiskeria.cr\/index.php?rest_route=\/wp\/v2\/product"}],"about":[{"href":"https:\/\/lawhiskeria.cr\/index.php?rest_route=\/wp\/v2\/types\/product"}],"replies":[{"embeddable":true,"href":"https:\/\/lawhiskeria.cr\/index.php?rest_route=%2Fwp%2Fv2%2Fcomments&post=16088"}],"version-history":[{"count":1,"href":"https:\/\/lawhiskeria.cr\/index.php?rest_route=\/wp\/v2\/product\/16088\/revisions"}],"predecessor-version":[{"id":16090,"href":"https:\/\/lawhiskeria.cr\/index.php?rest_route=\/wp\/v2\/product\/16088\/revisions\/16090"}],"wp:featuredmedia":[{"embeddable":true,"href":"https:\/\/lawhiskeria.cr\/index.php?rest_route=\/wp\/v2\/media\/16089"}],"wp:attachment":[{"href":"https:\/\/lawhiskeria.cr\/index.php?rest_route=%2Fwp%2Fv2%2Fmedia&parent=16088"}],"wp:term":[{"taxonomy":"product_brand","embeddable":true,"href":"https:\/\/lawhiskeria.cr\/index.php?rest_route=%2Fwp%2Fv2%2Fproduct_brand&post=16088"},{"taxonomy":"product_cat","embeddable":true,"href":"https:\/\/lawhiskeria.cr\/index.php?rest_route=%2Fwp%2Fv2%2Fproduct_cat&post=16088"},{"taxonomy":"product_tag","embeddable":true,"href":"https:\/\/lawhiskeria.cr\/index.php?rest_route=%2Fwp%2Fv2%2Fproduct_tag&post=16088"}],"curies":[{"name":"wp","href":"https:\/\/api.w.org\/{rel}","templated":true}]}}