{"id":16083,"date":"2024-03-10T20:58:29","date_gmt":"2024-03-10T20:58:29","guid":{"rendered":"https:\/\/stag.lawhiskeria.cr\/?post_type=product&#038;p=16083"},"modified":"2025-11-09T23:22:13","modified_gmt":"2025-11-09T23:22:13","slug":"ron-zacapa-23-anos-750-ml","status":"publish","type":"product","link":"https:\/\/lawhiskeria.cr\/?product=ron-zacapa-23-anos-750-ml","title":{"rendered":"Ron Zacapa 23 a\u00f1os &#8211; 750 ml."},"content":{"rendered":"","protected":false},"excerpt":{"rendered":"<p style=\"font-weight: 400;\"><b><strong>Zacapa 23 a\u00f1os &#8211; Origen: Guatemala<\/strong><\/b><\/p>\n<p style=\"font-weight: 400;\"><b><strong>Zacapa 23<\/strong><\/b>\u00a0es elaborado usando el\u00a0<b><strong>Sistema Solera de a\u00f1ejamiento<\/strong><\/b>, en donde rones de distintas edades y personalidades son mezclados y madurados en una serie de barricas que fueron utilizadas antes para a\u00f1ejar whiskies americanos, delicados vinos de Jer\u00e9z y finos vinos de Pedro Xim\u00e9nez. Contiene mezclas de rones entre 6 y 23 a\u00f1os de a\u00f1ejamiento.<\/p>\n<p style=\"font-weight: 400;\">Su elaborado sistema solera ha creado excitantes complejidades en este ron, con sus notas de miel, caramelo, roble, frutas secas y pasas<\/p>\n<p style=\"font-weight: 400;\">EI lugar donde Zacapa se a\u00f1eja es conocido como\u00a0<b><strong>&#8220;La casa por encima de las nubes&#8221;<\/strong><\/b>\u00a0ya que se encuentra a una altura de 2300 metros sobre el nivel del mar.<\/p>\n<p style=\"font-weight: 400;\">Aspecto Y Color: Caoba claro con tonos verdes, destellos de un largo a\u00f1ejamiento en barrica, dejando a su paso largas y lentas huellas que se aferran a la copa.<\/p>\n<p style=\"font-weight: 400;\"><b><strong>Nariz:\u00a0<\/strong><\/b>Un suave inicio que se transforma en complejidad dentro del vaso; un dulce aroma a caramelo, vainilla, cacao y toffee que se combinan en capas de sabores representativo de las diferentes barricas del Sistema Solera; notas de avellanas y frutos secos tostados y caramelizados, con un caracter\u00edstico toque de pl\u00e1tano caramelizado y pi\u00f1a seca.<\/p>\n<p style=\"font-weight: 400;\"><b><strong>Boca:\u00a0<\/strong><\/b>Maravillosamente complejo, generoso y con un cuerpo de dulce viscosidad proveniente de la miel virgen, una gran profundidad de frutas y albaricoque secos, que preceden a un intenso sabor a roble tostado, nuez moscada y vainilla delicadamente dulce, equilibrado con un toque de canela y jengibre para un final agradablemente astringente. Verdaderamente un ron para el paladar m\u00e1s exigente.<\/p>\n<p style=\"font-weight: 400;\"><b><strong>Final:\u00a0<\/strong><\/b>Atractivo, elegante y noble, con un exquisito y complejo final; que evoca notas de caramelo, roble tostado, especias y frutas secas.<\/p>\n","protected":false},"featured_media":16081,"comment_status":"open","ping_status":"closed","template":"","meta":[],"product_brand":[],"product_cat":[427,20],"product_tag":[144,145],"class_list":{"0":"post-16083","1":"product","2":"type-product","3":"status-publish","4":"has-post-thumbnail","6":"product_cat-ron","7":"product_cat-lpremium","8":"product_tag-guatemala","9":"product_tag-ron","11":"first","12":"instock","13":"shipping-taxable","14":"purchasable","15":"product-type-simple"},"_links":{"self":[{"href":"https:\/\/lawhiskeria.cr\/index.php?rest_route=\/wp\/v2\/product\/16083","targetHints":{"allow":["GET"]}}],"collection":[{"href":"https:\/\/lawhiskeria.cr\/index.php?rest_route=\/wp\/v2\/product"}],"about":[{"href":"https:\/\/lawhiskeria.cr\/index.php?rest_route=\/wp\/v2\/types\/product"}],"replies":[{"embeddable":true,"href":"https:\/\/lawhiskeria.cr\/index.php?rest_route=%2Fwp%2Fv2%2Fcomments&post=16083"}],"version-history":[{"count":1,"href":"https:\/\/lawhiskeria.cr\/index.php?rest_route=\/wp\/v2\/product\/16083\/revisions"}],"predecessor-version":[{"id":16084,"href":"https:\/\/lawhiskeria.cr\/index.php?rest_route=\/wp\/v2\/product\/16083\/revisions\/16084"}],"wp:featuredmedia":[{"embeddable":true,"href":"https:\/\/lawhiskeria.cr\/index.php?rest_route=\/wp\/v2\/media\/16081"}],"wp:attachment":[{"href":"https:\/\/lawhiskeria.cr\/index.php?rest_route=%2Fwp%2Fv2%2Fmedia&parent=16083"}],"wp:term":[{"taxonomy":"product_brand","embeddable":true,"href":"https:\/\/lawhiskeria.cr\/index.php?rest_route=%2Fwp%2Fv2%2Fproduct_brand&post=16083"},{"taxonomy":"product_cat","embeddable":true,"href":"https:\/\/lawhiskeria.cr\/index.php?rest_route=%2Fwp%2Fv2%2Fproduct_cat&post=16083"},{"taxonomy":"product_tag","embeddable":true,"href":"https:\/\/lawhiskeria.cr\/index.php?rest_route=%2Fwp%2Fv2%2Fproduct_tag&post=16083"}],"curies":[{"name":"wp","href":"https:\/\/api.w.org\/{rel}","templated":true}]}}