{"id":16074,"date":"2024-03-10T20:45:41","date_gmt":"2024-03-10T20:45:41","guid":{"rendered":"https:\/\/stag.lawhiskeria.cr\/?post_type=product&#038;p=16074"},"modified":"2024-10-29T21:00:00","modified_gmt":"2024-10-29T21:00:00","slug":"licor-merrys-irish-cream","status":"publish","type":"product","link":"https:\/\/lawhiskeria.cr\/?product=licor-merrys-irish-cream","title":{"rendered":"Licor Merrys Irish Cream"},"content":{"rendered":"","protected":false},"excerpt":{"rendered":"<p style=\"font-weight: 400;\">Licor de crema irlandesa original<b><strong>\u00a0Merrys<\/strong><\/b>\u00a0&#8211; El mejor licor de crema del mundo 2019<\/p>\n<p style=\"font-weight: 400;\">Un elegante licor de crema irlandesa elaborado en Co. Tipperary, Irlanda, a partir de la crema l\u00e1ctea m\u00e1s fresca de la regi\u00f3n de Golden Vale y mezclado por expertos con el mejor whiskey irland\u00e9s a\u00f1ejo.<\/p>\n<p style=\"font-weight: 400;\"><b><strong>Mejor licor de crema del mundo 2019<\/strong><\/b><\/p>\n<p style=\"font-weight: 400;\"><b><strong>Mejor licor de crema irlandesa del mundo 2019<\/strong><\/b><\/p>\n<p style=\"font-weight: 400;\"><b><strong>Merrys Irish Cream Liqueur<\/strong><\/b>\u00a0encarna una rica cremosidad de chocolate y vainilla con matices de caramelo seguido de un sabor dulce persistente.<\/p>\n<p style=\"font-weight: 400;\"><b><strong>ABV 17% &#8211; 700 ml.<\/strong><\/b><\/p>\n","protected":false},"featured_media":16075,"comment_status":"open","ping_status":"closed","template":"","meta":[],"product_brand":[],"product_cat":[20],"product_tag":[140,139],"class_list":{"0":"post-16074","1":"product","2":"type-product","3":"status-publish","4":"has-post-thumbnail","6":"product_cat-lpremium","7":"product_tag-crema-irlandesa","8":"product_tag-irish-cream","10":"first","11":"instock","12":"shipping-taxable","13":"purchasable","14":"product-type-simple"},"_links":{"self":[{"href":"https:\/\/lawhiskeria.cr\/index.php?rest_route=\/wp\/v2\/product\/16074","targetHints":{"allow":["GET"]}}],"collection":[{"href":"https:\/\/lawhiskeria.cr\/index.php?rest_route=\/wp\/v2\/product"}],"about":[{"href":"https:\/\/lawhiskeria.cr\/index.php?rest_route=\/wp\/v2\/types\/product"}],"replies":[{"embeddable":true,"href":"https:\/\/lawhiskeria.cr\/index.php?rest_route=%2Fwp%2Fv2%2Fcomments&post=16074"}],"version-history":[{"count":1,"href":"https:\/\/lawhiskeria.cr\/index.php?rest_route=\/wp\/v2\/product\/16074\/revisions"}],"predecessor-version":[{"id":16076,"href":"https:\/\/lawhiskeria.cr\/index.php?rest_route=\/wp\/v2\/product\/16074\/revisions\/16076"}],"wp:featuredmedia":[{"embeddable":true,"href":"https:\/\/lawhiskeria.cr\/index.php?rest_route=\/wp\/v2\/media\/16075"}],"wp:attachment":[{"href":"https:\/\/lawhiskeria.cr\/index.php?rest_route=%2Fwp%2Fv2%2Fmedia&parent=16074"}],"wp:term":[{"taxonomy":"product_brand","embeddable":true,"href":"https:\/\/lawhiskeria.cr\/index.php?rest_route=%2Fwp%2Fv2%2Fproduct_brand&post=16074"},{"taxonomy":"product_cat","embeddable":true,"href":"https:\/\/lawhiskeria.cr\/index.php?rest_route=%2Fwp%2Fv2%2Fproduct_cat&post=16074"},{"taxonomy":"product_tag","embeddable":true,"href":"https:\/\/lawhiskeria.cr\/index.php?rest_route=%2Fwp%2Fv2%2Fproduct_tag&post=16074"}],"curies":[{"name":"wp","href":"https:\/\/api.w.org\/{rel}","templated":true}]}}