{"id":16048,"date":"2024-03-10T19:11:39","date_gmt":"2024-03-10T19:11:39","guid":{"rendered":"https:\/\/stag.lawhiskeria.cr\/?post_type=product&#038;p=16048"},"modified":"2025-10-10T20:31:59","modified_gmt":"2025-10-10T20:31:59","slug":"copa-single-malt","status":"publish","type":"product","link":"https:\/\/lawhiskeria.cr\/?product=copa-single-malt","title":{"rendered":"Copa Single Malt"},"content":{"rendered":"","protected":false},"excerpt":{"rendered":"<p>Copa para Whisky Single Malt. Marca: Riedel. Producto Alem\u00e1n. Cristal Austriaco. Precio por unidad, incluye IVA.<\/p>\n<p>La copa de whisky Single Malt de Riedel es perfecta para enfatizar la elegante cremosidad del whisky de malta \u00fanica de alta calidad.<\/p>\n<p>Esta copa fue dise\u00f1ada como resultado de una serie de talleres en 1992. El producto final tiene una forma de tulip\u00e1n alargado sobre un tallo truncado, e incorpora un peque\u00f1o labio ligeramente saliente que resalta la dulzura del destilado. Volumen: 200 cent\u00edmetros c\u00fabicos\/mililitros, Altura 113 mil\u00edmetros, Tipo de fabricaci\u00f3n: hecho a m\u00e1quina, Material: cristal<\/p>\n<p>Recomendaciones \u2022 Los vasos RIEDEL son aptos para lavavajillas. \u2022 Para evitar manchas: use agua blanda (bajo contenido en minerales) \u2022 Para evitar rayones: Evite el contacto del vidrio con otro vidrio o metal. \u2022 Para quitar las manchas: use vinagre blanco \u2022 Si est\u00e1 disponible, use una rejilla para copas. Si se lava a mano:\u00a0 Lave el vaso con agua tibia (use detergente y enjuague el vaso con cuidado)<\/p>\n<p>\u2022 Pulido de vidrio: use dos pa\u00f1os de pulido, nunca sujete el vidrio por la base para pulir el recipiente \u2022 Chasquido del v\u00e1stago: Ocurre por mal manejo = torque o presi\u00f3n de flexi\u00f3n en el v\u00e1stago \u2022 Almacenamiento: Evite el almacenamiento de vidrio en gabinetes de cocina que tienen aromas fuertes que se trasladan al vidrio. Pa\u00f1o de microfibra para pulir \u2022 Lavar a temperatura de ebullici\u00f3n (para matar las bacterias) con jab\u00f3n inodoro. \u2022 Debe lavarse a m\u00e1quina a min. 170 \u00b0 F \/ 75 \u00b0 C. \u2022 Nunca use suavizante de telas cuando enjuague su pa\u00f1o de microfibra para pulir (evita la pel\u00edcula de grasa en la superficie)<\/p>\n","protected":false},"featured_media":16049,"comment_status":"open","ping_status":"closed","template":"","meta":[],"product_brand":[],"product_cat":[28],"product_tag":[133,130,134,132],"class_list":{"0":"post-16048","1":"product","2":"type-product","3":"status-publish","4":"has-post-thumbnail","6":"product_cat-accesorios","7":"product_tag-alemania","8":"product_tag-copas-de-whisky","9":"product_tag-cristal-austriaco","10":"product_tag-riedel","12":"first","13":"outofstock","14":"shipping-taxable","15":"purchasable","16":"product-type-simple"},"_links":{"self":[{"href":"https:\/\/lawhiskeria.cr\/index.php?rest_route=\/wp\/v2\/product\/16048","targetHints":{"allow":["GET"]}}],"collection":[{"href":"https:\/\/lawhiskeria.cr\/index.php?rest_route=\/wp\/v2\/product"}],"about":[{"href":"https:\/\/lawhiskeria.cr\/index.php?rest_route=\/wp\/v2\/types\/product"}],"replies":[{"embeddable":true,"href":"https:\/\/lawhiskeria.cr\/index.php?rest_route=%2Fwp%2Fv2%2Fcomments&post=16048"}],"version-history":[{"count":1,"href":"https:\/\/lawhiskeria.cr\/index.php?rest_route=\/wp\/v2\/product\/16048\/revisions"}],"predecessor-version":[{"id":16050,"href":"https:\/\/lawhiskeria.cr\/index.php?rest_route=\/wp\/v2\/product\/16048\/revisions\/16050"}],"wp:featuredmedia":[{"embeddable":true,"href":"https:\/\/lawhiskeria.cr\/index.php?rest_route=\/wp\/v2\/media\/16049"}],"wp:attachment":[{"href":"https:\/\/lawhiskeria.cr\/index.php?rest_route=%2Fwp%2Fv2%2Fmedia&parent=16048"}],"wp:term":[{"taxonomy":"product_brand","embeddable":true,"href":"https:\/\/lawhiskeria.cr\/index.php?rest_route=%2Fwp%2Fv2%2Fproduct_brand&post=16048"},{"taxonomy":"product_cat","embeddable":true,"href":"https:\/\/lawhiskeria.cr\/index.php?rest_route=%2Fwp%2Fv2%2Fproduct_cat&post=16048"},{"taxonomy":"product_tag","embeddable":true,"href":"https:\/\/lawhiskeria.cr\/index.php?rest_route=%2Fwp%2Fv2%2Fproduct_tag&post=16048"}],"curies":[{"name":"wp","href":"https:\/\/api.w.org\/{rel}","templated":true}]}}