{"id":16039,"date":"2024-03-10T18:28:32","date_gmt":"2024-03-10T18:28:32","guid":{"rendered":"https:\/\/stag.lawhiskeria.cr\/?post_type=product&#038;p=16039"},"modified":"2024-10-30T20:10:57","modified_gmt":"2024-10-30T20:10:57","slug":"conac-remy-martin-xo-excellence","status":"publish","type":"product","link":"https:\/\/lawhiskeria.cr\/?product=conac-remy-martin-xo-excellence","title":{"rendered":"Co\u00f1ac Remy Martin XO Excellence"},"content":{"rendered":"","protected":false},"excerpt":{"rendered":"<p style=\"font-weight: 400;\">R\u00e9my Martin XO se une a Atelier Thiery para celebrar la excelencia del savoir-faire franc\u00e9s.<\/p>\n<p style=\"font-weight: 400;\">La botella de edici\u00f3n limitada de R\u00e9my Martin XO X Atelier Thiery celebra dos culturas de excelencia: la elaboraci\u00f3n del co\u00f1ac y el dorado, que surgen de las mentes creativas y los gestos expertos de estos talentos extraordinarios.<\/p>\n<p style=\"font-weight: 400;\">La edici\u00f3n limitada cubierta con hojas de oro est\u00e1 inspirada en la mezcla de hasta 400 de los mejores aguardientes de R\u00e9my Martin en XO.<\/p>\n<p style=\"font-weight: 400;\">Sirva R\u00e9my Martin XO solo con un cubo de hielo grande o a la antigua.<\/p>\n<p style=\"font-weight: 400;\"><b><strong>Aromas<\/strong><\/b>: Amplio espectro de frutas con hueso y notas florales como jazm\u00edn e iris.<\/p>\n<p style=\"font-weight: 400;\"><b><strong>Sabor:<\/strong><\/b>\u00a0La definici\u00f3n de lujo con ricos sabores de ciruelas y naranja confitada con un toque de avellana y canela.<\/p>\n<p style=\"font-weight: 400;\"><b><strong>Cuerpo:\u00a0<\/strong><\/b>Un cuerpo refinado y aterciopelado que perdura en el paladar.<\/p>\n<p style=\"font-weight: 400;\"><b><strong>ABV 40% &#8211; 750 ml.<\/strong><\/b><\/p>\n","protected":false},"featured_media":16040,"comment_status":"open","ping_status":"closed","template":"","meta":[],"product_brand":[],"product_cat":[75],"product_tag":[125,126],"class_list":{"0":"post-16039","1":"product","2":"type-product","3":"status-publish","4":"has-post-thumbnail","6":"product_cat-brandy-conac","7":"product_tag-conac","8":"product_tag-francia","10":"first","11":"instock","12":"shipping-taxable","13":"purchasable","14":"product-type-simple"},"_links":{"self":[{"href":"https:\/\/lawhiskeria.cr\/index.php?rest_route=\/wp\/v2\/product\/16039","targetHints":{"allow":["GET"]}}],"collection":[{"href":"https:\/\/lawhiskeria.cr\/index.php?rest_route=\/wp\/v2\/product"}],"about":[{"href":"https:\/\/lawhiskeria.cr\/index.php?rest_route=\/wp\/v2\/types\/product"}],"replies":[{"embeddable":true,"href":"https:\/\/lawhiskeria.cr\/index.php?rest_route=%2Fwp%2Fv2%2Fcomments&post=16039"}],"version-history":[{"count":1,"href":"https:\/\/lawhiskeria.cr\/index.php?rest_route=\/wp\/v2\/product\/16039\/revisions"}],"predecessor-version":[{"id":16041,"href":"https:\/\/lawhiskeria.cr\/index.php?rest_route=\/wp\/v2\/product\/16039\/revisions\/16041"}],"wp:featuredmedia":[{"embeddable":true,"href":"https:\/\/lawhiskeria.cr\/index.php?rest_route=\/wp\/v2\/media\/16040"}],"wp:attachment":[{"href":"https:\/\/lawhiskeria.cr\/index.php?rest_route=%2Fwp%2Fv2%2Fmedia&parent=16039"}],"wp:term":[{"taxonomy":"product_brand","embeddable":true,"href":"https:\/\/lawhiskeria.cr\/index.php?rest_route=%2Fwp%2Fv2%2Fproduct_brand&post=16039"},{"taxonomy":"product_cat","embeddable":true,"href":"https:\/\/lawhiskeria.cr\/index.php?rest_route=%2Fwp%2Fv2%2Fproduct_cat&post=16039"},{"taxonomy":"product_tag","embeddable":true,"href":"https:\/\/lawhiskeria.cr\/index.php?rest_route=%2Fwp%2Fv2%2Fproduct_tag&post=16039"}],"curies":[{"name":"wp","href":"https:\/\/api.w.org\/{rel}","templated":true}]}}