{"id":16033,"date":"2024-03-10T18:21:03","date_gmt":"2024-03-10T18:21:03","guid":{"rendered":"https:\/\/stag.lawhiskeria.cr\/?post_type=product&#038;p=16033"},"modified":"2024-10-30T20:08:14","modified_gmt":"2024-10-30T20:08:14","slug":"conac-louis-xiii","status":"publish","type":"product","link":"https:\/\/lawhiskeria.cr\/?product=conac-louis-xiii","title":{"rendered":"Co\u00f1ac Louis XIII"},"content":{"rendered":"","protected":false},"excerpt":{"rendered":"<p style=\"font-weight: 400;\">Las mejores y m\u00e1s preciadas aguas de vida, elaboradas con uvas cultivadas en Grande Champagne, el principal cru de la regi\u00f3n de Cognac, se mezclan cuidadosamente a lo largo de los a\u00f1os para crear el co\u00f1ac dentro de cada decantador LOUIS XIII Classic. La procedencia y el tiempo son la esencia misma del cognac LOUIS XIII. Cada gota representa una artesan\u00eda finamente afinada que se transmite de una generaci\u00f3n de Cellar Master a la siguiente. Los aguardientes se envejecen lentamente en viejos tier\u00e7ons de Limousin (barricas tradicionales de roble franc\u00e9s envejecidas). Cada sorbo es una muestra del tiempo.<\/p>\n<p style=\"font-weight: 400;\">No hay dos de estos decantadores iguales. Hecho a mano por expertos artesanos de las mejores casas de cristal europeas, cada decantador est\u00e1 numerado individualmente y es \u00fanico. El dise\u00f1o distintivo, que presenta un cuello de oro de 20 quilates y 10 puntas distintivas en cada lado, est\u00e1 inspirado en un frasco del siglo XVI descubierto en el sitio de la Batalla de Jarnac, Francia, y que luego fue propiedad del fundador de LOUIS XIII, Paul-\u00c9mile. Remy Martin. El co\u00f1ac LOUIS XIII (70cl) tiene un peque\u00f1o chip NFC integrado en el tap\u00f3n de corcho que permite conectar sin problemas a los clientes con LOUIS XIII Society, un club privado, donde los miembros pueden disfrutar de contenido exclusivo, experiencias y servicios personalizados.<\/p>\n<p style=\"font-weight: 400;\">El decantador LOUIS XIII Classic est\u00e1 bellamente presentado en una exclusiva vitrina roja con caracter\u00edsticas de dise\u00f1o contempor\u00e1neo y conserva el ic\u00f3nico color rojo. El coffret ofrece una nueva experiencia de apertura que recuerda el momento en un restaurante gastron\u00f3mico cuando se levanta la campana para revelar las delicias que contiene. El coffret viene completo con una pantalla de espejo integrada para mostrar la licorera en casa, as\u00ed como un libro dedicado para descubrir m\u00e1s sobre LOUIS XIII.<\/p>\n<p style=\"font-weight: 400;\">El co\u00f1ac Louis XIII debe degustarse gota a gota. Se abre en boca en una explosi\u00f3n de aromas florales, frutales y especiados. Mientras lo degusta, t\u00f3mese un tiempo para apreciar la evoluci\u00f3n de estos sabores, que permanecen en el paladar por una hora.<\/p>\n<p style=\"font-weight: 400;\">Puede saborear el arte del tiempo desde la primera gota, sus inconfundibles notas amaderadas que evocan las barricas de roble envejecidas y a\u00f1os de arte que conducen a una explosi\u00f3n de notas a rosas secas, miel, mirra, caja de cigarros, ciruela, madre selva, cuero, higos y maracuy\u00e1. Saboree los sabores inolvidables que perduraran por mucho tiempo en su paladar, despertando recuerdos muy arraigados y marcando un momento \u00fanico en el tiempo.<\/p>\n<p style=\"font-weight: 400;\">AVB 40% &#8211; 700 ml.<\/p>\n","protected":false},"featured_media":16034,"comment_status":"open","ping_status":"closed","template":"","meta":[],"product_brand":[],"product_cat":[75],"product_tag":[125,126],"class_list":{"0":"post-16033","1":"product","2":"type-product","3":"status-publish","4":"has-post-thumbnail","6":"product_cat-brandy-conac","7":"product_tag-conac","8":"product_tag-francia","10":"first","11":"instock","12":"shipping-taxable","13":"purchasable","14":"product-type-simple"},"_links":{"self":[{"href":"https:\/\/lawhiskeria.cr\/index.php?rest_route=\/wp\/v2\/product\/16033","targetHints":{"allow":["GET"]}}],"collection":[{"href":"https:\/\/lawhiskeria.cr\/index.php?rest_route=\/wp\/v2\/product"}],"about":[{"href":"https:\/\/lawhiskeria.cr\/index.php?rest_route=\/wp\/v2\/types\/product"}],"replies":[{"embeddable":true,"href":"https:\/\/lawhiskeria.cr\/index.php?rest_route=%2Fwp%2Fv2%2Fcomments&post=16033"}],"version-history":[{"count":1,"href":"https:\/\/lawhiskeria.cr\/index.php?rest_route=\/wp\/v2\/product\/16033\/revisions"}],"predecessor-version":[{"id":16035,"href":"https:\/\/lawhiskeria.cr\/index.php?rest_route=\/wp\/v2\/product\/16033\/revisions\/16035"}],"wp:featuredmedia":[{"embeddable":true,"href":"https:\/\/lawhiskeria.cr\/index.php?rest_route=\/wp\/v2\/media\/16034"}],"wp:attachment":[{"href":"https:\/\/lawhiskeria.cr\/index.php?rest_route=%2Fwp%2Fv2%2Fmedia&parent=16033"}],"wp:term":[{"taxonomy":"product_brand","embeddable":true,"href":"https:\/\/lawhiskeria.cr\/index.php?rest_route=%2Fwp%2Fv2%2Fproduct_brand&post=16033"},{"taxonomy":"product_cat","embeddable":true,"href":"https:\/\/lawhiskeria.cr\/index.php?rest_route=%2Fwp%2Fv2%2Fproduct_cat&post=16033"},{"taxonomy":"product_tag","embeddable":true,"href":"https:\/\/lawhiskeria.cr\/index.php?rest_route=%2Fwp%2Fv2%2Fproduct_tag&post=16033"}],"curies":[{"name":"wp","href":"https:\/\/api.w.org\/{rel}","templated":true}]}}