{"id":16024,"date":"2024-03-10T18:07:34","date_gmt":"2024-03-10T18:07:34","guid":{"rendered":"https:\/\/stag.lawhiskeria.cr\/?post_type=product&#038;p=16024"},"modified":"2024-10-29T03:55:26","modified_gmt":"2024-10-29T03:55:26","slug":"brandy-soberano-solera","status":"publish","type":"product","link":"https:\/\/lawhiskeria.cr\/?product=brandy-soberano-solera","title":{"rendered":"Brandy Soberano Solera"},"content":{"rendered":"","protected":false},"excerpt":{"rendered":"<p style=\"font-weight: 400;\">Soberano se produce siguiendo una delicada destilaci\u00f3n del mosto de la uva Arien, producida en La Mancha. Para este mosto se utiliza un sistema de destilaci\u00f3n continuo en columnas de acero inoxidable en las destiler\u00edas de Gonz\u00e1lez Byass que se encuentran en Alcomasa, en La Mancha. El maestro destilador selecciona la parte central o coraz\u00f3n del espirituoso producido, descartando la cabeza y la cola. Esta parte es la que da la parte de mayor calidad y se conoce como Holanda. La variedad Arien ofrece Holandas arom\u00e1ticas, donde de aprecian notas especiadas con toques de frutas verdes, pi\u00f1a y pl\u00e1tano. La Holanda se env\u00eda entonces a Jerez donde comienza su crianza.<\/p>\n<p style=\"font-weight: 400;\">Esta Holanda comienza su crianza en botas de roble americano con capacidad de 600 litros, que antes han contenido alg\u00fan Jerez. En el caso de Soberano, T\u00edo Pepe. Soberano permanece como m\u00ednimo un a\u00f1o en el sistema de soleras y criaderas tan t\u00edpico de Jerez.<\/p>\n<p style=\"font-weight: 400;\">La influencia del Fino envejecido previamente en las botas utilizadas para Soberano le otorga a este brandy aromas y sabor excepcionales. Soberano muestra un color \u00e1mbar oscuro con tonos caoba. En la nariz arom\u00e1tico con toques de roble mezclado con frutos secos que recuerdan al Jerez. En el paladar redondo y suave con cuerpo, notas de vainilla y un agradable final.<\/p>\n<p style=\"font-weight: 400;\"><b><strong>ABV 36% &#8211; 700 ml.<\/strong><\/b><\/p>\n","protected":false},"featured_media":16025,"comment_status":"open","ping_status":"closed","template":"","meta":[],"product_brand":[],"product_cat":[75],"product_tag":[122,123],"class_list":{"0":"post-16024","1":"product","2":"type-product","3":"status-publish","4":"has-post-thumbnail","6":"product_cat-brandy-conac","7":"product_tag-brandy","8":"product_tag-brandy-espanol","10":"first","11":"instock","12":"shipping-taxable","13":"purchasable","14":"product-type-simple"},"_links":{"self":[{"href":"https:\/\/lawhiskeria.cr\/index.php?rest_route=\/wp\/v2\/product\/16024","targetHints":{"allow":["GET"]}}],"collection":[{"href":"https:\/\/lawhiskeria.cr\/index.php?rest_route=\/wp\/v2\/product"}],"about":[{"href":"https:\/\/lawhiskeria.cr\/index.php?rest_route=\/wp\/v2\/types\/product"}],"replies":[{"embeddable":true,"href":"https:\/\/lawhiskeria.cr\/index.php?rest_route=%2Fwp%2Fv2%2Fcomments&post=16024"}],"version-history":[{"count":1,"href":"https:\/\/lawhiskeria.cr\/index.php?rest_route=\/wp\/v2\/product\/16024\/revisions"}],"predecessor-version":[{"id":16026,"href":"https:\/\/lawhiskeria.cr\/index.php?rest_route=\/wp\/v2\/product\/16024\/revisions\/16026"}],"wp:featuredmedia":[{"embeddable":true,"href":"https:\/\/lawhiskeria.cr\/index.php?rest_route=\/wp\/v2\/media\/16025"}],"wp:attachment":[{"href":"https:\/\/lawhiskeria.cr\/index.php?rest_route=%2Fwp%2Fv2%2Fmedia&parent=16024"}],"wp:term":[{"taxonomy":"product_brand","embeddable":true,"href":"https:\/\/lawhiskeria.cr\/index.php?rest_route=%2Fwp%2Fv2%2Fproduct_brand&post=16024"},{"taxonomy":"product_cat","embeddable":true,"href":"https:\/\/lawhiskeria.cr\/index.php?rest_route=%2Fwp%2Fv2%2Fproduct_cat&post=16024"},{"taxonomy":"product_tag","embeddable":true,"href":"https:\/\/lawhiskeria.cr\/index.php?rest_route=%2Fwp%2Fv2%2Fproduct_tag&post=16024"}],"curies":[{"name":"wp","href":"https:\/\/api.w.org\/{rel}","templated":true}]}}