{"id":16021,"date":"2024-03-10T18:03:50","date_gmt":"2024-03-10T18:03:50","guid":{"rendered":"https:\/\/stag.lawhiskeria.cr\/?post_type=product&#038;p=16021"},"modified":"2024-10-29T03:53:35","modified_gmt":"2024-10-29T03:53:35","slug":"brandy-soberano-gran-reserva-12-anos","status":"publish","type":"product","link":"https:\/\/lawhiskeria.cr\/?product=brandy-soberano-gran-reserva-12-anos","title":{"rendered":"Brandy Soberano Gran Reserva 12 a\u00f1os"},"content":{"rendered":"","protected":false},"excerpt":{"rendered":"<p style=\"font-weight: 400;\">Soberano se produce siguiendo una delicada destilaci\u00f3n del mosto de la uva Arien, producida en La Mancha. Para este mosto se utiliza un sistema de destilaci\u00f3n continuo en columnas de acero inoxidable en las destiler\u00edas de Gonz\u00e1lez Byass que se encuentran en Alcomasa, en La Mancha. El maestro destilador selecciona la parte central o coraz\u00f3n del espirituoso producido, descartando la cabeza y la cola. Esta parte es la que da la parte de mayor calidad y se conoce como Holanda. La variedad Arien ofrece Holandas arom\u00e1ticas, donde de aprecian notas especiadas con toques de frutas verdes, pi\u00f1a y pl\u00e1tano. La Holanda se env\u00eda entonces a Jerez donde comienza su crianza.<\/p>\n<p style=\"font-weight: 400;\">Esta Holanda comienza su crianza en botas de roble americano con capacidad de 6001itros, que antes han contenido alg\u00fan Jerez. En el caso de Soberano 12, un oloroso dulce. Soberano permanece alrededor de 12 a\u00f1os en barrica en el sistema de soleras y criaderas tan t\u00edpico de Jerez.<\/p>\n<p style=\"font-weight: 400;\">Como resultado de los 12 a\u00f1os pasados en botas que contuvieron Jerez, Soberano 12 tiene un car\u00e1cter muy influenciado por el Oloroso Dulce; un elegante color caoba con intensos tonos cobrizos y \u00e1mbar. En la nariz intenso y complejo, donde se mezclan aroma de roble, frutos secos, caramelo y notas bals\u00e1micas, acompa\u00f1ado de tonos tostados y de miel. En el paladar redondo y elegante con un final aterciopelado.<\/p>\n<p style=\"font-weight: 400;\"><b><strong>ABV 38% &#8211; 750 ml.<\/strong><\/b><\/p>\n","protected":false},"featured_media":16022,"comment_status":"open","ping_status":"closed","template":"","meta":[],"product_brand":[],"product_cat":[75],"product_tag":[122,123],"class_list":{"0":"post-16021","1":"product","2":"type-product","3":"status-publish","4":"has-post-thumbnail","6":"product_cat-brandy-conac","7":"product_tag-brandy","8":"product_tag-brandy-espanol","10":"first","11":"instock","12":"shipping-taxable","13":"purchasable","14":"product-type-simple"},"_links":{"self":[{"href":"https:\/\/lawhiskeria.cr\/index.php?rest_route=\/wp\/v2\/product\/16021","targetHints":{"allow":["GET"]}}],"collection":[{"href":"https:\/\/lawhiskeria.cr\/index.php?rest_route=\/wp\/v2\/product"}],"about":[{"href":"https:\/\/lawhiskeria.cr\/index.php?rest_route=\/wp\/v2\/types\/product"}],"replies":[{"embeddable":true,"href":"https:\/\/lawhiskeria.cr\/index.php?rest_route=%2Fwp%2Fv2%2Fcomments&post=16021"}],"version-history":[{"count":1,"href":"https:\/\/lawhiskeria.cr\/index.php?rest_route=\/wp\/v2\/product\/16021\/revisions"}],"predecessor-version":[{"id":16023,"href":"https:\/\/lawhiskeria.cr\/index.php?rest_route=\/wp\/v2\/product\/16021\/revisions\/16023"}],"wp:featuredmedia":[{"embeddable":true,"href":"https:\/\/lawhiskeria.cr\/index.php?rest_route=\/wp\/v2\/media\/16022"}],"wp:attachment":[{"href":"https:\/\/lawhiskeria.cr\/index.php?rest_route=%2Fwp%2Fv2%2Fmedia&parent=16021"}],"wp:term":[{"taxonomy":"product_brand","embeddable":true,"href":"https:\/\/lawhiskeria.cr\/index.php?rest_route=%2Fwp%2Fv2%2Fproduct_brand&post=16021"},{"taxonomy":"product_cat","embeddable":true,"href":"https:\/\/lawhiskeria.cr\/index.php?rest_route=%2Fwp%2Fv2%2Fproduct_cat&post=16021"},{"taxonomy":"product_tag","embeddable":true,"href":"https:\/\/lawhiskeria.cr\/index.php?rest_route=%2Fwp%2Fv2%2Fproduct_tag&post=16021"}],"curies":[{"name":"wp","href":"https:\/\/api.w.org\/{rel}","templated":true}]}}