{"id":16002,"date":"2024-03-10T06:11:08","date_gmt":"2024-03-10T06:11:08","guid":{"rendered":"https:\/\/stag.lawhiskeria.cr\/?post_type=product&#038;p=16002"},"modified":"2024-10-30T00:19:21","modified_gmt":"2024-10-30T00:19:21","slug":"tomatin-legacy","status":"publish","type":"product","link":"https:\/\/lawhiskeria.cr\/?product=tomatin-legacy","title":{"rendered":"Tomatin Legacy"},"content":{"rendered":"<p style=\"font-weight: 400;\">Cuando se fund\u00f3 la destiler\u00eda Tomatin en 1897, el entorno aislado e id\u00edlico de Tomatin era casi perfecto. Sin embargo, no hab\u00eda mano de obra local; los habitantes locales eran pastores y ganaderos dispersos. La empresa inici\u00f3 un proyecto de construcci\u00f3n para dar cabida a su fuerza laboral. Desde entonces, la destiler\u00eda ha estado en el coraz\u00f3n de la comunidad y ella en el coraz\u00f3n de la destiler\u00eda. Este legado ha continuado y Tomatin sigue siendo una de las pocas destiler\u00edas que brinda un hogar a sus dedicados artesanos.<\/p>\n","protected":false},"excerpt":{"rendered":"<p style=\"font-weight: 400;\"><b><strong>Tomatin Legacy<\/strong><\/b> es un whisky de malta madurado en un 85% en barricas de roble ex-bourbon de primer llenado y un 15% en barricas de Roble Virgen, las que le aportan una ligera dulzura.<\/p>\n<p style=\"font-weight: 400;\">Es un whisky escoc\u00e9s sin turba que cuenta con <b><strong>aromas<\/strong><\/b> de vainilla. chocolate blanco, canela, malvavisco, pi\u00f1a y lim\u00f3n.<\/p>\n<p style=\"font-weight: 400;\">En el\u00a0<b><strong>paladar<\/strong><\/b> emergen suaves ondas de fruta fresca condimentada con jengibre, caramelo, pino, sorbete de lim\u00f3n y manzanas, antes de un<b><strong>\u00a0final<\/strong><\/b> ligero y limpio.<\/p>\n<p style=\"font-weight: 400;\"><b><strong>ABV 43% &#8211; 700 ml.<\/strong><\/b><\/p>\n<p style=\"font-weight: 400;\"><b><strong>Maridaje: <\/strong><\/b>Quesos suaves, y cremosos, frutas frescas como manzanas y peras, frutos secos como almendras y nueces, chocolate amargo o con leche. Platos ligeros de pescado como ceviche y sushi.<\/p>\n<p><strong>Tomatin Legacy Highland Single Malt Scotch Whisky<\/strong> ha sido considerado <strong>\u201cEl mejor whisky del mundo 2022\u201d en la International Wine and Spirit Competition.<\/strong><br \/>\nDe entre las m\u00e1s de 1400 participaciones, Tomatin Legacy ha logrado la puntuaci\u00f3n de <strong>99 puntos sobre 100.<\/strong><\/p>\n<p><iframe loading=\"lazy\" title=\"YouTube video player\" src=\"https:\/\/www.youtube.com\/embed\/qQ_xWnQQKmw?si=3Of-qBngH7jHCVuE&amp;start=3810\" width=\"560\" height=\"315\" frameborder=\"0\" allowfullscreen=\"allowfullscreen\"><\/iframe><\/p>\n","protected":false},"featured_media":16003,"comment_status":"open","ping_status":"closed","template":"","meta":[],"product_brand":[],"product_cat":[72],"product_tag":[109,108,110],"class_list":{"0":"post-16002","1":"product","2":"type-product","3":"status-publish","4":"has-post-thumbnail","6":"product_cat-single-malt","7":"product_tag-escocia","8":"product_tag-single-malt","9":"product_tag-whisky-escoces","11":"first","12":"instock","13":"shipping-taxable","14":"purchasable","15":"product-type-simple"},"_links":{"self":[{"href":"https:\/\/lawhiskeria.cr\/index.php?rest_route=\/wp\/v2\/product\/16002","targetHints":{"allow":["GET"]}}],"collection":[{"href":"https:\/\/lawhiskeria.cr\/index.php?rest_route=\/wp\/v2\/product"}],"about":[{"href":"https:\/\/lawhiskeria.cr\/index.php?rest_route=\/wp\/v2\/types\/product"}],"replies":[{"embeddable":true,"href":"https:\/\/lawhiskeria.cr\/index.php?rest_route=%2Fwp%2Fv2%2Fcomments&post=16002"}],"version-history":[{"count":5,"href":"https:\/\/lawhiskeria.cr\/index.php?rest_route=\/wp\/v2\/product\/16002\/revisions"}],"predecessor-version":[{"id":17769,"href":"https:\/\/lawhiskeria.cr\/index.php?rest_route=\/wp\/v2\/product\/16002\/revisions\/17769"}],"wp:featuredmedia":[{"embeddable":true,"href":"https:\/\/lawhiskeria.cr\/index.php?rest_route=\/wp\/v2\/media\/16003"}],"wp:attachment":[{"href":"https:\/\/lawhiskeria.cr\/index.php?rest_route=%2Fwp%2Fv2%2Fmedia&parent=16002"}],"wp:term":[{"taxonomy":"product_brand","embeddable":true,"href":"https:\/\/lawhiskeria.cr\/index.php?rest_route=%2Fwp%2Fv2%2Fproduct_brand&post=16002"},{"taxonomy":"product_cat","embeddable":true,"href":"https:\/\/lawhiskeria.cr\/index.php?rest_route=%2Fwp%2Fv2%2Fproduct_cat&post=16002"},{"taxonomy":"product_tag","embeddable":true,"href":"https:\/\/lawhiskeria.cr\/index.php?rest_route=%2Fwp%2Fv2%2Fproduct_tag&post=16002"}],"curies":[{"name":"wp","href":"https:\/\/api.w.org\/{rel}","templated":true}]}}