{"id":15990,"date":"2024-03-10T05:57:45","date_gmt":"2024-03-10T05:57:45","guid":{"rendered":"https:\/\/stag.lawhiskeria.cr\/?post_type=product&#038;p=15990"},"modified":"2024-12-07T18:35:29","modified_gmt":"2024-12-07T18:35:29","slug":"the-singleton-12-anos","status":"publish","type":"product","link":"https:\/\/lawhiskeria.cr\/?product=the-singleton-12-anos","title":{"rendered":"The Singleton 12 a\u00f1os"},"content":{"rendered":"","protected":false},"excerpt":{"rendered":"<p><strong>El Singleton 12 a\u00f1os Luscious Nectar<\/strong><\/p>\n<p>Este whisky escoc\u00e9s de malta \u00fanica de 12 a\u00f1os se madura en una alta proporci\u00f3n de<strong>\u00a0barricas de roble americano<\/strong>\u00a0con una peque\u00f1a porci\u00f3n de barricas de\u00a0<strong>roble europeo de Pedro Xim\u00e9nez<\/strong>\u00a0para equilibrar el l\u00edquido. El resultado es un single malt f\u00e1cil de disfrutar con notas de deliciosa az\u00facar morena, manzanas cocidas suaves y caramelo cremoso, que se sirve mejor con risas y buena compa\u00f1\u00eda.<\/p>\n<p><strong>Nariz:\u00a0<\/strong>Fresco, ligero y limpio. Fruta fresca y suaves notas arom\u00e1ticas; cuero perfumado, s\u00e1ndalo sutil y vainilla.<\/p>\n<p><strong>Paladar:<\/strong>\u00a0Fresco y f\u00e1cil de beber; picante, luego suave y agradablemente dulce. Afrutado, con c\u00edtricos, pasas, vainilla y un toque de miel.<\/p>\n<p><strong>Final:\u00a0<\/strong>Corto, cremoso y suave.<\/p>\n<p><strong>Cuerpo:<\/strong>\u00a0Ligero a medio.<\/p>\n<p><strong>40% ABV | 750ml<\/strong><\/p>\n","protected":false},"featured_media":15991,"comment_status":"open","ping_status":"closed","template":"","meta":[],"product_brand":[],"product_cat":[72],"product_tag":[109,108,110],"class_list":{"0":"post-15990","1":"product","2":"type-product","3":"status-publish","4":"has-post-thumbnail","6":"product_cat-single-malt","7":"product_tag-escocia","8":"product_tag-single-malt","9":"product_tag-whisky-escoces","11":"first","12":"instock","13":"shipping-taxable","14":"purchasable","15":"product-type-simple"},"_links":{"self":[{"href":"https:\/\/lawhiskeria.cr\/index.php?rest_route=\/wp\/v2\/product\/15990","targetHints":{"allow":["GET"]}}],"collection":[{"href":"https:\/\/lawhiskeria.cr\/index.php?rest_route=\/wp\/v2\/product"}],"about":[{"href":"https:\/\/lawhiskeria.cr\/index.php?rest_route=\/wp\/v2\/types\/product"}],"replies":[{"embeddable":true,"href":"https:\/\/lawhiskeria.cr\/index.php?rest_route=%2Fwp%2Fv2%2Fcomments&post=15990"}],"version-history":[{"count":1,"href":"https:\/\/lawhiskeria.cr\/index.php?rest_route=\/wp\/v2\/product\/15990\/revisions"}],"predecessor-version":[{"id":15992,"href":"https:\/\/lawhiskeria.cr\/index.php?rest_route=\/wp\/v2\/product\/15990\/revisions\/15992"}],"wp:featuredmedia":[{"embeddable":true,"href":"https:\/\/lawhiskeria.cr\/index.php?rest_route=\/wp\/v2\/media\/15991"}],"wp:attachment":[{"href":"https:\/\/lawhiskeria.cr\/index.php?rest_route=%2Fwp%2Fv2%2Fmedia&parent=15990"}],"wp:term":[{"taxonomy":"product_brand","embeddable":true,"href":"https:\/\/lawhiskeria.cr\/index.php?rest_route=%2Fwp%2Fv2%2Fproduct_brand&post=15990"},{"taxonomy":"product_cat","embeddable":true,"href":"https:\/\/lawhiskeria.cr\/index.php?rest_route=%2Fwp%2Fv2%2Fproduct_cat&post=15990"},{"taxonomy":"product_tag","embeddable":true,"href":"https:\/\/lawhiskeria.cr\/index.php?rest_route=%2Fwp%2Fv2%2Fproduct_tag&post=15990"}],"curies":[{"name":"wp","href":"https:\/\/api.w.org\/{rel}","templated":true}]}}