{"id":15987,"date":"2024-03-10T05:53:56","date_gmt":"2024-03-10T05:53:56","guid":{"rendered":"https:\/\/stag.lawhiskeria.cr\/?post_type=product&#038;p=15987"},"modified":"2026-03-23T22:28:28","modified_gmt":"2026-03-23T22:28:28","slug":"the-macallan-triple-cask-18-anos","status":"publish","type":"product","link":"https:\/\/lawhiskeria.cr\/?product=the-macallan-triple-cask-18-anos","title":{"rendered":"The Macallan 18 a\u00f1os Double Cask"},"content":{"rendered":"","protected":false},"excerpt":{"rendered":"<p>The Macallan Double Cask 18 Years Old, un whisky de malta perfectamente equilibrado, madurado durante 18 a\u00f1os en barricas de roble americano y europeo sazonadas con jerez.<\/p>\n<p>El roble americano sazonado con jerez a\u00f1ade una delicada vainilla a las sutiles especias del roble europeo, dando lugar a un whisky con un sabor y un car\u00e1cter m\u00e1s dulce y c\u00e1lido.<\/p>\n<p class=\"text-align-justify\">Combinando excepcionalmente el uso de dos distintos tipos de robles; europeo y americano, los cuales fueron curados \u201cSazonados\u201d previamente a su uso para madurar estos whiskies.<\/p>\n<p class=\"text-align-justify\">Cada expresi\u00f3n de nuestra colecci\u00f3n Double Cask es un complejo viaje sensorial, maravillosamente equilibrado por el roble europeo y americano, sazonado con jerez en Jerez de la Frontera, Espa\u00f1a.<\/p>\n<p>Con matices dorados que realzan el color del whisky y reflejan las notas de sabor clave de caramelo de melaza, jengibre dulce, frutos secos y nuez moscada, The Macallan Double Cask 18 Years Old, se erige orgulloso como un marcador de extraordinaria artesan\u00eda.<\/p>\n<p>ABV 40% &#8211; 700 ml.<\/p>\n","protected":false},"featured_media":18085,"comment_status":"open","ping_status":"closed","template":"","meta":[],"product_brand":[],"product_cat":[32,72],"product_tag":[109,108,110],"class_list":{"0":"post-15987","1":"product","2":"type-product","3":"status-publish","4":"has-post-thumbnail","6":"product_cat-whisky","7":"product_cat-single-malt","8":"product_tag-escocia","9":"product_tag-single-malt","10":"product_tag-whisky-escoces","12":"first","13":"instock","14":"shipping-taxable","15":"purchasable","16":"product-type-simple"},"_links":{"self":[{"href":"https:\/\/lawhiskeria.cr\/index.php?rest_route=\/wp\/v2\/product\/15987","targetHints":{"allow":["GET"]}}],"collection":[{"href":"https:\/\/lawhiskeria.cr\/index.php?rest_route=\/wp\/v2\/product"}],"about":[{"href":"https:\/\/lawhiskeria.cr\/index.php?rest_route=\/wp\/v2\/types\/product"}],"replies":[{"embeddable":true,"href":"https:\/\/lawhiskeria.cr\/index.php?rest_route=%2Fwp%2Fv2%2Fcomments&post=15987"}],"version-history":[{"count":5,"href":"https:\/\/lawhiskeria.cr\/index.php?rest_route=\/wp\/v2\/product\/15987\/revisions"}],"predecessor-version":[{"id":18086,"href":"https:\/\/lawhiskeria.cr\/index.php?rest_route=\/wp\/v2\/product\/15987\/revisions\/18086"}],"wp:featuredmedia":[{"embeddable":true,"href":"https:\/\/lawhiskeria.cr\/index.php?rest_route=\/wp\/v2\/media\/18085"}],"wp:attachment":[{"href":"https:\/\/lawhiskeria.cr\/index.php?rest_route=%2Fwp%2Fv2%2Fmedia&parent=15987"}],"wp:term":[{"taxonomy":"product_brand","embeddable":true,"href":"https:\/\/lawhiskeria.cr\/index.php?rest_route=%2Fwp%2Fv2%2Fproduct_brand&post=15987"},{"taxonomy":"product_cat","embeddable":true,"href":"https:\/\/lawhiskeria.cr\/index.php?rest_route=%2Fwp%2Fv2%2Fproduct_cat&post=15987"},{"taxonomy":"product_tag","embeddable":true,"href":"https:\/\/lawhiskeria.cr\/index.php?rest_route=%2Fwp%2Fv2%2Fproduct_tag&post=15987"}],"curies":[{"name":"wp","href":"https:\/\/api.w.org\/{rel}","templated":true}]}}