{"id":15981,"date":"2024-03-10T05:42:39","date_gmt":"2024-03-10T05:42:39","guid":{"rendered":"https:\/\/stag.lawhiskeria.cr\/?post_type=product&#038;p=15981"},"modified":"2026-03-23T22:01:51","modified_gmt":"2026-03-23T22:01:51","slug":"the-macallan-triple-cask-12-anos","status":"publish","type":"product","link":"https:\/\/lawhiskeria.cr\/?product=the-macallan-triple-cask-12-anos","title":{"rendered":"The Macallan 12 a\u00f1os Double Cask"},"content":{"rendered":"<p><strong>Cada whisky de pura malta de The Macallan revela el compromiso inigualable con el dominio de la madera y el alcohol por el que The Macallan es conocida desde su fundaci\u00f3n en 1824. Es una expresi\u00f3n de nuestro deseo permanente de ir m\u00e1s all\u00e1 de lo ordinario, de buscar lo extraordinario y crear whiskys de pura malta sin igual.<\/strong><\/p>\n<p><strong>Nuestra reputaci\u00f3n de extraordinarios se caracteriza por las excepcionales barricas de roble por las que The Macallan es famosa. Obtenidas, elaboradas, tostadas y sazonadas bajo la atenta mirada del Maestro de la Madera, las barricas seleccionadas a mano se entregan seg\u00fan las exigentes especificaciones del Equipo de Maestr\u00eda del Whisky. Es el roble el que m\u00e1s contribuye a la calidad, el color natural y los aromas y sabores distintivos que se encuentran en el coraz\u00f3n de este whisky de pura malta.<\/strong><\/p>\n<p><strong>Una vez llenado, el whisky en maduraci\u00f3n permanece intacto en las mismas barricas durante la cantidad de a\u00f1os necesaria para que sea digno de su expresi\u00f3n destinada de Macallan. Son estas barricas de roble las que hacen la mayor contribuci\u00f3n a la calidad, el color natural y los aromas y sabores distintivos que se encuentran en el coraz\u00f3n del whisky de malta simple The Macallan.<\/strong><\/p>\n","protected":false},"excerpt":{"rendered":"<p><strong>The Macallan Double Cask 12 Years Old forma parte de nuestra gama Double Cask, que combina el estilo cl\u00e1sico de Macallan con la inconfundible dulzura del roble americano. Se trata de un single malt redondo y perfectamente equilibrado, con sabores a dulce de az\u00facar, c\u00edtricos y especias suaves.<\/strong><\/p>\n<p><strong>Fudge. C\u00edtricos. Especia suave.<\/strong><\/p>\n<p><strong>DOBLE BARRICA DE ERIK MADIGAN HECK<\/strong><br \/>\n<strong>Cada expresi\u00f3n de nuestra colecci\u00f3n Double Cask es un complejo viaje sensorial, maravillosamente equilibrado por el roble europeo y americano, sazonado con jerez en Jerez de la Frontera, Espa\u00f1a. El fot\u00f3grafo Erik Madigan Heck ha presentado su interpretaci\u00f3n visual de Double Cask 12 Years Old inspirada en las cl\u00e1sicas naturalezas muertas flamencas del siglo XVII.<\/strong><\/p>\n<p><strong>Notas de c\u00edtricos de lim\u00f3n confitado y suave caramelo son s\u00f3lo dos de los sabores que definen The Macallan Double Cask 12 Years Old.<\/strong><\/p>\n<p><strong>Si se observa con detenimiento, se aprecian sutiles toques de vainilla en el bodeg\u00f3n, y el tejido de gasa p\u00farpura bicolor es un gui\u00f1o a la uni\u00f3n de barricas de roble americano y europeo sazonadas con jerez, caracter\u00edstica definitoria de la colecci\u00f3n Double Cask.<\/strong><\/p>\n<p><strong>ABV 40% &#8211; 700 ml.<\/strong><\/p>\n","protected":false},"featured_media":19859,"comment_status":"open","ping_status":"closed","template":"","meta":[],"product_brand":[],"product_cat":[32,72],"product_tag":[109,108,110],"class_list":{"0":"post-15981","1":"product","2":"type-product","3":"status-publish","4":"has-post-thumbnail","6":"product_cat-whisky","7":"product_cat-single-malt","8":"product_tag-escocia","9":"product_tag-single-malt","10":"product_tag-whisky-escoces","12":"first","13":"instock","14":"shipping-taxable","15":"purchasable","16":"product-type-simple"},"_links":{"self":[{"href":"https:\/\/lawhiskeria.cr\/index.php?rest_route=\/wp\/v2\/product\/15981","targetHints":{"allow":["GET"]}}],"collection":[{"href":"https:\/\/lawhiskeria.cr\/index.php?rest_route=\/wp\/v2\/product"}],"about":[{"href":"https:\/\/lawhiskeria.cr\/index.php?rest_route=\/wp\/v2\/types\/product"}],"replies":[{"embeddable":true,"href":"https:\/\/lawhiskeria.cr\/index.php?rest_route=%2Fwp%2Fv2%2Fcomments&post=15981"}],"version-history":[{"count":7,"href":"https:\/\/lawhiskeria.cr\/index.php?rest_route=\/wp\/v2\/product\/15981\/revisions"}],"predecessor-version":[{"id":19858,"href":"https:\/\/lawhiskeria.cr\/index.php?rest_route=\/wp\/v2\/product\/15981\/revisions\/19858"}],"wp:featuredmedia":[{"embeddable":true,"href":"https:\/\/lawhiskeria.cr\/index.php?rest_route=\/wp\/v2\/media\/19859"}],"wp:attachment":[{"href":"https:\/\/lawhiskeria.cr\/index.php?rest_route=%2Fwp%2Fv2%2Fmedia&parent=15981"}],"wp:term":[{"taxonomy":"product_brand","embeddable":true,"href":"https:\/\/lawhiskeria.cr\/index.php?rest_route=%2Fwp%2Fv2%2Fproduct_brand&post=15981"},{"taxonomy":"product_cat","embeddable":true,"href":"https:\/\/lawhiskeria.cr\/index.php?rest_route=%2Fwp%2Fv2%2Fproduct_cat&post=15981"},{"taxonomy":"product_tag","embeddable":true,"href":"https:\/\/lawhiskeria.cr\/index.php?rest_route=%2Fwp%2Fv2%2Fproduct_tag&post=15981"}],"curies":[{"name":"wp","href":"https:\/\/api.w.org\/{rel}","templated":true}]}}