{"id":15978,"date":"2024-03-10T05:39:35","date_gmt":"2024-03-10T05:39:35","guid":{"rendered":"https:\/\/stag.lawhiskeria.cr\/?post_type=product&#038;p=15978"},"modified":"2026-03-23T22:31:41","modified_gmt":"2026-03-23T22:31:41","slug":"the-macallan-sherry-oak-25-anos","status":"publish","type":"product","link":"https:\/\/lawhiskeria.cr\/?product=the-macallan-sherry-oak-25-anos","title":{"rendered":"The Macallan 25 a\u00f1os Sherry Oak"},"content":{"rendered":"","protected":false},"excerpt":{"rendered":"<p>El whisky\u00a0<strong>The Macallan Sherry Oak 25 Years Old\u00a0<\/strong>forma parte de nuestra gama Sherry Oak, que est\u00e1 compuesta por varios whiskies single malt madurados exclusivamente en barricas de roble cuidadosamente escogidas y que previamente han albergado jerez procedente de la regi\u00f3n hom\u00f3nima para aportarles intensidad y complejidad. Este single malt especial proporciona un car\u00e1cter intensamente pronunciado y repleto de sabor a c\u00edtricos, frutas secas y madera ahumada.<\/p>\n<p><strong>Color:<\/strong>\u00a0Caoba rica.<\/p>\n<p><strong>Nariz:\u00a0<\/strong>C\u00edtrico, equilibrado con canela, jerez y humo de le\u00f1a.<\/p>\n<p><strong>Boca:<\/strong>\u00a0Lleno y rico, con frutas secas y un toque de humo de le\u00f1a.<\/p>\n<p>Consumir solo, o en cocteles. Va bien con jam\u00f3n Ib\u00e9rico y aceitunas.<\/p>\n<p><strong>ABV 43% &#8211; 700 ml.<\/strong><\/p>\n","protected":false},"featured_media":15979,"comment_status":"open","ping_status":"closed","template":"","meta":[],"product_brand":[],"product_cat":[32,72],"product_tag":[109,108,110],"class_list":{"0":"post-15978","1":"product","2":"type-product","3":"status-publish","4":"has-post-thumbnail","6":"product_cat-whisky","7":"product_cat-single-malt","8":"product_tag-escocia","9":"product_tag-single-malt","10":"product_tag-whisky-escoces","12":"first","13":"instock","14":"shipping-taxable","15":"purchasable","16":"product-type-simple"},"_links":{"self":[{"href":"https:\/\/lawhiskeria.cr\/index.php?rest_route=\/wp\/v2\/product\/15978","targetHints":{"allow":["GET"]}}],"collection":[{"href":"https:\/\/lawhiskeria.cr\/index.php?rest_route=\/wp\/v2\/product"}],"about":[{"href":"https:\/\/lawhiskeria.cr\/index.php?rest_route=\/wp\/v2\/types\/product"}],"replies":[{"embeddable":true,"href":"https:\/\/lawhiskeria.cr\/index.php?rest_route=%2Fwp%2Fv2%2Fcomments&post=15978"}],"version-history":[{"count":2,"href":"https:\/\/lawhiskeria.cr\/index.php?rest_route=\/wp\/v2\/product\/15978\/revisions"}],"predecessor-version":[{"id":17307,"href":"https:\/\/lawhiskeria.cr\/index.php?rest_route=\/wp\/v2\/product\/15978\/revisions\/17307"}],"wp:featuredmedia":[{"embeddable":true,"href":"https:\/\/lawhiskeria.cr\/index.php?rest_route=\/wp\/v2\/media\/15979"}],"wp:attachment":[{"href":"https:\/\/lawhiskeria.cr\/index.php?rest_route=%2Fwp%2Fv2%2Fmedia&parent=15978"}],"wp:term":[{"taxonomy":"product_brand","embeddable":true,"href":"https:\/\/lawhiskeria.cr\/index.php?rest_route=%2Fwp%2Fv2%2Fproduct_brand&post=15978"},{"taxonomy":"product_cat","embeddable":true,"href":"https:\/\/lawhiskeria.cr\/index.php?rest_route=%2Fwp%2Fv2%2Fproduct_cat&post=15978"},{"taxonomy":"product_tag","embeddable":true,"href":"https:\/\/lawhiskeria.cr\/index.php?rest_route=%2Fwp%2Fv2%2Fproduct_tag&post=15978"}],"curies":[{"name":"wp","href":"https:\/\/api.w.org\/{rel}","templated":true}]}}