{"id":15972,"date":"2024-03-10T05:31:28","date_gmt":"2024-03-10T05:31:28","guid":{"rendered":"https:\/\/stag.lawhiskeria.cr\/?post_type=product&#038;p=15972"},"modified":"2025-11-09T22:56:42","modified_gmt":"2025-11-09T22:56:42","slug":"the-macallan-rare-cask","status":"publish","type":"product","link":"https:\/\/lawhiskeria.cr\/?product=the-macallan-rare-cask","title":{"rendered":"The Macallan Rare Cask"},"content":{"rendered":"","protected":false},"excerpt":{"rendered":"<p>Rare Cask combina conocimientos, habilidad, pasi\u00f3n, compromiso y creatividad para crear un whisky excepcional que sea digno de su nombre. Elaborado para exhibir complejidad y profundidad, Rare Cask se obtiene del abanico m\u00e1s amplio de barricas utilizadas para la maduraci\u00f3n en The Macallan Estate. La combinaci\u00f3n de barricas de roble americano y europeo sazonadas con jerez, seleccionadas cuidadosamente por nuestro equipo de elaboraci\u00f3n del whisky y con un alto porcentaje de ellas de primer relleno, brinda un whisky exquisito e inconfundiblemente le\u00f1oso con un color intenso.<\/p>\n<p><strong>Color:<\/strong>\u00a0Rojo caoba oscuro.\u00a0<strong>Nariz:\u00a0<\/strong>Notas suaves de opulenta vainilla y pasas dan paso a una dulce combinaci\u00f3n de manzana, lim\u00f3n y naranja. Todo ello equilibrado por un cuarteto de especias: ra\u00edz de jengibre, canela, nuez moscada y clavo.\u00a0<strong>Boca:<\/strong>\u00a0Este cuarteto de especias es inquebrantable. El roble se hace sentir, atemporal, pulido e intenso. La vainilla y el chocolate lideran en final, junto con un toque ligero de ralladura de c\u00edtricos.<\/p>\n<p>Consumir solo o con hielo.<\/p>\n<p><strong>ABV 43% &#8211; 700 ml.<\/strong><\/p>\n","protected":false},"featured_media":15973,"comment_status":"open","ping_status":"closed","template":"","meta":[],"product_brand":[],"product_cat":[72],"product_tag":[109,108,110],"class_list":{"0":"post-15972","1":"product","2":"type-product","3":"status-publish","4":"has-post-thumbnail","6":"product_cat-single-malt","7":"product_tag-escocia","8":"product_tag-single-malt","9":"product_tag-whisky-escoces","11":"first","12":"instock","13":"shipping-taxable","14":"purchasable","15":"product-type-simple"},"_links":{"self":[{"href":"https:\/\/lawhiskeria.cr\/index.php?rest_route=\/wp\/v2\/product\/15972","targetHints":{"allow":["GET"]}}],"collection":[{"href":"https:\/\/lawhiskeria.cr\/index.php?rest_route=\/wp\/v2\/product"}],"about":[{"href":"https:\/\/lawhiskeria.cr\/index.php?rest_route=\/wp\/v2\/types\/product"}],"replies":[{"embeddable":true,"href":"https:\/\/lawhiskeria.cr\/index.php?rest_route=%2Fwp%2Fv2%2Fcomments&post=15972"}],"version-history":[{"count":1,"href":"https:\/\/lawhiskeria.cr\/index.php?rest_route=\/wp\/v2\/product\/15972\/revisions"}],"predecessor-version":[{"id":15974,"href":"https:\/\/lawhiskeria.cr\/index.php?rest_route=\/wp\/v2\/product\/15972\/revisions\/15974"}],"wp:featuredmedia":[{"embeddable":true,"href":"https:\/\/lawhiskeria.cr\/index.php?rest_route=\/wp\/v2\/media\/15973"}],"wp:attachment":[{"href":"https:\/\/lawhiskeria.cr\/index.php?rest_route=%2Fwp%2Fv2%2Fmedia&parent=15972"}],"wp:term":[{"taxonomy":"product_brand","embeddable":true,"href":"https:\/\/lawhiskeria.cr\/index.php?rest_route=%2Fwp%2Fv2%2Fproduct_brand&post=15972"},{"taxonomy":"product_cat","embeddable":true,"href":"https:\/\/lawhiskeria.cr\/index.php?rest_route=%2Fwp%2Fv2%2Fproduct_cat&post=15972"},{"taxonomy":"product_tag","embeddable":true,"href":"https:\/\/lawhiskeria.cr\/index.php?rest_route=%2Fwp%2Fv2%2Fproduct_tag&post=15972"}],"curies":[{"name":"wp","href":"https:\/\/api.w.org\/{rel}","templated":true}]}}