{"id":15967,"date":"2024-03-10T05:25:24","date_gmt":"2024-03-10T05:25:24","guid":{"rendered":"https:\/\/stag.lawhiskeria.cr\/?post_type=product&#038;p=15967"},"modified":"2025-10-22T21:34:05","modified_gmt":"2025-10-22T21:34:05","slug":"the-glenlivet-double-oak-12-anos","status":"publish","type":"product","link":"https:\/\/lawhiskeria.cr\/?product=the-glenlivet-double-oak-12-anos","title":{"rendered":"The Glenlivet Double Oak 12 a\u00f1os"},"content":{"rendered":"","protected":false},"excerpt":{"rendered":"<p class=\"text-align-justify\"><strong>THE GLENLIVET 12 A\u00d1OS<\/strong><\/p>\n<p class=\"text-align-justify\">El primer whisky de malta del mundo, es la marca que creo la categor\u00eda. El whisky de malta \u00fanica de mayor venta en USA.<\/p>\n<p class=\"text-align-justify\">The Glenlivet 12 A\u00f1os Single Malt es un referente mundial de la categor\u00eda Scotch Single Malt, considerado tambi\u00e9n como el whisky Single Malt &#8220;Patr\u00f3n&#8221; de la regi\u00f3n Speyside.<\/p>\n<p class=\"text-align-justify\"><strong>Notas de cata:<\/strong>\u00a0De color dorado claro. Elegante y balanceada nariz, con notas frutadas, delicada fragancia floral, miel y leve ahumado. Suave, balanceado, frutado y floral. De final liso, c\u00e1lido y elegante.<\/p>\n<p class=\"text-align-justify\">Modo de consumo: Solo, con hielo, con agua mineral o en c\u00f3cteles.<\/p>\n<p class=\"text-align-justify\"><strong>ABV 40% &#8211; 750 ml.<\/strong><\/p>\n","protected":false},"featured_media":15968,"comment_status":"open","ping_status":"closed","template":"","meta":[],"product_brand":[],"product_cat":[32,72],"product_tag":[109,108,110],"class_list":{"0":"post-15967","1":"product","2":"type-product","3":"status-publish","4":"has-post-thumbnail","6":"product_cat-whisky","7":"product_cat-single-malt","8":"product_tag-escocia","9":"product_tag-single-malt","10":"product_tag-whisky-escoces","12":"first","13":"instock","14":"shipping-taxable","15":"purchasable","16":"product-type-simple"},"_links":{"self":[{"href":"https:\/\/lawhiskeria.cr\/index.php?rest_route=\/wp\/v2\/product\/15967","targetHints":{"allow":["GET"]}}],"collection":[{"href":"https:\/\/lawhiskeria.cr\/index.php?rest_route=\/wp\/v2\/product"}],"about":[{"href":"https:\/\/lawhiskeria.cr\/index.php?rest_route=\/wp\/v2\/types\/product"}],"replies":[{"embeddable":true,"href":"https:\/\/lawhiskeria.cr\/index.php?rest_route=%2Fwp%2Fv2%2Fcomments&post=15967"}],"version-history":[{"count":1,"href":"https:\/\/lawhiskeria.cr\/index.php?rest_route=\/wp\/v2\/product\/15967\/revisions"}],"predecessor-version":[{"id":15969,"href":"https:\/\/lawhiskeria.cr\/index.php?rest_route=\/wp\/v2\/product\/15967\/revisions\/15969"}],"wp:featuredmedia":[{"embeddable":true,"href":"https:\/\/lawhiskeria.cr\/index.php?rest_route=\/wp\/v2\/media\/15968"}],"wp:attachment":[{"href":"https:\/\/lawhiskeria.cr\/index.php?rest_route=%2Fwp%2Fv2%2Fmedia&parent=15967"}],"wp:term":[{"taxonomy":"product_brand","embeddable":true,"href":"https:\/\/lawhiskeria.cr\/index.php?rest_route=%2Fwp%2Fv2%2Fproduct_brand&post=15967"},{"taxonomy":"product_cat","embeddable":true,"href":"https:\/\/lawhiskeria.cr\/index.php?rest_route=%2Fwp%2Fv2%2Fproduct_cat&post=15967"},{"taxonomy":"product_tag","embeddable":true,"href":"https:\/\/lawhiskeria.cr\/index.php?rest_route=%2Fwp%2Fv2%2Fproduct_tag&post=15967"}],"curies":[{"name":"wp","href":"https:\/\/api.w.org\/{rel}","templated":true}]}}