{"id":15964,"date":"2024-03-10T05:21:52","date_gmt":"2024-03-10T05:21:52","guid":{"rendered":"https:\/\/stag.lawhiskeria.cr\/?post_type=product&#038;p=15964"},"modified":"2026-01-02T00:56:05","modified_gmt":"2026-01-02T00:56:05","slug":"the-dalmore-12-anos","status":"publish","type":"product","link":"https:\/\/lawhiskeria.cr\/?product=the-dalmore-12-anos","title":{"rendered":"The Dalmore 12 a\u00f1os"},"content":{"rendered":"<p><strong>Esta destiler\u00eda fue fundada en 1839 por Alexander Matheson, en Northern Highlands.<\/strong><\/p>\n<p><strong>Fue adquirida en 1867 por los Mackenzie que aportan a la botella de Dalmore las armas de la familia, la cabeza de venado, s\u00edmbolo royal adquirido por un miembro de la familia en 1263 cuando salv\u00f3 la vida del Rey Alexander III de Escocia. Ellos se dedicaron a mejorar la calidad para lograr la excelencia.<\/strong><\/p>\n<p><strong>En The Dalmore los valores son la innovaci\u00f3n y el audacidad para producir whiskys diferentes y \u00fanicos. Fue una de las primeras destiler\u00edas en lanzar un Whisky de 12 a\u00f1os cuando la mayor\u00eda produc\u00edan Whiskys de 6 a\u00f1os. La dedicaci\u00f3n a lograr perfecci\u00f3n ha estado en el coraz\u00f3n de la destiler\u00eda y su gente durante los \u00faltimos 150 a\u00f1os.<\/strong><\/p>\n<p><strong>T\u00e9cnicas vanguardistas: utiliza la combinaci\u00f3n de diferentes alambiques de diferentes tama\u00f1os resultando en whiskys m\u00e1s complejos. <\/strong><\/p>\n<p><strong>El maestro destilador, Richard Paterson, es reconocido como un pionero en el arte del curado de los barriles y la fuerza creativa detr\u00e1s de Dalmore por m\u00e1s de cinco d\u00e9cadas.\u00a0 La bodega ha adoptado el lema de la familia MacKenzie, propietarios de la bodega: Luceo Non Uro (Yo brillo, no quemo).<\/strong><\/p>\n<p><strong>Una marca internacional, fuerte y reconocida por su calidad.<\/strong><\/p>\n","protected":false},"excerpt":{"rendered":"<p><strong>A\u00f1ejado 9 a\u00f1os en barricas de roble blanco americano anteriormente utilizadas para elaborar Bourbon. La mitad de la mezcla luego pasa a ser a\u00f1ejada por 3 a\u00f1os en exclusivas barricas de 30 a\u00f1os de Jerez Matusalem propiedad de Gonz\u00e1lez Byass. The Dalmore es la \u00fanica destiler\u00eda en el mundo autorizada a usar barricas seleccionadas de Gonz\u00e1lez Byass. <\/strong><\/p>\n<p><strong>NOTA DE CATA<\/strong><\/p>\n<p><strong>Color: caoba dorado profundo<\/strong><\/p>\n<p><strong>Nariz: ricos aromas a mermelada de naranja, almendras picadas y sutiles toques de mazap\u00e1n y chocolate.<\/strong><\/p>\n<p><strong>Boca: Entrada intensa y calurosa, con sabores c\u00edtricos, a jerez y de especias dulces como la vainilla. <\/strong><\/p>\n<p><strong>Con un final largo y muy placentero de caf\u00e9 tostado y chocolate negro. <\/strong><\/p>\n<p><strong>MARIDAJE: Con salm\u00f3n, frutos de mar, pescados ahumados. Con jamones curados y carnes ahumadas. Quesos maduros y azul. Con postres: chocolate, caramelo, tortas de frutas blancas, amarillas y frutos secos.<\/strong><\/p>\n<p><strong>\u201cCon sus intrincados aromas y sabores, The Dalmore 12 es reconocido como un whisky con car\u00e1cter mucho m\u00e1s all\u00e1 de su edad\u201d. Richard Paterson, maestro destilador.<\/strong><\/p>\n<p><strong>ABV 40% &#8211; 700 ml.<\/strong><\/p>\n","protected":false},"featured_media":19602,"comment_status":"open","ping_status":"closed","template":"","meta":[],"product_brand":[],"product_cat":[32,72],"product_tag":[201,109,108,110],"class_list":{"0":"post-15964","1":"product","2":"type-product","3":"status-publish","4":"has-post-thumbnail","6":"product_cat-whisky","7":"product_cat-single-malt","8":"product_tag-barrica-jerez-oloroso","9":"product_tag-escocia","10":"product_tag-single-malt","11":"product_tag-whisky-escoces","13":"first","14":"instock","15":"shipping-taxable","16":"purchasable","17":"product-type-simple"},"_links":{"self":[{"href":"https:\/\/lawhiskeria.cr\/index.php?rest_route=\/wp\/v2\/product\/15964","targetHints":{"allow":["GET"]}}],"collection":[{"href":"https:\/\/lawhiskeria.cr\/index.php?rest_route=\/wp\/v2\/product"}],"about":[{"href":"https:\/\/lawhiskeria.cr\/index.php?rest_route=\/wp\/v2\/types\/product"}],"replies":[{"embeddable":true,"href":"https:\/\/lawhiskeria.cr\/index.php?rest_route=%2Fwp%2Fv2%2Fcomments&post=15964"}],"version-history":[{"count":4,"href":"https:\/\/lawhiskeria.cr\/index.php?rest_route=\/wp\/v2\/product\/15964\/revisions"}],"predecessor-version":[{"id":17867,"href":"https:\/\/lawhiskeria.cr\/index.php?rest_route=\/wp\/v2\/product\/15964\/revisions\/17867"}],"wp:featuredmedia":[{"embeddable":true,"href":"https:\/\/lawhiskeria.cr\/index.php?rest_route=\/wp\/v2\/media\/19602"}],"wp:attachment":[{"href":"https:\/\/lawhiskeria.cr\/index.php?rest_route=%2Fwp%2Fv2%2Fmedia&parent=15964"}],"wp:term":[{"taxonomy":"product_brand","embeddable":true,"href":"https:\/\/lawhiskeria.cr\/index.php?rest_route=%2Fwp%2Fv2%2Fproduct_brand&post=15964"},{"taxonomy":"product_cat","embeddable":true,"href":"https:\/\/lawhiskeria.cr\/index.php?rest_route=%2Fwp%2Fv2%2Fproduct_cat&post=15964"},{"taxonomy":"product_tag","embeddable":true,"href":"https:\/\/lawhiskeria.cr\/index.php?rest_route=%2Fwp%2Fv2%2Fproduct_tag&post=15964"}],"curies":[{"name":"wp","href":"https:\/\/api.w.org\/{rel}","templated":true}]}}