{"id":15958,"date":"2024-03-10T05:14:32","date_gmt":"2024-03-10T05:14:32","guid":{"rendered":"https:\/\/stag.lawhiskeria.cr\/?post_type=product&#038;p=15958"},"modified":"2025-11-09T22:57:34","modified_gmt":"2025-11-09T22:57:34","slug":"the-balvenie-12-anos-double-wood","status":"publish","type":"product","link":"https:\/\/lawhiskeria.cr\/?product=the-balvenie-12-anos-double-wood","title":{"rendered":"The Balvenie 12 a\u00f1os Double Wood"},"content":{"rendered":"","protected":false},"excerpt":{"rendered":"<p>Creado por David Stewart, el\u00a0<strong>Balvenie DoubleWood<\/strong>\u00a0es un single malt de 12 a\u00f1os que adquiere su car\u00e1cter distintivo al madurar en dos maderas. Durante su per\u00edodo de maduraci\u00f3n, se transfiere de una barrica de whisky de roble tradicional de segundo uso a una barrica de jerez de roble europeo de primer uso. Cada etapa otorga diferentes cualidades al single malt resultante.<\/p>\n<p><strong>Notas de sabor<\/strong><br \/>\n<strong>Nariz:<\/strong>\u00a0Fruta dulce y notas de jerez oloroso con capas de miel y vainilla.<br \/>\n<strong>Boca:\u00a0<\/strong>Un single malt suave y ligero de sabores maravillosamente combinados: dulzura de nuez, canela picante y una capa de jerez delicadamente proporcionada.<br \/>\n<strong>Final:\u00a0<\/strong>Largo y c\u00e1lido.<\/p>\n<p><strong>Caracter\u00edsticas del producto<\/strong><br \/>\n\u2022 El Balvenie DoubleWood se envejece hasta 12 a\u00f1os en barricas de roble tradicionales y luego se termina hasta seis meses en barricas de roble de Jerez.<br \/>\n\u2022 12 a\u00f1os en roble americano de segundo llenado suaviza y agrega car\u00e1cter, impartiendo notas de vainilla y miel.<br \/>\n\u2022 El final de la barrica de jerez aporta profundidad y plenitud de sabor, con rica fruta y dulzura de nuez.<\/p>\n<p><strong>ABV 40% &#8211; 700 ml.<\/strong><\/p>\n<p><iframe loading=\"lazy\" width=\"560\" height=\"315\" src=\"https:\/\/www.youtube.com\/embed\/w3n-Ho0JOxg?si=-MEEaD_gXRJFaxm2&amp;start=4328\" title=\"YouTube video player\" frameborder=\"0\" allow=\"accelerometer; autoplay; clipboard-write; encrypted-media; gyroscope; picture-in-picture; web-share\" referrerpolicy=\"strict-origin-when-cross-origin\" allowfullscreen><\/iframe><\/p>\n","protected":false},"featured_media":15959,"comment_status":"open","ping_status":"closed","template":"","meta":[],"product_brand":[],"product_cat":[72],"product_tag":[109,108,110],"class_list":{"0":"post-15958","1":"product","2":"type-product","3":"status-publish","4":"has-post-thumbnail","6":"product_cat-single-malt","7":"product_tag-escocia","8":"product_tag-single-malt","9":"product_tag-whisky-escoces","11":"first","12":"instock","13":"shipping-taxable","14":"purchasable","15":"product-type-simple"},"_links":{"self":[{"href":"https:\/\/lawhiskeria.cr\/index.php?rest_route=\/wp\/v2\/product\/15958","targetHints":{"allow":["GET"]}}],"collection":[{"href":"https:\/\/lawhiskeria.cr\/index.php?rest_route=\/wp\/v2\/product"}],"about":[{"href":"https:\/\/lawhiskeria.cr\/index.php?rest_route=\/wp\/v2\/types\/product"}],"replies":[{"embeddable":true,"href":"https:\/\/lawhiskeria.cr\/index.php?rest_route=%2Fwp%2Fv2%2Fcomments&post=15958"}],"version-history":[{"count":2,"href":"https:\/\/lawhiskeria.cr\/index.php?rest_route=\/wp\/v2\/product\/15958\/revisions"}],"predecessor-version":[{"id":17847,"href":"https:\/\/lawhiskeria.cr\/index.php?rest_route=\/wp\/v2\/product\/15958\/revisions\/17847"}],"wp:featuredmedia":[{"embeddable":true,"href":"https:\/\/lawhiskeria.cr\/index.php?rest_route=\/wp\/v2\/media\/15959"}],"wp:attachment":[{"href":"https:\/\/lawhiskeria.cr\/index.php?rest_route=%2Fwp%2Fv2%2Fmedia&parent=15958"}],"wp:term":[{"taxonomy":"product_brand","embeddable":true,"href":"https:\/\/lawhiskeria.cr\/index.php?rest_route=%2Fwp%2Fv2%2Fproduct_brand&post=15958"},{"taxonomy":"product_cat","embeddable":true,"href":"https:\/\/lawhiskeria.cr\/index.php?rest_route=%2Fwp%2Fv2%2Fproduct_cat&post=15958"},{"taxonomy":"product_tag","embeddable":true,"href":"https:\/\/lawhiskeria.cr\/index.php?rest_route=%2Fwp%2Fv2%2Fproduct_tag&post=15958"}],"curies":[{"name":"wp","href":"https:\/\/api.w.org\/{rel}","templated":true}]}}