{"id":15946,"date":"2024-03-10T05:04:58","date_gmt":"2024-03-10T05:04:58","guid":{"rendered":"https:\/\/stag.lawhiskeria.cr\/?post_type=product&#038;p=15946"},"modified":"2025-06-22T03:54:14","modified_gmt":"2025-06-22T03:54:14","slug":"talisker-10-anos","status":"publish","type":"product","link":"https:\/\/lawhiskeria.cr\/?product=talisker-10-anos","title":{"rendered":"Talisker 10 A\u00f1os"},"content":{"rendered":"","protected":false},"excerpt":{"rendered":"<p><strong>Talisker<\/strong> se elabora desde 1830 en la \u00fanica destiler\u00eda de la <strong>isla de Skye<\/strong>, situada en un enclave a orillas del mar que le brinda un marcado car\u00e1cter marino.<\/p>\n<p><strong>Talisker 10 Year Old Single Malt Whisky<\/strong> es un whisky intenso y complejo, con nariz de sal marina, aroma de turba, car\u00e1cter ahumado y final a pimienta picante. Talisker 10 Year Old se destila dos veces para conseguir un car\u00e1cter intenso y profundo.<\/p>\n<p><strong>Color<\/strong> \u00e1mbar p\u00e1lido.<\/p>\n<p><strong>Nariz: <\/strong>Ahumado y marino. \u00a0Recuerda ligeramente al aroma de las olivas con anchoas, mientras que tambi\u00e9n podremos encontrar notas de pimienta y el dulzor \u00e1cido de las manzanas verdes. El humo es muy evidente, aunque no pesa tanto como en ciertos whiskies de Islay.<\/p>\n<p><strong>Paladar: <\/strong>Cuerpo redondo. Aqu\u00ed la turba ya tiene todo el protagonismo, aunque en un segundo plano podremos encontrar salitre, pimienta, manzana \u00e1cida y quiz\u00e1s, el dulzor de la pera.<\/p>\n<p><strong>Final: <\/strong>Muy largo, ahumado y rico en pimienta. Sin duda una de las mejores cosas de este whisky es su rico y largo final lleno de etapas, desde el humo inicial pasando por la pimienta y otras especias hasta los \u00faltimos ecos dulces.<\/p>\n<p><strong>ABV 45.8% &#8211; 750 ml.<\/strong><\/p>\n<p><strong>Maridaje<\/strong>: Alimentos ahumados y sabores intensos. Carne asada, como costillas de cerdo ahumadas o cortes de carne a la parrilla. Tambi\u00e9n se complementa con mariscos como vieiras, langostas o camarones, aportando un toque de salinidad y ahumado. Puede maridarlo con quesos picantes y envejecidos, como el queso Gouda o el queso Parmesano.<\/p>\n","protected":false},"featured_media":15950,"comment_status":"open","ping_status":"closed","template":"","meta":[],"product_brand":[],"product_cat":[72],"product_tag":[108,110],"class_list":{"0":"post-15946","1":"product","2":"type-product","3":"status-publish","4":"has-post-thumbnail","6":"product_cat-single-malt","7":"product_tag-single-malt","8":"product_tag-whisky-escoces","10":"first","11":"instock","12":"shipping-taxable","13":"purchasable","14":"product-type-simple"},"_links":{"self":[{"href":"https:\/\/lawhiskeria.cr\/index.php?rest_route=\/wp\/v2\/product\/15946","targetHints":{"allow":["GET"]}}],"collection":[{"href":"https:\/\/lawhiskeria.cr\/index.php?rest_route=\/wp\/v2\/product"}],"about":[{"href":"https:\/\/lawhiskeria.cr\/index.php?rest_route=\/wp\/v2\/types\/product"}],"replies":[{"embeddable":true,"href":"https:\/\/lawhiskeria.cr\/index.php?rest_route=%2Fwp%2Fv2%2Fcomments&post=15946"}],"version-history":[{"count":3,"href":"https:\/\/lawhiskeria.cr\/index.php?rest_route=\/wp\/v2\/product\/15946\/revisions"}],"predecessor-version":[{"id":17222,"href":"https:\/\/lawhiskeria.cr\/index.php?rest_route=\/wp\/v2\/product\/15946\/revisions\/17222"}],"wp:featuredmedia":[{"embeddable":true,"href":"https:\/\/lawhiskeria.cr\/index.php?rest_route=\/wp\/v2\/media\/15950"}],"wp:attachment":[{"href":"https:\/\/lawhiskeria.cr\/index.php?rest_route=%2Fwp%2Fv2%2Fmedia&parent=15946"}],"wp:term":[{"taxonomy":"product_brand","embeddable":true,"href":"https:\/\/lawhiskeria.cr\/index.php?rest_route=%2Fwp%2Fv2%2Fproduct_brand&post=15946"},{"taxonomy":"product_cat","embeddable":true,"href":"https:\/\/lawhiskeria.cr\/index.php?rest_route=%2Fwp%2Fv2%2Fproduct_cat&post=15946"},{"taxonomy":"product_tag","embeddable":true,"href":"https:\/\/lawhiskeria.cr\/index.php?rest_route=%2Fwp%2Fv2%2Fproduct_tag&post=15946"}],"curies":[{"name":"wp","href":"https:\/\/api.w.org\/{rel}","templated":true}]}}