{"id":15943,"date":"2024-03-10T04:56:55","date_gmt":"2024-03-10T04:56:55","guid":{"rendered":"https:\/\/stag.lawhiskeria.cr\/?post_type=product&#038;p=15943"},"modified":"2024-10-28T23:48:38","modified_gmt":"2024-10-28T23:48:38","slug":"kavalan-solist","status":"publish","type":"product","link":"https:\/\/lawhiskeria.cr\/?product=kavalan-solist","title":{"rendered":"Kavalan Solist"},"content":{"rendered":"","protected":false},"excerpt":{"rendered":"<p>Esta expresi\u00f3n es completamente madurado en barricas de vino de roble americano, que han sido tostadas y recargadas de una manera que resalta las notas afrutadas de vainilla, sobre un fondo delicado de frutosidad. Tiene un fondo complejo y multidimensional de pimienta, especias, d\u00e1tiles y otras frutas, como mel\u00f3n y mango maduros junto con kiwi y una delicada mezcla de c\u00edtricos explosivos.<\/p>\n<p><strong>Notas de cata:<\/strong><\/p>\n<p><strong>Color:\u00a0<\/strong>Oro profundo.<\/p>\n<p><strong>Aroma:\u00a0<\/strong>Rica fusi\u00f3n de vainilla, con chocolate negro encima. Mel\u00f3n maduro , kiwi. La pimienta tambi\u00e9n est\u00e1 presente.<\/p>\n<p><strong>Paladar:\u00a0<\/strong>Sabores limpios y complejos.<\/p>\n<p><strong>ABV 57.7% &#8211; 700 ml.<\/strong><\/p>\n","protected":false},"featured_media":15944,"comment_status":"open","ping_status":"closed","template":"","meta":[],"product_brand":[],"product_cat":[72],"product_tag":[108,120,121],"class_list":{"0":"post-15943","1":"product","2":"type-product","3":"status-publish","4":"has-post-thumbnail","6":"product_cat-single-malt","7":"product_tag-single-malt","8":"product_tag-single-malt-taiwanes","9":"product_tag-whisky-taiwanes","11":"first","12":"instock","13":"shipping-taxable","14":"purchasable","15":"product-type-simple"},"_links":{"self":[{"href":"https:\/\/lawhiskeria.cr\/index.php?rest_route=\/wp\/v2\/product\/15943","targetHints":{"allow":["GET"]}}],"collection":[{"href":"https:\/\/lawhiskeria.cr\/index.php?rest_route=\/wp\/v2\/product"}],"about":[{"href":"https:\/\/lawhiskeria.cr\/index.php?rest_route=\/wp\/v2\/types\/product"}],"replies":[{"embeddable":true,"href":"https:\/\/lawhiskeria.cr\/index.php?rest_route=%2Fwp%2Fv2%2Fcomments&post=15943"}],"version-history":[{"count":1,"href":"https:\/\/lawhiskeria.cr\/index.php?rest_route=\/wp\/v2\/product\/15943\/revisions"}],"predecessor-version":[{"id":15945,"href":"https:\/\/lawhiskeria.cr\/index.php?rest_route=\/wp\/v2\/product\/15943\/revisions\/15945"}],"wp:featuredmedia":[{"embeddable":true,"href":"https:\/\/lawhiskeria.cr\/index.php?rest_route=\/wp\/v2\/media\/15944"}],"wp:attachment":[{"href":"https:\/\/lawhiskeria.cr\/index.php?rest_route=%2Fwp%2Fv2%2Fmedia&parent=15943"}],"wp:term":[{"taxonomy":"product_brand","embeddable":true,"href":"https:\/\/lawhiskeria.cr\/index.php?rest_route=%2Fwp%2Fv2%2Fproduct_brand&post=15943"},{"taxonomy":"product_cat","embeddable":true,"href":"https:\/\/lawhiskeria.cr\/index.php?rest_route=%2Fwp%2Fv2%2Fproduct_cat&post=15943"},{"taxonomy":"product_tag","embeddable":true,"href":"https:\/\/lawhiskeria.cr\/index.php?rest_route=%2Fwp%2Fv2%2Fproduct_tag&post=15943"}],"curies":[{"name":"wp","href":"https:\/\/api.w.org\/{rel}","templated":true}]}}