{"id":15940,"date":"2024-03-10T04:51:31","date_gmt":"2024-03-10T04:51:31","guid":{"rendered":"https:\/\/stag.lawhiskeria.cr\/?post_type=product&#038;p=15940"},"modified":"2025-08-19T00:26:58","modified_gmt":"2025-08-19T00:26:58","slug":"kavalan-select-2","status":"publish","type":"product","link":"https:\/\/lawhiskeria.cr\/?product=kavalan-select-2","title":{"rendered":"Kavalan Select #2"},"content":{"rendered":"","protected":false},"excerpt":{"rendered":"<p>La serie<strong>\u00a0Distillery Select de Kavalan<\/strong>\u00a0muestra el fino arte de mezclar y la exquisita selecci\u00f3n de barricas de la principal destiler\u00eda de Taiw\u00e1n. Esta\u00a0<strong>expresi\u00f3n No. 2<\/strong>\u00a0es una gota seductoramente suave, profundamente arom\u00e1tica con una irresistible complejidad floral y herbal que brinda la deliciosa tranquilidad del bosque.<\/p>\n<p><strong>Notas de Cata:<\/strong><\/p>\n<p><strong>Color:\u00a0<\/strong>\u00c1mbar oscuro.<\/p>\n<p><strong>Aroma:<\/strong>\u00a0Aromas florales, herb\u00e1ceos y una suave mezcla de vainilla con toques de deliciosas notas amaderadas y especiadas en ricas capas.<\/p>\n<p><strong>Paladar:\u00a0<\/strong>Paso por boca suave, redondo y con gran car\u00e1cter.<\/p>\n<p><strong>Final:\u00a0<\/strong>Un final largo y fragante<\/p>\n<p><strong>ABV 40% &#8211; 700 ml.<\/strong><\/p>\n<p><strong>Altamente premiado, con mas de 8 medallas de oro en diferentes competiciones y muy altos puntajes. (96 pts).<\/strong><\/p>\n<p><iframe loading=\"lazy\" title=\"YouTube video player\" src=\"https:\/\/www.youtube.com\/embed\/KIAuk4O_MU0?si=2d-39ZZk6Okr4D81&amp;start=4349\" width=\"560\" height=\"315\" frameborder=\"0\" allowfullscreen=\"allowfullscreen\"><\/iframe><\/p>\n","protected":false},"featured_media":15941,"comment_status":"open","ping_status":"closed","template":"","meta":[],"product_brand":[],"product_cat":[32,72],"product_tag":[108,120,121],"class_list":{"0":"post-15940","1":"product","2":"type-product","3":"status-publish","4":"has-post-thumbnail","6":"product_cat-whisky","7":"product_cat-single-malt","8":"product_tag-single-malt","9":"product_tag-single-malt-taiwanes","10":"product_tag-whisky-taiwanes","12":"first","13":"instock","14":"shipping-taxable","15":"purchasable","16":"product-type-simple"},"_links":{"self":[{"href":"https:\/\/lawhiskeria.cr\/index.php?rest_route=\/wp\/v2\/product\/15940","targetHints":{"allow":["GET"]}}],"collection":[{"href":"https:\/\/lawhiskeria.cr\/index.php?rest_route=\/wp\/v2\/product"}],"about":[{"href":"https:\/\/lawhiskeria.cr\/index.php?rest_route=\/wp\/v2\/types\/product"}],"replies":[{"embeddable":true,"href":"https:\/\/lawhiskeria.cr\/index.php?rest_route=%2Fwp%2Fv2%2Fcomments&post=15940"}],"version-history":[{"count":3,"href":"https:\/\/lawhiskeria.cr\/index.php?rest_route=\/wp\/v2\/product\/15940\/revisions"}],"predecessor-version":[{"id":17659,"href":"https:\/\/lawhiskeria.cr\/index.php?rest_route=\/wp\/v2\/product\/15940\/revisions\/17659"}],"wp:featuredmedia":[{"embeddable":true,"href":"https:\/\/lawhiskeria.cr\/index.php?rest_route=\/wp\/v2\/media\/15941"}],"wp:attachment":[{"href":"https:\/\/lawhiskeria.cr\/index.php?rest_route=%2Fwp%2Fv2%2Fmedia&parent=15940"}],"wp:term":[{"taxonomy":"product_brand","embeddable":true,"href":"https:\/\/lawhiskeria.cr\/index.php?rest_route=%2Fwp%2Fv2%2Fproduct_brand&post=15940"},{"taxonomy":"product_cat","embeddable":true,"href":"https:\/\/lawhiskeria.cr\/index.php?rest_route=%2Fwp%2Fv2%2Fproduct_cat&post=15940"},{"taxonomy":"product_tag","embeddable":true,"href":"https:\/\/lawhiskeria.cr\/index.php?rest_route=%2Fwp%2Fv2%2Fproduct_tag&post=15940"}],"curies":[{"name":"wp","href":"https:\/\/api.w.org\/{rel}","templated":true}]}}