{"id":15937,"date":"2024-03-10T04:47:39","date_gmt":"2024-03-10T04:47:39","guid":{"rendered":"https:\/\/stag.lawhiskeria.cr\/?post_type=product&#038;p=15937"},"modified":"2025-10-03T02:31:25","modified_gmt":"2025-10-03T02:31:25","slug":"kavalan-select-1","status":"publish","type":"product","link":"https:\/\/lawhiskeria.cr\/?product=kavalan-select-1","title":{"rendered":"Kavalan Select #1"},"content":{"rendered":"","protected":false},"excerpt":{"rendered":"<div>\n<p>La serie\u00a0<strong>Kavalan Distillery Select\u00a0<\/strong>muestra el fino arte de mezclar y la exquisita selecci\u00f3n de barricas de la principal destiler\u00eda de Taiw\u00e1n.\u00a0<strong>Expression No.1<\/strong>\u00a0en esta serie resalta exquisitamente el aroma de frutas tropicales exclusivo de Kavalan, creando un sabor suave, dulce y espeso de varias capas.<\/p>\n<p><strong>Notas de cata<\/strong><\/p>\n<p><strong>Color:\u00a0<\/strong>\u00c1mbar oscuro<\/p>\n<\/div>\n<div><\/div>\n<div><strong>Aromas:<\/strong>\u00a0Aroma a frutas tropicales maduras, notas florales y c\u00e1lida vainilla.<\/div>\n<div>\n<p><strong>Sabor:\u00a0<\/strong>Dulce, c\u00e1lido y suave en boca. Su sabor equilibrado es el resultado de la mezcla artesanal perfecta.<strong>Final:<\/strong>\u00a0Largo con notas de dulzura.<\/p>\n<\/div>\n<div><\/div>\n<div><strong>ABV 40% &#8211; 700 ml<\/strong><\/div>\n","protected":false},"featured_media":15938,"comment_status":"open","ping_status":"closed","template":"","meta":[],"product_brand":[],"product_cat":[32,72],"product_tag":[108,120,121],"class_list":{"0":"post-15937","1":"product","2":"type-product","3":"status-publish","4":"has-post-thumbnail","6":"product_cat-whisky","7":"product_cat-single-malt","8":"product_tag-single-malt","9":"product_tag-single-malt-taiwanes","10":"product_tag-whisky-taiwanes","12":"first","13":"instock","14":"shipping-taxable","15":"purchasable","16":"product-type-simple"},"_links":{"self":[{"href":"https:\/\/lawhiskeria.cr\/index.php?rest_route=\/wp\/v2\/product\/15937","targetHints":{"allow":["GET"]}}],"collection":[{"href":"https:\/\/lawhiskeria.cr\/index.php?rest_route=\/wp\/v2\/product"}],"about":[{"href":"https:\/\/lawhiskeria.cr\/index.php?rest_route=\/wp\/v2\/types\/product"}],"replies":[{"embeddable":true,"href":"https:\/\/lawhiskeria.cr\/index.php?rest_route=%2Fwp%2Fv2%2Fcomments&post=15937"}],"version-history":[{"count":4,"href":"https:\/\/lawhiskeria.cr\/index.php?rest_route=\/wp\/v2\/product\/15937\/revisions"}],"predecessor-version":[{"id":17660,"href":"https:\/\/lawhiskeria.cr\/index.php?rest_route=\/wp\/v2\/product\/15937\/revisions\/17660"}],"wp:featuredmedia":[{"embeddable":true,"href":"https:\/\/lawhiskeria.cr\/index.php?rest_route=\/wp\/v2\/media\/15938"}],"wp:attachment":[{"href":"https:\/\/lawhiskeria.cr\/index.php?rest_route=%2Fwp%2Fv2%2Fmedia&parent=15937"}],"wp:term":[{"taxonomy":"product_brand","embeddable":true,"href":"https:\/\/lawhiskeria.cr\/index.php?rest_route=%2Fwp%2Fv2%2Fproduct_brand&post=15937"},{"taxonomy":"product_cat","embeddable":true,"href":"https:\/\/lawhiskeria.cr\/index.php?rest_route=%2Fwp%2Fv2%2Fproduct_cat&post=15937"},{"taxonomy":"product_tag","embeddable":true,"href":"https:\/\/lawhiskeria.cr\/index.php?rest_route=%2Fwp%2Fv2%2Fproduct_tag&post=15937"}],"curies":[{"name":"wp","href":"https:\/\/api.w.org\/{rel}","templated":true}]}}