{"id":15931,"date":"2024-03-10T04:33:42","date_gmt":"2024-03-10T04:33:42","guid":{"rendered":"https:\/\/stag.lawhiskeria.cr\/?post_type=product&#038;p=15931"},"modified":"2026-01-02T00:26:13","modified_gmt":"2026-01-02T00:26:13","slug":"jura-10-anos-750-ml","status":"publish","type":"product","link":"https:\/\/lawhiskeria.cr\/?product=jura-10-anos-750-ml","title":{"rendered":"Jura 10 a\u00f1os"},"content":{"rendered":"<p>Al norte de Islay se encuentra la isla de Jura, donde habitan\u00a0 212 habitantes y es la casa de esta singular destiler\u00eda. Nace en 1963 en los terrenos de una destiler\u00eda que exist\u00eda desde 1810 (tambi\u00e9n llamada Jura) pero fue desmantelada en la \u00e9poca de la guerra y cerrada en 1901. La nueva destiler\u00eda produce varios tipos de Whisky, algunos m\u00e1s ahumados, otros m\u00e1s dulces pero todos tienen en com\u00fan un estilo elegante. Esta estrategia le dio frutos a finales de los a\u00f1os 90 y es desde entonces que ha logrado ser aclamado como un whisky \u00fanico e irrepetible.<\/p>\n","protected":false},"excerpt":{"rendered":"<p>Un whisky que s\u00f3lo Jura pod\u00eda elaborar, nacido en nuestra isla y que a\u00fan hoy se produce en una botella dise\u00f1ada originalmente para soportar los viajes m\u00e1s duros desde nuestro hogar. Elaborado en alambiques excepcionalmente altos y madurado durante 10 a\u00f1os en barricas ex bourbon de roble blanco americano. El toque final es un acabado en las mejores barricas de Jerez Oloroso a\u00f1ejo de Jerez, Espa\u00f1a. Un whisky dulce y suave con sabores de rico chocolate amargo y crema de vainilla.<\/p>\n<p><strong>COLOR:<\/strong> oro cobre<\/p>\n<p><strong>NARIZ:<\/strong> Vainilla, naranja, pimienta negra molida, chocolate amargo<\/p>\n<p><strong>GUSTO:<\/strong> Nectarinas, jengibre, caf\u00e9, almendras tostadas<\/p>\n<p>ABV 40% &#8211; 700 ml<\/p>\n<p><iframe loading=\"lazy\" title=\"YouTube video player\" src=\"https:\/\/www.youtube.com\/embed\/dvpFbtEhlEc?si=CPsv1RPIGLp9ApBQ&amp;start=3494\" width=\"560\" height=\"315\" frameborder=\"0\" allowfullscreen=\"allowfullscreen\"><\/iframe><\/p>\n","protected":false},"featured_media":15932,"comment_status":"open","ping_status":"closed","template":"","meta":[],"product_brand":[],"product_cat":[32,72],"product_tag":[108,110],"class_list":{"0":"post-15931","1":"product","2":"type-product","3":"status-publish","4":"has-post-thumbnail","6":"product_cat-whisky","7":"product_cat-single-malt","8":"product_tag-single-malt","9":"product_tag-whisky-escoces","11":"first","12":"instock","13":"shipping-taxable","14":"purchasable","15":"product-type-simple"},"_links":{"self":[{"href":"https:\/\/lawhiskeria.cr\/index.php?rest_route=\/wp\/v2\/product\/15931","targetHints":{"allow":["GET"]}}],"collection":[{"href":"https:\/\/lawhiskeria.cr\/index.php?rest_route=\/wp\/v2\/product"}],"about":[{"href":"https:\/\/lawhiskeria.cr\/index.php?rest_route=\/wp\/v2\/types\/product"}],"replies":[{"embeddable":true,"href":"https:\/\/lawhiskeria.cr\/index.php?rest_route=%2Fwp%2Fv2%2Fcomments&post=15931"}],"version-history":[{"count":6,"href":"https:\/\/lawhiskeria.cr\/index.php?rest_route=\/wp\/v2\/product\/15931\/revisions"}],"predecessor-version":[{"id":17750,"href":"https:\/\/lawhiskeria.cr\/index.php?rest_route=\/wp\/v2\/product\/15931\/revisions\/17750"}],"wp:featuredmedia":[{"embeddable":true,"href":"https:\/\/lawhiskeria.cr\/index.php?rest_route=\/wp\/v2\/media\/15932"}],"wp:attachment":[{"href":"https:\/\/lawhiskeria.cr\/index.php?rest_route=%2Fwp%2Fv2%2Fmedia&parent=15931"}],"wp:term":[{"taxonomy":"product_brand","embeddable":true,"href":"https:\/\/lawhiskeria.cr\/index.php?rest_route=%2Fwp%2Fv2%2Fproduct_brand&post=15931"},{"taxonomy":"product_cat","embeddable":true,"href":"https:\/\/lawhiskeria.cr\/index.php?rest_route=%2Fwp%2Fv2%2Fproduct_cat&post=15931"},{"taxonomy":"product_tag","embeddable":true,"href":"https:\/\/lawhiskeria.cr\/index.php?rest_route=%2Fwp%2Fv2%2Fproduct_tag&post=15931"}],"curies":[{"name":"wp","href":"https:\/\/api.w.org\/{rel}","templated":true}]}}