{"id":15928,"date":"2024-03-10T04:29:31","date_gmt":"2024-03-10T04:29:31","guid":{"rendered":"https:\/\/stag.lawhiskeria.cr\/?post_type=product&#038;p=15928"},"modified":"2026-03-23T21:05:55","modified_gmt":"2026-03-23T21:05:55","slug":"highland-park-viking-pride-18-anos","status":"publish","type":"product","link":"https:\/\/lawhiskeria.cr\/?product=highland-park-viking-pride-18-anos","title":{"rendered":"Highland Park Viking Pride 18 a\u00f1os"},"content":{"rendered":"","protected":false},"excerpt":{"rendered":"<p>Madurado en una alta proporci\u00f3n de barricas de roble europeo y americano sazonadas con jerez de primer llenado, este magn\u00edfico single malt de 18 a\u00f1os rinde homenaje a nuestras 5 claves de producci\u00f3n y presenta una mezcla sofisticada de cerezas maduras espolvoreadas con cacao agridulce, panal de abeja reci\u00e9n cosechado y confitadas. piel de naranja. Hay un susurro de la espuma marina salada de Orkney en el humo arom\u00e1tico de la turba.<\/p>\n<p>Hemos estado elaborando nuestro galardonado whisky en la destiler\u00eda Highland Park en Kirkwall, Orkney, desde 1798. La edad, la experiencia y el respeto por la tradici\u00f3n pueden definir nuestro whisky, pero es Orkney lo que lo distingue. Aqu\u00ed sucede algo m\u00e1gico y el resultado es la salvaje armon\u00eda de sabores que se encuentra en nuestro whisky.<\/p>\n<p><strong>Notas de Cata<\/strong><\/p>\n<p><strong>Color:<\/strong>\u00a0Oro claro, brillante y bru\u00f1ido. (Color natural)<\/p>\n<p><strong>Sabor:\u00a0<\/strong>cerezas | Chocolate negro | caramelo | Mazap\u00e1n | Miel de brezo | Humo de turba arom\u00e1tica.<\/p>\n<p><strong>ABV 43% Volumen 700ml<\/strong><\/p>\n","protected":false},"featured_media":15929,"comment_status":"open","ping_status":"closed","template":"","meta":[],"product_brand":[],"product_cat":[32,72],"product_tag":[108,110],"class_list":{"0":"post-15928","1":"product","2":"type-product","3":"status-publish","4":"has-post-thumbnail","6":"product_cat-whisky","7":"product_cat-single-malt","8":"product_tag-single-malt","9":"product_tag-whisky-escoces","11":"first","12":"instock","13":"shipping-taxable","14":"purchasable","15":"product-type-simple"},"_links":{"self":[{"href":"https:\/\/lawhiskeria.cr\/index.php?rest_route=\/wp\/v2\/product\/15928","targetHints":{"allow":["GET"]}}],"collection":[{"href":"https:\/\/lawhiskeria.cr\/index.php?rest_route=\/wp\/v2\/product"}],"about":[{"href":"https:\/\/lawhiskeria.cr\/index.php?rest_route=\/wp\/v2\/types\/product"}],"replies":[{"embeddable":true,"href":"https:\/\/lawhiskeria.cr\/index.php?rest_route=%2Fwp%2Fv2%2Fcomments&post=15928"}],"version-history":[{"count":1,"href":"https:\/\/lawhiskeria.cr\/index.php?rest_route=\/wp\/v2\/product\/15928\/revisions"}],"predecessor-version":[{"id":15930,"href":"https:\/\/lawhiskeria.cr\/index.php?rest_route=\/wp\/v2\/product\/15928\/revisions\/15930"}],"wp:featuredmedia":[{"embeddable":true,"href":"https:\/\/lawhiskeria.cr\/index.php?rest_route=\/wp\/v2\/media\/15929"}],"wp:attachment":[{"href":"https:\/\/lawhiskeria.cr\/index.php?rest_route=%2Fwp%2Fv2%2Fmedia&parent=15928"}],"wp:term":[{"taxonomy":"product_brand","embeddable":true,"href":"https:\/\/lawhiskeria.cr\/index.php?rest_route=%2Fwp%2Fv2%2Fproduct_brand&post=15928"},{"taxonomy":"product_cat","embeddable":true,"href":"https:\/\/lawhiskeria.cr\/index.php?rest_route=%2Fwp%2Fv2%2Fproduct_cat&post=15928"},{"taxonomy":"product_tag","embeddable":true,"href":"https:\/\/lawhiskeria.cr\/index.php?rest_route=%2Fwp%2Fv2%2Fproduct_tag&post=15928"}],"curies":[{"name":"wp","href":"https:\/\/api.w.org\/{rel}","templated":true}]}}