{"id":15922,"date":"2024-03-10T04:20:55","date_gmt":"2024-03-10T04:20:55","guid":{"rendered":"https:\/\/stag.lawhiskeria.cr\/?post_type=product&#038;p=15922"},"modified":"2026-03-23T21:01:45","modified_gmt":"2026-03-23T21:01:45","slug":"highland-park-viking-honour-12-anos","status":"publish","type":"product","link":"https:\/\/lawhiskeria.cr\/?product=highland-park-viking-honour-12-anos","title":{"rendered":"Highland Park Viking Honour 12 a\u00f1os"},"content":{"rendered":"","protected":false},"excerpt":{"rendered":"<p>Madurado predominantemente en barricas de roble europeas y americanas sazonadas con jerez, nuestro ic\u00f3nico whisky de malta \u00fanica de 12 a\u00f1os es especiado y completo, repleto de los sabores de las naranjas de Sevilla ba\u00f1adas por el sol y un rico pastel de frutas especiado con canela, nuez moscada y clavo de olor; encontrar\u00e1s miel de brezo fundida en las olas de humo de turba de brezo de este whisky. \u00bfPor qu\u00e9 no probarlo con un pu\u00f1ado de guisantes de wasabi al lado o junto con un bistec de costilla frito en sart\u00e9n o con salm\u00f3n ahumado y crema agria?<\/p>\n<p>Hemos estado elaborando nuestro galardonado whisky en la destiler\u00eda Highland Park en Kirkwall, Orkney, desde 1798. La edad, la experiencia y el respeto por la tradici\u00f3n pueden definir nuestro whisky, pero es Orkney lo que lo distingue. Aqu\u00ed sucede algo m\u00e1gico y el resultado es la salvaje armon\u00eda de sabores que se encuentra en nuestro whisky.<\/p>\n<p><strong>Notas de cata:<\/strong><\/p>\n<p><strong>Color:\u00a0<\/strong>Natural: \u00c1mbar reluciente<\/p>\n<p><strong>Nariz:<\/strong>\u00a0Car\u00e1cter fresco e intenso<\/p>\n<p><strong>Sabor:\u00a0<\/strong>Miel de brezo, pastel de frutas, especias de invierno, naranjas de Sevilla, turba ahumada arom\u00e1tica.<\/p>\n<p><strong>ABV: 40%\u00a0700 ml.<\/strong><\/p>\n","protected":false},"featured_media":15927,"comment_status":"open","ping_status":"closed","template":"","meta":[],"product_brand":[],"product_cat":[32,72],"product_tag":[108,110],"class_list":{"0":"post-15922","1":"product","2":"type-product","3":"status-publish","4":"has-post-thumbnail","6":"product_cat-whisky","7":"product_cat-single-malt","8":"product_tag-single-malt","9":"product_tag-whisky-escoces","11":"first","12":"instock","13":"shipping-taxable","14":"purchasable","15":"product-type-simple"},"_links":{"self":[{"href":"https:\/\/lawhiskeria.cr\/index.php?rest_route=\/wp\/v2\/product\/15922","targetHints":{"allow":["GET"]}}],"collection":[{"href":"https:\/\/lawhiskeria.cr\/index.php?rest_route=\/wp\/v2\/product"}],"about":[{"href":"https:\/\/lawhiskeria.cr\/index.php?rest_route=\/wp\/v2\/types\/product"}],"replies":[{"embeddable":true,"href":"https:\/\/lawhiskeria.cr\/index.php?rest_route=%2Fwp%2Fv2%2Fcomments&post=15922"}],"version-history":[{"count":1,"href":"https:\/\/lawhiskeria.cr\/index.php?rest_route=\/wp\/v2\/product\/15922\/revisions"}],"predecessor-version":[{"id":15924,"href":"https:\/\/lawhiskeria.cr\/index.php?rest_route=\/wp\/v2\/product\/15922\/revisions\/15924"}],"wp:featuredmedia":[{"embeddable":true,"href":"https:\/\/lawhiskeria.cr\/index.php?rest_route=\/wp\/v2\/media\/15927"}],"wp:attachment":[{"href":"https:\/\/lawhiskeria.cr\/index.php?rest_route=%2Fwp%2Fv2%2Fmedia&parent=15922"}],"wp:term":[{"taxonomy":"product_brand","embeddable":true,"href":"https:\/\/lawhiskeria.cr\/index.php?rest_route=%2Fwp%2Fv2%2Fproduct_brand&post=15922"},{"taxonomy":"product_cat","embeddable":true,"href":"https:\/\/lawhiskeria.cr\/index.php?rest_route=%2Fwp%2Fv2%2Fproduct_cat&post=15922"},{"taxonomy":"product_tag","embeddable":true,"href":"https:\/\/lawhiskeria.cr\/index.php?rest_route=%2Fwp%2Fv2%2Fproduct_tag&post=15922"}],"curies":[{"name":"wp","href":"https:\/\/api.w.org\/{rel}","templated":true}]}}