{"id":15919,"date":"2024-03-10T04:16:59","date_gmt":"2024-03-10T04:16:59","guid":{"rendered":"https:\/\/stag.lawhiskeria.cr\/?post_type=product&#038;p=15919"},"modified":"2026-03-23T21:16:16","modified_gmt":"2026-03-23T21:16:16","slug":"highland-park-30-anos","status":"publish","type":"product","link":"https:\/\/lawhiskeria.cr\/?product=highland-park-30-anos","title":{"rendered":"Highland Park 30 a\u00f1os"},"content":{"rendered":"","protected":false},"excerpt":{"rendered":"<p>Crear whiskies distintivos y equilibrados requiere mucho trabajo, habilidad, dedicaci\u00f3n y tiempo: la complejidad armonizada no se puede apresurar. Es por eso que maduramos nuestro robusto y aceitoso licor de nueva creaci\u00f3n durante un tiempo prolongado en una alta proporci\u00f3n de barricas de recarga junto con barricas de roble europeo y americano sazonadas con jerez de primer llenado. El perfil de sabor resultante es una armon\u00eda asombrosamente compleja. Hay esa dulzura dulce que se encuentra en las expresiones m\u00e1s maduras de Highland Park, pero aqu\u00ed se combina con capas de especias arom\u00e1ticas y notas de turba floral y chocolate negro. El resultado de 30 a\u00f1os de maduraci\u00f3n en el paisaje tormentoso y azotado por el viento de Orkney.<\/p>\n<p><strong>Notas de cata<\/strong><\/p>\n<p><strong>Color:\u00a0<\/strong>Dorado con toques de \u00e1mbar.\u00a0<strong>(Color natural)<\/strong><\/p>\n<p><strong>Sanor:\u00a0<\/strong>Nuez moscada | Naranja chocolate oscuro | Humo de turba arom\u00e1tica | Bud\u00edn de caramelo pegajoso | Sal marina,<\/p>\n<p><strong>ABV 45,7% Volumen 700ml<\/strong><\/p>\n","protected":false},"featured_media":15920,"comment_status":"open","ping_status":"closed","template":"","meta":[],"product_brand":[],"product_cat":[32,72],"product_tag":[108,110],"class_list":{"0":"post-15919","1":"product","2":"type-product","3":"status-publish","4":"has-post-thumbnail","6":"product_cat-whisky","7":"product_cat-single-malt","8":"product_tag-single-malt","9":"product_tag-whisky-escoces","11":"first","12":"instock","13":"shipping-taxable","14":"purchasable","15":"product-type-simple"},"_links":{"self":[{"href":"https:\/\/lawhiskeria.cr\/index.php?rest_route=\/wp\/v2\/product\/15919","targetHints":{"allow":["GET"]}}],"collection":[{"href":"https:\/\/lawhiskeria.cr\/index.php?rest_route=\/wp\/v2\/product"}],"about":[{"href":"https:\/\/lawhiskeria.cr\/index.php?rest_route=\/wp\/v2\/types\/product"}],"replies":[{"embeddable":true,"href":"https:\/\/lawhiskeria.cr\/index.php?rest_route=%2Fwp%2Fv2%2Fcomments&post=15919"}],"version-history":[{"count":1,"href":"https:\/\/lawhiskeria.cr\/index.php?rest_route=\/wp\/v2\/product\/15919\/revisions"}],"predecessor-version":[{"id":15921,"href":"https:\/\/lawhiskeria.cr\/index.php?rest_route=\/wp\/v2\/product\/15919\/revisions\/15921"}],"wp:featuredmedia":[{"embeddable":true,"href":"https:\/\/lawhiskeria.cr\/index.php?rest_route=\/wp\/v2\/media\/15920"}],"wp:attachment":[{"href":"https:\/\/lawhiskeria.cr\/index.php?rest_route=%2Fwp%2Fv2%2Fmedia&parent=15919"}],"wp:term":[{"taxonomy":"product_brand","embeddable":true,"href":"https:\/\/lawhiskeria.cr\/index.php?rest_route=%2Fwp%2Fv2%2Fproduct_brand&post=15919"},{"taxonomy":"product_cat","embeddable":true,"href":"https:\/\/lawhiskeria.cr\/index.php?rest_route=%2Fwp%2Fv2%2Fproduct_cat&post=15919"},{"taxonomy":"product_tag","embeddable":true,"href":"https:\/\/lawhiskeria.cr\/index.php?rest_route=%2Fwp%2Fv2%2Fproduct_tag&post=15919"}],"curies":[{"name":"wp","href":"https:\/\/api.w.org\/{rel}","templated":true}]}}