{"id":15916,"date":"2024-03-10T04:13:06","date_gmt":"2024-03-10T04:13:06","guid":{"rendered":"https:\/\/stag.lawhiskeria.cr\/?post_type=product&#038;p=15916"},"modified":"2026-03-23T21:12:25","modified_gmt":"2026-03-23T21:12:25","slug":"highland-park-25-anos","status":"publish","type":"product","link":"https:\/\/lawhiskeria.cr\/?product=highland-park-25-anos","title":{"rendered":"Highland Park 25 a\u00f1os"},"content":{"rendered":"","protected":false},"excerpt":{"rendered":"<p>Es cierto, dar vida a un extraordinario y excepcionalmente equilibrado whisky de 25 a\u00f1os no es f\u00e1cil. Pero, de nuevo, nada que valga la pena nunca lo es. Todos esos a\u00f1os de envejecimiento en una combinaci\u00f3n de barricas de roble europeo y americano sazonadas con jerez de primer llenado y barricas de bourbon, en nuestro clima templado de las Orcadas, ha dado como resultado un whisky con una profundidad inmensa y una dulzura vibrante. Este single malt de gran cuerpo tiene un rico y especiado sabor a nuez, equilibrado con dulces frutos secos, caramelo y dulce de az\u00facar. Ha sido nombrado &#8220;Mejor licor del mundo&#8221; por el famoso escritor de whisky Paul Pacult en el Spirit Journal. Estamos orgullosos de cada botella de whisky en la que ponemos nuestro nombre. Pero tenemos que admitir que este single malt es realmente especial.<\/p>\n<p><strong>Notas de cata:<\/strong><\/p>\n<p><strong>Color:<\/strong>\u00a0Dorado con c\u00e1lidos toques de cobre. (Color natural)<\/p>\n<p><strong>Sabor:<\/strong>\u00a0Chocolate negro | Dulce de az\u00facar | Miel de brezo | Caramelo de nuez | Frutas secas<\/p>\n<p><strong>ABV 45,7% Volumen 700ml<\/strong><\/p>\n","protected":false},"featured_media":15917,"comment_status":"open","ping_status":"closed","template":"","meta":[],"product_brand":[],"product_cat":[32,72],"product_tag":[108,110],"class_list":{"0":"post-15916","1":"product","2":"type-product","3":"status-publish","4":"has-post-thumbnail","6":"product_cat-whisky","7":"product_cat-single-malt","8":"product_tag-single-malt","9":"product_tag-whisky-escoces","11":"first","12":"instock","13":"shipping-taxable","14":"purchasable","15":"product-type-simple"},"_links":{"self":[{"href":"https:\/\/lawhiskeria.cr\/index.php?rest_route=\/wp\/v2\/product\/15916","targetHints":{"allow":["GET"]}}],"collection":[{"href":"https:\/\/lawhiskeria.cr\/index.php?rest_route=\/wp\/v2\/product"}],"about":[{"href":"https:\/\/lawhiskeria.cr\/index.php?rest_route=\/wp\/v2\/types\/product"}],"replies":[{"embeddable":true,"href":"https:\/\/lawhiskeria.cr\/index.php?rest_route=%2Fwp%2Fv2%2Fcomments&post=15916"}],"version-history":[{"count":1,"href":"https:\/\/lawhiskeria.cr\/index.php?rest_route=\/wp\/v2\/product\/15916\/revisions"}],"predecessor-version":[{"id":15918,"href":"https:\/\/lawhiskeria.cr\/index.php?rest_route=\/wp\/v2\/product\/15916\/revisions\/15918"}],"wp:featuredmedia":[{"embeddable":true,"href":"https:\/\/lawhiskeria.cr\/index.php?rest_route=\/wp\/v2\/media\/15917"}],"wp:attachment":[{"href":"https:\/\/lawhiskeria.cr\/index.php?rest_route=%2Fwp%2Fv2%2Fmedia&parent=15916"}],"wp:term":[{"taxonomy":"product_brand","embeddable":true,"href":"https:\/\/lawhiskeria.cr\/index.php?rest_route=%2Fwp%2Fv2%2Fproduct_brand&post=15916"},{"taxonomy":"product_cat","embeddable":true,"href":"https:\/\/lawhiskeria.cr\/index.php?rest_route=%2Fwp%2Fv2%2Fproduct_cat&post=15916"},{"taxonomy":"product_tag","embeddable":true,"href":"https:\/\/lawhiskeria.cr\/index.php?rest_route=%2Fwp%2Fv2%2Fproduct_tag&post=15916"}],"curies":[{"name":"wp","href":"https:\/\/api.w.org\/{rel}","templated":true}]}}